{"id":25,"date":"2019-03-26T11:22:09","date_gmt":"2019-03-26T10:22:09","guid":{"rendered":"https:\/\/www.omcd.it\/ugp\/?page_id=25"},"modified":"2023-04-21T16:54:18","modified_gmt":"2023-04-21T14:54:18","slug":"homepage","status":"publish","type":"page","link":"https:\/\/www.omcd.it\/ugp\/it\/","title":{"rendered":"Homepage"},"content":{"rendered":"<h2>UGP \u00e8 il marchio del gruppo OMCD specializzata nella <strong>rettifica di componenti speciali in Metallo Duro<\/strong>.<\/h2>\n<p>Partner del gruppo dal 2001, pu\u00f2 vantare il <strong>controllo dell\u2019intera filiera<\/strong> di prodotto, acquistando grezzi e sbozzati dalle societ\u00e0 del gruppo e garantendo, cos\u00ec, gli elevati standard di qualit\u00e0 che il mercato richiede.<\/p>\n<p><a class=\"btn btn--link\" style=\"font-size: 24px; margin-top: 10px;\" href=\"\/ugp\/chi-siamo\">Chi siamo<\/a><\/p>\n","protected":false},"excerpt":{"rendered":"<p>UGP \u00e8 il marchio del gruppo OMCD specializzata nella rettifica [&hellip;]<\/p>\n","protected":false},"author":2,"featured_media":0,"parent":0,"menu_order":0,"comment_status":"closed","ping_status":"closed","template":"","meta":{"_acf_changed":false,"site-sidebar-layout":"no-sidebar","site-content-layout":"page-builder","ast-site-content-layout":"","site-content-style":"default","site-sidebar-style":"default","ast-global-header-display":"","ast-banner-title-visibility":"","ast-main-header-display":"","ast-hfb-above-header-display":"","ast-hfb-below-header-display":"","ast-hfb-mobile-header-display":"","site-post-title":"disabled","ast-breadcrumbs-content":"","ast-featured-img":"","footer-sml-layout":"","theme-transparent-header-meta":"default","adv-header-id-meta":"","stick-header-meta":"default","header-above-stick-meta":"","header-main-stick-meta":"","header-below-stick-meta":"","astra-migrate-meta-layouts":"default","ast-page-background-enabled":"default","ast-page-background-meta":{"desktop":{"background-color":"","background-image":"","background-repeat":"repeat","background-position":"center center","background-size":"auto","background-attachment":"scroll","background-type":"","background-media":"","overlay-type":"","overlay-color":"","overlay-opacity":"","overlay-gradient":""},"tablet":{"background-color":"","background-image":"","background-repeat":"repeat","background-position":"center center","background-size":"auto","background-attachment":"scroll","background-type":"","background-media":"","overlay-type":"","overlay-color":"","overlay-opacity":"","overlay-gradient":""},"mobile":{"background-color":"","background-image":"","background-repeat":"repeat","background-position":"center center","background-size":"auto","background-attachment":"scroll","background-type":"","background-media":"","overlay-type":"","overlay-color":"","overlay-opacity":"","overlay-gradient":""}},"ast-content-background-meta":{"desktop":{"background-color":"var(--ast-global-color-5)","background-image":"","background-repeat":"repeat","background-position":"center center","background-size":"auto","background-attachment":"scroll","background-type":"","background-media":"","overlay-type":"","overlay-color":"","overlay-opacity":"","overlay-gradient":""},"tablet":{"background-color":"var(--ast-global-color-5)","background-image":"","background-repeat":"repeat","background-position":"center center","background-size":"auto","background-attachment":"scroll","background-type":"","background-media":"","overlay-type":"","overlay-color":"","overlay-opacity":"","overlay-gradient":""},"mobile":{"background-color":"var(--ast-global-color-5)","background-image":"","background-repeat":"repeat","background-position":"center center","background-size":"auto","background-attachment":"scroll","background-type":"","background-media":"","overlay-type":"","overlay-color":"","overlay-opacity":"","overlay-gradient":""}},"footnotes":""},"class_list":["post-25","page","type-page","status-publish","hentry"],"acf":[],"aioseo_notices":[],"_links":{"self":[{"href":"https:\/\/www.omcd.it\/ugp\/it\/wp-json\/wp\/v2\/pages\/25","targetHints":{"allow":["GET"]}}],"collection":[{"href":"https:\/\/www.omcd.it\/ugp\/it\/wp-json\/wp\/v2\/pages"}],"about":[{"href":"https:\/\/www.omcd.it\/ugp\/it\/wp-json\/wp\/v2\/types\/page"}],"author":[{"embeddable":true,"href":"https:\/\/www.omcd.it\/ugp\/it\/wp-json\/wp\/v2\/users\/2"}],"replies":[{"embeddable":true,"href":"https:\/\/www.omcd.it\/ugp\/it\/wp-json\/wp\/v2\/comments?post=25"}],"version-history":[{"count":54,"href":"https:\/\/www.omcd.it\/ugp\/it\/wp-json\/wp\/v2\/pages\/25\/revisions"}],"predecessor-version":[{"id":775,"href":"https:\/\/www.omcd.it\/ugp\/it\/wp-json\/wp\/v2\/pages\/25\/revisions\/775"}],"wp:attachment":[{"href":"https:\/\/www.omcd.it\/ugp\/it\/wp-json\/wp\/v2\/media?parent=25"}],"curies":[{"name":"wp","href":"https:\/\/api.w.org\/{rel}","templated":true}]}}