{"id":2169,"date":"2019-03-27T09:31:40","date_gmt":"2019-03-27T08:31:40","guid":{"rendered":"https:\/\/www.omcd.it\/scleros\/download\/"},"modified":"2026-03-10T14:11:48","modified_gmt":"2026-03-10T13:11:48","slug":"telechargements","status":"publish","type":"page","link":"https:\/\/www.omcd.it\/scleros\/fr\/telechargements\/","title":{"rendered":"T\u00e9l\u00e9chargements"},"content":{"rendered":"<p lang=\"fr-FR\">Vous avez besoin d&rsquo;informations techniques plus sp\u00e9cifiques?<\/p>\n<p lang=\"fr-FR\">Dans cette section, vous trouverez du mat\u00e9riel \u00e0 consulter et \u00e0 t\u00e9l\u00e9charger gratuitement.<\/p>\n<div class=\"general-files\">    <div class=\"download\">\n        <div class=\"download__title\">\n            Politique de qualit\u00e9        <\/div>\n                <div class=\"download__file\">\n            <a download href=\"https:\/\/www.omcd.it\/scleros\/wp-content\/uploads\/SCLEROS_PoliticaQualita_2025_ENG.pdf\">\n                <i class=\"fas fa-long-arrow-alt-down\"><\/i>\n            <\/a>\n        <\/div>\n    <\/div>\n<\/div>   <!-- <div class=\"docs-filter\">\n        <b>Filtra documenti<\/b>\n        <select name=\"categories\" id=\"categories\" class=\"js-filter-categories\">\n            <option value=\"null\">Seleziona categoria<\/option>\n                            <option value=\"catalogues\">Catalogues<\/option>\n                            <option value=\"certificats-iso\">Certificats ISO<\/option>\n                    <\/select>\n    <\/div>-->\n<div class=\"categorized-files\" id=\"catalogues\"><h5>Catalogues<\/h5>    <div class=\"download\">\n        <div class=\"download__title\">\n            Profil de la marque        <\/div>\n                    <div class=\"download__category\">\n                Catalogues            <\/div>\n                <div class=\"download__file\">\n            <a download href=\"https:\/\/www.omcd.it\/scleros\/wp-content\/uploads\/CompanyProfile_SCLEROS_FRA_26.pdf\">\n                <i class=\"fas fa-long-arrow-alt-down\"><\/i>\n            <\/a>\n        <\/div>\n    <\/div>\n    <div class=\"download\">\n        <div class=\"download__title\">\n            Catalogue Tr\u00e9filage        <\/div>\n                    <div class=\"download__category\">\n                Catalogues            <\/div>\n                <div class=\"download__file\">\n            <a download href=\"https:\/\/www.omcd.it\/scleros\/wp-content\/uploads\/Scleros_Trafilatura_FR.pdf\">\n                <i class=\"fas fa-long-arrow-alt-down\"><\/i>\n            <\/a>\n        <\/div>\n    <\/div>\n    <div class=\"download\">\n        <div class=\"download__title\">\n            Packaging&Closures        <\/div>\n                    <div class=\"download__category\">\n                Catalogues            <\/div>\n                <div class=\"download__file\">\n            <a download href=\"https:\/\/www.omcd.it\/scleros\/wp-content\/uploads\/SCLEROS_090925_PackagingClosures_FRA.pdf\">\n                <i class=\"fas fa-long-arrow-alt-down\"><\/i>\n            <\/a>\n        <\/div>\n    <\/div>\n    <div class=\"download\">\n        <div class=\"download__title\">\n            R&C BLOCKS        <\/div>\n                    <div class=\"download__category\">\n                Catalogues            <\/div>\n                <div class=\"download__file\">\n            <a download href=\"https:\/\/www.omcd.it\/scleros\/wp-content\/uploads\/Volantino-A5-Scleros-Patented_web.pdf\">\n                <i class=\"fas fa-long-arrow-alt-down\"><\/i>\n            <\/a>\n        <\/div>\n    <\/div>\n<\/div><div class=\"categorized-files\" id=\"certificats-iso\"><h5>Certificats ISO<\/h5>    <div class=\"download\">\n        <div class=\"download__title\">\n            ISO 9001:2015        <\/div>\n                    <div class=\"download__category\">\n                Certificats ISO            <\/div>\n                <div class=\"download__file\">\n            <a download href=\"https:\/\/www.omcd.it\/scleros\/wp-content\/uploads\/Scleros_Certificato-ISO-9001-RINA_e_IQNET_scadenza-08.09.2027.pdf\">\n                <i class=\"fas fa-long-arrow-alt-down\"><\/i>\n            <\/a>\n        <\/div>\n    <\/div>\n<\/div>\n","protected":false},"excerpt":{"rendered":"<p>Vous avez besoin d&rsquo;informations techniques plus sp\u00e9cifiques? Dans cette section, [&hellip;]<\/p>\n","protected":false},"author":2,"featured_media":0,"parent":0,"menu_order":0,"comment_status":"closed","ping_status":"closed","template":"","meta":{"_acf_changed":false,"site-sidebar-layout":"default","site-content-layout":"default","ast-site-content-layout":"default","site-content-style":"default","site-sidebar-style":"default","ast-global-header-display":"","ast-banner-title-visibility":"","ast-main-header-display":"","ast-hfb-above-header-display":"","ast-hfb-below-header-display":"","ast-hfb-mobile-header-display":"","site-post-title":"","ast-breadcrumbs-content":"","ast-featured-img":"","footer-sml-layout":"","theme-transparent-header-meta":"default","adv-header-id-meta":"","stick-header-meta":"default","header-above-stick-meta":"","header-main-stick-meta":"","header-below-stick-meta":"","astra-migrate-meta-layouts":"set","ast-page-background-enabled":"default","ast-page-background-meta":{"desktop":{"background-color":"","background-image":"","background-repeat":"repeat","background-position":"center center","background-size":"auto","background-attachment":"scroll","background-type":"","background-media":"","overlay-type":"","overlay-color":"","overlay-opacity":"","overlay-gradient":""},"tablet":{"background-color":"","background-image":"","background-repeat":"repeat","background-position":"center center","background-size":"auto","background-attachment":"scroll","background-type":"","background-media":"","overlay-type":"","overlay-color":"","overlay-opacity":"","overlay-gradient":""},"mobile":{"background-color":"","background-image":"","background-repeat":"repeat","background-position":"center center","background-size":"auto","background-attachment":"scroll","background-type":"","background-media":"","overlay-type":"","overlay-color":"","overlay-opacity":"","overlay-gradient":""}},"ast-content-background-meta":{"desktop":{"background-color":"var(--ast-global-color-5)","background-image":"","background-repeat":"repeat","background-position":"center center","background-size":"auto","background-attachment":"scroll","background-type":"","background-media":"","overlay-type":"","overlay-color":"","overlay-opacity":"","overlay-gradient":""},"tablet":{"background-color":"var(--ast-global-color-5)","background-image":"","background-repeat":"repeat","background-position":"center center","background-size":"auto","background-attachment":"scroll","background-type":"","background-media":"","overlay-type":"","overlay-color":"","overlay-opacity":"","overlay-gradient":""},"mobile":{"background-color":"var(--ast-global-color-5)","background-image":"","background-repeat":"repeat","background-position":"center center","background-size":"auto","background-attachment":"scroll","background-type":"","background-media":"","overlay-type":"","overlay-color":"","overlay-opacity":"","overlay-gradient":""}},"footnotes":""},"class_list":["post-2169","page","type-page","status-publish","hentry"],"acf":[],"aioseo_notices":[],"_links":{"self":[{"href":"https:\/\/www.omcd.it\/scleros\/fr\/wp-json\/wp\/v2\/pages\/2169","targetHints":{"allow":["GET"]}}],"collection":[{"href":"https:\/\/www.omcd.it\/scleros\/fr\/wp-json\/wp\/v2\/pages"}],"about":[{"href":"https:\/\/www.omcd.it\/scleros\/fr\/wp-json\/wp\/v2\/types\/page"}],"author":[{"embeddable":true,"href":"https:\/\/www.omcd.it\/scleros\/fr\/wp-json\/wp\/v2\/users\/2"}],"replies":[{"embeddable":true,"href":"https:\/\/www.omcd.it\/scleros\/fr\/wp-json\/wp\/v2\/comments?post=2169"}],"version-history":[{"count":15,"href":"https:\/\/www.omcd.it\/scleros\/fr\/wp-json\/wp\/v2\/pages\/2169\/revisions"}],"predecessor-version":[{"id":2845,"href":"https:\/\/www.omcd.it\/scleros\/fr\/wp-json\/wp\/v2\/pages\/2169\/revisions\/2845"}],"wp:attachment":[{"href":"https:\/\/www.omcd.it\/scleros\/fr\/wp-json\/wp\/v2\/media?parent=2169"}],"curies":[{"name":"wp","href":"https:\/\/api.w.org\/{rel}","templated":true}]}}