{"id":2156,"date":"2019-11-22T12:47:40","date_gmt":"2019-11-22T11:47:40","guid":{"rendered":"https:\/\/www.omcd.it\/scleros\/cosa-facciamo\/"},"modified":"2022-11-22T15:52:56","modified_gmt":"2022-11-22T14:52:56","slug":"ce-que-nous-faisons","status":"publish","type":"page","link":"https:\/\/www.omcd.it\/scleros\/fr\/ce-que-nous-faisons\/","title":{"rendered":"Ce que nous faisons"},"content":{"rendered":"<p>Chaque secteur de production Scleros est \u00e9quip\u00e9 d&rsquo;<strong>appareillage et de machines de pointe<\/strong>. De plus, notre personnel, gr\u00e2ce \u00e0 une <strong>exp\u00e9rience de plusieurs dizaines d&rsquo;ann\u00e9es<\/strong>, se caract\u00e9rise par des <strong>comp\u00e9tences techniques et d&rsquo;application \u00e9lev\u00e9es<\/strong>. Ces \u00e9l\u00e9ments combin\u00e9s permettent \u00e0 l&rsquo;entreprise d&rsquo;\u00eatre une excellence dans son domaine:<\/p>\n<ul>\n<li>\u00a0Le <strong>secteur m\u00e9canique<\/strong> dispose de tours \u00e0 commande num\u00e9rique et d&rsquo;une fraiseuse \u00e0 4 axes, gr\u00e2ce auxquels il est possible de r\u00e9aliser des op\u00e9rations d&rsquo;usinage tr\u00e8s complexes.<\/li>\n<li>\u00a0Le <strong>d\u00e9partement de meulage <\/strong>comporte des machines extr\u00eamement rigides, sp\u00e9cialement con\u00e7ues pour l&rsquo;usinage du m\u00e9tal dur, qui permettent la rectification interne, externe et le profilage avec efficacit\u00e9, pr\u00e9cision et une excellente finition de surface. Une rectifieuse \u00e0 5 axes permet \u00e9galement d&rsquo;usiner des g\u00e9om\u00e9tries articul\u00e9es.<\/li>\n<li>\u00a0L&rsquo;<strong>\u00eelot \u00e9lectro\u00e9rosion<\/strong> offre \u00e0 la fois la technologie par enfon\u00e7age et celle de la d\u00e9coupe par fil.<\/li>\n<li>En plus de la m\u00e9thode d&rsquo;\u00e9lectro\u00e9rosion la plus courante, nous r\u00e9alisons l&rsquo;\u00e9lectro\u00e9rosion \u00e0 l&rsquo;huile, qui permet d&rsquo;obtenir de meilleures performances en termes de pr\u00e9cision et de finition. En utilisant des fils d&rsquo;un diam\u00e8tre inf\u00e9rieur \u00e0 0,15 mm, nous sommes \u00e9galement en mesure de d\u00e9couper des formes avec de tr\u00e8s petits rayons.<br \/>\nEn ce qui concerne l&rsquo;\u00e9lectro\u00e9rosion par enfon\u00e7age, nous sommes \u00e9quip\u00e9s d&rsquo;une fraiseuse \u00e0 3 axes pouvant atteindre 25 000 tours, utilis\u00e9e pour la production d&rsquo;\u00e9lectrodes.<\/li>\n<li>Dans le <strong>secteur du polissage<\/strong>, en plus des machines manuelles, nous utilisons des machines automatiques qui nous permettent de mieux g\u00e9rer le processus et sont capables de r\u00e9aliser une rugosit\u00e9 inf\u00e9rieure \u00e0 Ra 0,05.<\/li>\n<li>\u00a0Produisant des \u00e9quipements avec des tol\u00e9rances dimensionnelles millim\u00e9triques et des formes complexes, notre <strong>secteur de contr\u00f4le<\/strong> est syst\u00e9matiquement \u00e9quip\u00e9 des machines optiques-tactiles les plus r\u00e9centes, qui v\u00e9rifient et certifient la conformit\u00e9 aux sp\u00e9cifications du client.<\/li>\n<li>\u00a0Nous disposons \u00e9galement d&rsquo;un <strong>bureau technique<\/strong> poss\u00e9dant une connaissance approfondie des applications et de la conception 3D, essentielle pour transformer les exigences du client en un produit.<\/li>\n<\/ul>\n","protected":false},"excerpt":{"rendered":"<p>Chaque secteur de production Scleros est \u00e9quip\u00e9 d&rsquo;appareillage et de [&hellip;]<\/p>\n","protected":false},"author":2,"featured_media":1985,"parent":0,"menu_order":0,"comment_status":"closed","ping_status":"closed","template":"cosafacciamo.php","meta":{"_acf_changed":false,"site-sidebar-layout":"default","site-content-layout":"default","ast-site-content-layout":"","site-content-style":"default","site-sidebar-style":"default","ast-global-header-display":"","ast-banner-title-visibility":"","ast-main-header-display":"","ast-hfb-above-header-display":"","ast-hfb-below-header-display":"","ast-hfb-mobile-header-display":"","site-post-title":"","ast-breadcrumbs-content":"","ast-featured-img":"","footer-sml-layout":"","theme-transparent-header-meta":"default","adv-header-id-meta":"","stick-header-meta":"default","header-above-stick-meta":"","header-main-stick-meta":"","header-below-stick-meta":"","astra-migrate-meta-layouts":"default","ast-page-background-enabled":"default","ast-page-background-meta":{"desktop":{"background-color":"","background-image":"","background-repeat":"repeat","background-position":"center center","background-size":"auto","background-attachment":"scroll","background-type":"","background-media":"","overlay-type":"","overlay-color":"","overlay-opacity":"","overlay-gradient":""},"tablet":{"background-color":"","background-image":"","background-repeat":"repeat","background-position":"center center","background-size":"auto","background-attachment":"scroll","background-type":"","background-media":"","overlay-type":"","overlay-color":"","overlay-opacity":"","overlay-gradient":""},"mobile":{"background-color":"","background-image":"","background-repeat":"repeat","background-position":"center center","background-size":"auto","background-attachment":"scroll","background-type":"","background-media":"","overlay-type":"","overlay-color":"","overlay-opacity":"","overlay-gradient":""}},"ast-content-background-meta":{"desktop":{"background-color":"var(--ast-global-color-5)","background-image":"","background-repeat":"repeat","background-position":"center center","background-size":"auto","background-attachment":"scroll","background-type":"","background-media":"","overlay-type":"","overlay-color":"","overlay-opacity":"","overlay-gradient":""},"tablet":{"background-color":"var(--ast-global-color-5)","background-image":"","background-repeat":"repeat","background-position":"center center","background-size":"auto","background-attachment":"scroll","background-type":"","background-media":"","overlay-type":"","overlay-color":"","overlay-opacity":"","overlay-gradient":""},"mobile":{"background-color":"var(--ast-global-color-5)","background-image":"","background-repeat":"repeat","background-position":"center center","background-size":"auto","background-attachment":"scroll","background-type":"","background-media":"","overlay-type":"","overlay-color":"","overlay-opacity":"","overlay-gradient":""}},"footnotes":""},"class_list":["post-2156","page","type-page","status-publish","has-post-thumbnail","hentry"],"acf":[],"aioseo_notices":[],"_links":{"self":[{"href":"https:\/\/www.omcd.it\/scleros\/fr\/wp-json\/wp\/v2\/pages\/2156","targetHints":{"allow":["GET"]}}],"collection":[{"href":"https:\/\/www.omcd.it\/scleros\/fr\/wp-json\/wp\/v2\/pages"}],"about":[{"href":"https:\/\/www.omcd.it\/scleros\/fr\/wp-json\/wp\/v2\/types\/page"}],"author":[{"embeddable":true,"href":"https:\/\/www.omcd.it\/scleros\/fr\/wp-json\/wp\/v2\/users\/2"}],"replies":[{"embeddable":true,"href":"https:\/\/www.omcd.it\/scleros\/fr\/wp-json\/wp\/v2\/comments?post=2156"}],"version-history":[{"count":2,"href":"https:\/\/www.omcd.it\/scleros\/fr\/wp-json\/wp\/v2\/pages\/2156\/revisions"}],"predecessor-version":[{"id":2158,"href":"https:\/\/www.omcd.it\/scleros\/fr\/wp-json\/wp\/v2\/pages\/2156\/revisions\/2158"}],"wp:featuredmedia":[{"embeddable":true,"href":"https:\/\/www.omcd.it\/scleros\/fr\/wp-json\/wp\/v2\/media\/1985"}],"wp:attachment":[{"href":"https:\/\/www.omcd.it\/scleros\/fr\/wp-json\/wp\/v2\/media?parent=2156"}],"curies":[{"name":"wp","href":"https:\/\/api.w.org\/{rel}","templated":true}]}}