{"id":2151,"date":"2019-03-27T09:31:31","date_gmt":"2019-03-27T08:31:31","guid":{"rendered":"https:\/\/www.omcd.it\/scleros\/chi-siamo\/"},"modified":"2025-07-03T10:52:53","modified_gmt":"2025-07-03T08:52:53","slug":"qui-nous-sommes","status":"publish","type":"page","link":"https:\/\/www.omcd.it\/scleros\/fr\/qui-nous-sommes\/","title":{"rendered":"Qui nous sommes"},"content":{"rendered":"<p>Scleros est une entreprise \u00e0 la forte identit\u00e9 italienne, fond\u00e9e en 1948, propri\u00e9t\u00e9 exclusive de la famille qui la d\u00e9tient et la dirige depuis plus de 70 ans. V\u00e9ritablement exemplaire, symbole de r\u00e9ussite et d&rsquo;excellence dans l&rsquo;industrie du m\u00e9tal dur, elle est pr\u00e9sente dans plus de 50 pays dans le monde.<\/p>\n<p>L&rsquo;\u00e9tymologie de son nom d\u00e9rive du grec [\u03a3\u03ba\u03bb\u03b7\u03c1\u03cc\u03c2 \u00ab\u00a0dur\u00a0\u00bb], qui exprime parfaitement son identit\u00e9. Son c\u0153ur de m\u00e9tier est en effet constitu\u00e9 des <strong>m\u00e9taux durs et de leur usinage<\/strong>, qui donnent naissance \u00e0 une vaste gamme <strong>d&rsquo;outils sp\u00e9ciaux finis, aussi bien standards que personnalis\u00e9s<\/strong>.<\/p>\n<p>Un pr\u00e9cieux savoir-faire en constante \u00e9volution et acquis au fil des ans, une parfaite flexibilit\u00e9 \u00e9conomique-productive orient\u00e9e \u00e0 la satisfaction du client et des investissements continus dans des machines innovantes font de Scleros le <strong>fleuron des usines d&rsquo;outillage italiennes<\/strong> et le <strong>partenaire id\u00e9al<\/strong> pour un succ\u00e8s garanti.<\/p>\n","protected":false},"excerpt":{"rendered":"<p>Scleros est une entreprise \u00e0 la forte identit\u00e9 italienne, fond\u00e9e [&hellip;]<\/p>\n","protected":false},"author":2,"featured_media":1926,"parent":0,"menu_order":0,"comment_status":"closed","ping_status":"closed","template":"","meta":{"_acf_changed":false,"site-sidebar-layout":"default","site-content-layout":"default","ast-site-content-layout":"default","site-content-style":"default","site-sidebar-style":"default","ast-global-header-display":"","ast-banner-title-visibility":"","ast-main-header-display":"","ast-hfb-above-header-display":"","ast-hfb-below-header-display":"","ast-hfb-mobile-header-display":"","site-post-title":"","ast-breadcrumbs-content":"","ast-featured-img":"","footer-sml-layout":"","theme-transparent-header-meta":"default","adv-header-id-meta":"","stick-header-meta":"default","header-above-stick-meta":"","header-main-stick-meta":"","header-below-stick-meta":"","astra-migrate-meta-layouts":"set","ast-page-background-enabled":"default","ast-page-background-meta":{"desktop":{"background-color":"","background-image":"","background-repeat":"repeat","background-position":"center center","background-size":"auto","background-attachment":"scroll","background-type":"","background-media":"","overlay-type":"","overlay-color":"","overlay-opacity":"","overlay-gradient":""},"tablet":{"background-color":"","background-image":"","background-repeat":"repeat","background-position":"center center","background-size":"auto","background-attachment":"scroll","background-type":"","background-media":"","overlay-type":"","overlay-color":"","overlay-opacity":"","overlay-gradient":""},"mobile":{"background-color":"","background-image":"","background-repeat":"repeat","background-position":"center center","background-size":"auto","background-attachment":"scroll","background-type":"","background-media":"","overlay-type":"","overlay-color":"","overlay-opacity":"","overlay-gradient":""}},"ast-content-background-meta":{"desktop":{"background-color":"var(--ast-global-color-5)","background-image":"","background-repeat":"repeat","background-position":"center center","background-size":"auto","background-attachment":"scroll","background-type":"","background-media":"","overlay-type":"","overlay-color":"","overlay-opacity":"","overlay-gradient":""},"tablet":{"background-color":"var(--ast-global-color-5)","background-image":"","background-repeat":"repeat","background-position":"center center","background-size":"auto","background-attachment":"scroll","background-type":"","background-media":"","overlay-type":"","overlay-color":"","overlay-opacity":"","overlay-gradient":""},"mobile":{"background-color":"var(--ast-global-color-5)","background-image":"","background-repeat":"repeat","background-position":"center center","background-size":"auto","background-attachment":"scroll","background-type":"","background-media":"","overlay-type":"","overlay-color":"","overlay-opacity":"","overlay-gradient":""}},"footnotes":""},"class_list":["post-2151","page","type-page","status-publish","has-post-thumbnail","hentry"],"acf":[],"aioseo_notices":[],"_links":{"self":[{"href":"https:\/\/www.omcd.it\/scleros\/fr\/wp-json\/wp\/v2\/pages\/2151","targetHints":{"allow":["GET"]}}],"collection":[{"href":"https:\/\/www.omcd.it\/scleros\/fr\/wp-json\/wp\/v2\/pages"}],"about":[{"href":"https:\/\/www.omcd.it\/scleros\/fr\/wp-json\/wp\/v2\/types\/page"}],"author":[{"embeddable":true,"href":"https:\/\/www.omcd.it\/scleros\/fr\/wp-json\/wp\/v2\/users\/2"}],"replies":[{"embeddable":true,"href":"https:\/\/www.omcd.it\/scleros\/fr\/wp-json\/wp\/v2\/comments?post=2151"}],"version-history":[{"count":7,"href":"https:\/\/www.omcd.it\/scleros\/fr\/wp-json\/wp\/v2\/pages\/2151\/revisions"}],"predecessor-version":[{"id":2683,"href":"https:\/\/www.omcd.it\/scleros\/fr\/wp-json\/wp\/v2\/pages\/2151\/revisions\/2683"}],"wp:featuredmedia":[{"embeddable":true,"href":"https:\/\/www.omcd.it\/scleros\/fr\/wp-json\/wp\/v2\/media\/1926"}],"wp:attachment":[{"href":"https:\/\/www.omcd.it\/scleros\/fr\/wp-json\/wp\/v2\/media?parent=2151"}],"curies":[{"name":"wp","href":"https:\/\/api.w.org\/{rel}","templated":true}]}}