{"id":2103,"date":"2019-03-26T11:22:09","date_gmt":"2019-03-26T10:22:09","guid":{"rendered":"https:\/\/www.omcd.it\/scleros\/homepage\/"},"modified":"2025-06-23T10:11:28","modified_gmt":"2025-06-23T08:11:28","slug":"homepage","status":"publish","type":"page","link":"https:\/\/www.omcd.it\/scleros\/fr\/","title":{"rendered":"Accueil"},"content":{"rendered":"<h2>Scleros, soci\u00e9t\u00e9 m\u00e8re du groupe OMCD, a \u00e9t\u00e9 la premi\u00e8re entreprise du groupe \u00e0 op\u00e9rer dans<\/strong> l&rsquo;usinage des m\u00e9taux durs, se sp\u00e9cialisant dans la conception et la production d&rsquo;\u00e9quipements de haute pr\u00e9cision.<\/strong>.<\/h2>\n<p>Les syst\u00e8mes de production complexes et en constante \u00e9volution qui caract\u00e9risent le monde industriel d&rsquo;aujourd&rsquo;hui n\u00e9cessitent des outils de valeur \u00e9lev\u00e9e en mesure d&rsquo;am\u00e9liorer <strong>l&rsquo;efficacit\u00e9 de la production de la client\u00e8le<\/strong>. Scleros r\u00e9pond \u00e0 ce besoin en proposant des produits de <strong>haute qualit\u00e9 : performants, durables et dot\u00e9s d&rsquo;un haut degr\u00e9 de pr\u00e9cision et de finition<\/strong>.<\/p>\n<p>Pour atteindre cet objectif, Scleros s&rsquo;est \u00e9quip\u00e9e de <strong>machines et instruments de pointe<\/strong>, qu&rsquo;elle am\u00e9liore et d\u00e9veloppe constamment. Des machines de meulage et d&rsquo;\u00e9lectro\u00e9rosion de derni\u00e8re g\u00e9n\u00e9ration, ainsi que des appareils de contr\u00f4le opto-tactile permettent de r\u00e9pondre aux exigences de pr\u00e9cision de plus en plus \u00e9lev\u00e9es des clients.<\/p>\n<p>La passion, la pr\u00e9cision et le souci du client sont les traits distinctifs de notre entreprise.<\/p>\n<p><a class=\"btn btn--link\" style=\"font-size: 24px; margin-top: 10px;\" href=\"\/scleros\/fr\/qui-nous-sommes\/\">Qui nous sommes<\/a><\/p>\n","protected":false},"excerpt":{"rendered":"<p>Scleros, soci\u00e9t\u00e9 m\u00e8re du groupe OMCD, a \u00e9t\u00e9 la premi\u00e8re [&hellip;]<\/p>\n","protected":false},"author":2,"featured_media":0,"parent":0,"menu_order":0,"comment_status":"closed","ping_status":"closed","template":"","meta":{"_acf_changed":false,"site-sidebar-layout":"no-sidebar","site-content-layout":"page-builder","ast-site-content-layout":"full-width-container","site-content-style":"unboxed","site-sidebar-style":"unboxed","ast-global-header-display":"","ast-banner-title-visibility":"","ast-main-header-display":"","ast-hfb-above-header-display":"","ast-hfb-below-header-display":"","ast-hfb-mobile-header-display":"","site-post-title":"disabled","ast-breadcrumbs-content":"","ast-featured-img":"","footer-sml-layout":"","theme-transparent-header-meta":"default","adv-header-id-meta":"","stick-header-meta":"default","header-above-stick-meta":"","header-main-stick-meta":"","header-below-stick-meta":"","astra-migrate-meta-layouts":"set","ast-page-background-enabled":"default","ast-page-background-meta":{"desktop":{"background-color":"","background-image":"","background-repeat":"repeat","background-position":"center center","background-size":"auto","background-attachment":"scroll","background-type":"","background-media":"","overlay-type":"","overlay-color":"","overlay-opacity":"","overlay-gradient":""},"tablet":{"background-color":"","background-image":"","background-repeat":"repeat","background-position":"center center","background-size":"auto","background-attachment":"scroll","background-type":"","background-media":"","overlay-type":"","overlay-color":"","overlay-opacity":"","overlay-gradient":""},"mobile":{"background-color":"","background-image":"","background-repeat":"repeat","background-position":"center center","background-size":"auto","background-attachment":"scroll","background-type":"","background-media":"","overlay-type":"","overlay-color":"","overlay-opacity":"","overlay-gradient":""}},"ast-content-background-meta":{"desktop":{"background-color":"var(--ast-global-color-5)","background-image":"","background-repeat":"repeat","background-position":"center center","background-size":"auto","background-attachment":"scroll","background-type":"","background-media":"","overlay-type":"","overlay-color":"","overlay-opacity":"","overlay-gradient":""},"tablet":{"background-color":"var(--ast-global-color-5)","background-image":"","background-repeat":"repeat","background-position":"center center","background-size":"auto","background-attachment":"scroll","background-type":"","background-media":"","overlay-type":"","overlay-color":"","overlay-opacity":"","overlay-gradient":""},"mobile":{"background-color":"var(--ast-global-color-5)","background-image":"","background-repeat":"repeat","background-position":"center center","background-size":"auto","background-attachment":"scroll","background-type":"","background-media":"","overlay-type":"","overlay-color":"","overlay-opacity":"","overlay-gradient":""}},"footnotes":""},"class_list":["post-2103","page","type-page","status-publish","hentry"],"acf":[],"aioseo_notices":[],"_links":{"self":[{"href":"https:\/\/www.omcd.it\/scleros\/fr\/wp-json\/wp\/v2\/pages\/2103","targetHints":{"allow":["GET"]}}],"collection":[{"href":"https:\/\/www.omcd.it\/scleros\/fr\/wp-json\/wp\/v2\/pages"}],"about":[{"href":"https:\/\/www.omcd.it\/scleros\/fr\/wp-json\/wp\/v2\/types\/page"}],"author":[{"embeddable":true,"href":"https:\/\/www.omcd.it\/scleros\/fr\/wp-json\/wp\/v2\/users\/2"}],"replies":[{"embeddable":true,"href":"https:\/\/www.omcd.it\/scleros\/fr\/wp-json\/wp\/v2\/comments?post=2103"}],"version-history":[{"count":3,"href":"https:\/\/www.omcd.it\/scleros\/fr\/wp-json\/wp\/v2\/pages\/2103\/revisions"}],"predecessor-version":[{"id":2581,"href":"https:\/\/www.omcd.it\/scleros\/fr\/wp-json\/wp\/v2\/pages\/2103\/revisions\/2581"}],"wp:attachment":[{"href":"https:\/\/www.omcd.it\/scleros\/fr\/wp-json\/wp\/v2\/media?parent=2103"}],"curies":[{"name":"wp","href":"https:\/\/api.w.org\/{rel}","templated":true}]}}