{"id":2250,"date":"2019-03-27T09:31:40","date_gmt":"2019-03-27T08:31:40","guid":{"rendered":"https:\/\/www.omcd.it\/scleros\/download\/"},"modified":"2026-03-10T14:12:10","modified_gmt":"2026-03-10T13:12:10","slug":"descargar","status":"publish","type":"page","link":"https:\/\/www.omcd.it\/scleros\/es\/descargar\/","title":{"rendered":"Descargar"},"content":{"rendered":"<p lang=\"es-ES\">\u00bfNecesita informaci\u00f3n t\u00e9cnica m\u00e1s espec\u00edfica?<\/p>\n<p lang=\"es-ES\">En esta secci\u00f3n encontrar\u00e1 material para consultar y descargar gratuitamente.<\/p>\n<div class=\"general-files\">    <div class=\"download\">\n        <div class=\"download__title\">\n            Pol\u00edtica de Calidad        <\/div>\n                <div class=\"download__file\">\n            <a download href=\"https:\/\/www.omcd.it\/scleros\/wp-content\/uploads\/SCLEROS_PoliticaQualita_2025_ENG.pdf\">\n                <i class=\"fas fa-long-arrow-alt-down\"><\/i>\n            <\/a>\n        <\/div>\n    <\/div>\n<\/div>   <!-- <div class=\"docs-filter\">\n        <b>Filtra documenti<\/b>\n        <select name=\"categories\" id=\"categories\" class=\"js-filter-categories\">\n            <option value=\"null\">Seleziona categoria<\/option>\n                            <option value=\"cat\u00e1logos\">Cat\u00e1logos<\/option>\n                            <option value=\"certificados-iso\">Certificados ISO<\/option>\n                    <\/select>\n    <\/div>-->\n<div class=\"categorized-files\" id=\"cat\u00e1logos\"><h5>Cat\u00e1logos<\/h5>    <div class=\"download\">\n        <div class=\"download__title\">\n            Perfil de la marca        <\/div>\n                    <div class=\"download__category\">\n                Cat\u00e1logos            <\/div>\n                <div class=\"download__file\">\n            <a download href=\"https:\/\/www.omcd.it\/scleros\/wp-content\/uploads\/CompanyProfile_SCLEROS_ESP_26.pdf\">\n                <i class=\"fas fa-long-arrow-alt-down\"><\/i>\n            <\/a>\n        <\/div>\n    <\/div>\n    <div class=\"download\">\n        <div class=\"download__title\">\n            Cat\u00e1logo Trefilado        <\/div>\n                    <div class=\"download__category\">\n                Cat\u00e1logos            <\/div>\n                <div class=\"download__file\">\n            <a download href=\"https:\/\/www.omcd.it\/scleros\/wp-content\/uploads\/Scleros_Trafilatura_ES.pdf\">\n                <i class=\"fas fa-long-arrow-alt-down\"><\/i>\n            <\/a>\n        <\/div>\n    <\/div>\n    <div class=\"download\">\n        <div class=\"download__title\">\n            Packaging&Closures        <\/div>\n                    <div class=\"download__category\">\n                Cat\u00e1logos            <\/div>\n                <div class=\"download__file\">\n            <a download href=\"https:\/\/www.omcd.it\/scleros\/wp-content\/uploads\/SCLEROS_220725_PackagingClosures_SPA.pdf\">\n                <i class=\"fas fa-long-arrow-alt-down\"><\/i>\n            <\/a>\n        <\/div>\n    <\/div>\n    <div class=\"download\">\n        <div class=\"download__title\">\n            R&C BLOCKS        <\/div>\n                    <div class=\"download__category\">\n                Cat\u00e1logos            <\/div>\n                <div class=\"download__file\">\n            <a download href=\"https:\/\/www.omcd.it\/scleros\/wp-content\/uploads\/Volantino-A5-Scleros-Patented_web.pdf\">\n                <i class=\"fas fa-long-arrow-alt-down\"><\/i>\n            <\/a>\n        <\/div>\n    <\/div>\n<\/div><div class=\"categorized-files\" id=\"certificados-iso\"><h5>Certificados ISO<\/h5>    <div class=\"download\">\n        <div class=\"download__title\">\n            ISO 9001:2015        <\/div>\n                    <div class=\"download__category\">\n                Certificados ISO            <\/div>\n                <div class=\"download__file\">\n            <a download href=\"https:\/\/www.omcd.it\/scleros\/wp-content\/uploads\/Scleros_Certificato-ISO-9001-RINA_e_IQNET_scadenza-08.09.2027.pdf\">\n                <i class=\"fas fa-long-arrow-alt-down\"><\/i>\n            <\/a>\n        <\/div>\n    <\/div>\n<\/div>\n","protected":false},"excerpt":{"rendered":"<p>\u00bfNecesita informaci\u00f3n t\u00e9cnica m\u00e1s espec\u00edfica? En esta secci\u00f3n encontrar\u00e1 material [&hellip;]<\/p>\n","protected":false},"author":2,"featured_media":0,"parent":0,"menu_order":0,"comment_status":"closed","ping_status":"closed","template":"","meta":{"_acf_changed":false,"site-sidebar-layout":"default","site-content-layout":"default","ast-site-content-layout":"default","site-content-style":"default","site-sidebar-style":"default","ast-global-header-display":"","ast-banner-title-visibility":"","ast-main-header-display":"","ast-hfb-above-header-display":"","ast-hfb-below-header-display":"","ast-hfb-mobile-header-display":"","site-post-title":"","ast-breadcrumbs-content":"","ast-featured-img":"","footer-sml-layout":"","theme-transparent-header-meta":"default","adv-header-id-meta":"","stick-header-meta":"default","header-above-stick-meta":"","header-main-stick-meta":"","header-below-stick-meta":"","astra-migrate-meta-layouts":"set","ast-page-background-enabled":"default","ast-page-background-meta":{"desktop":{"background-color":"","background-image":"","background-repeat":"repeat","background-position":"center center","background-size":"auto","background-attachment":"scroll","background-type":"","background-media":"","overlay-type":"","overlay-color":"","overlay-opacity":"","overlay-gradient":""},"tablet":{"background-color":"","background-image":"","background-repeat":"repeat","background-position":"center center","background-size":"auto","background-attachment":"scroll","background-type":"","background-media":"","overlay-type":"","overlay-color":"","overlay-opacity":"","overlay-gradient":""},"mobile":{"background-color":"","background-image":"","background-repeat":"repeat","background-position":"center center","background-size":"auto","background-attachment":"scroll","background-type":"","background-media":"","overlay-type":"","overlay-color":"","overlay-opacity":"","overlay-gradient":""}},"ast-content-background-meta":{"desktop":{"background-color":"var(--ast-global-color-5)","background-image":"","background-repeat":"repeat","background-position":"center center","background-size":"auto","background-attachment":"scroll","background-type":"","background-media":"","overlay-type":"","overlay-color":"","overlay-opacity":"","overlay-gradient":""},"tablet":{"background-color":"var(--ast-global-color-5)","background-image":"","background-repeat":"repeat","background-position":"center center","background-size":"auto","background-attachment":"scroll","background-type":"","background-media":"","overlay-type":"","overlay-color":"","overlay-opacity":"","overlay-gradient":""},"mobile":{"background-color":"var(--ast-global-color-5)","background-image":"","background-repeat":"repeat","background-position":"center center","background-size":"auto","background-attachment":"scroll","background-type":"","background-media":"","overlay-type":"","overlay-color":"","overlay-opacity":"","overlay-gradient":""}},"footnotes":""},"class_list":["post-2250","page","type-page","status-publish","hentry"],"acf":[],"aioseo_notices":[],"_links":{"self":[{"href":"https:\/\/www.omcd.it\/scleros\/es\/wp-json\/wp\/v2\/pages\/2250","targetHints":{"allow":["GET"]}}],"collection":[{"href":"https:\/\/www.omcd.it\/scleros\/es\/wp-json\/wp\/v2\/pages"}],"about":[{"href":"https:\/\/www.omcd.it\/scleros\/es\/wp-json\/wp\/v2\/types\/page"}],"author":[{"embeddable":true,"href":"https:\/\/www.omcd.it\/scleros\/es\/wp-json\/wp\/v2\/users\/2"}],"replies":[{"embeddable":true,"href":"https:\/\/www.omcd.it\/scleros\/es\/wp-json\/wp\/v2\/comments?post=2250"}],"version-history":[{"count":16,"href":"https:\/\/www.omcd.it\/scleros\/es\/wp-json\/wp\/v2\/pages\/2250\/revisions"}],"predecessor-version":[{"id":2846,"href":"https:\/\/www.omcd.it\/scleros\/es\/wp-json\/wp\/v2\/pages\/2250\/revisions\/2846"}],"wp:attachment":[{"href":"https:\/\/www.omcd.it\/scleros\/es\/wp-json\/wp\/v2\/media?parent=2250"}],"curies":[{"name":"wp","href":"https:\/\/api.w.org\/{rel}","templated":true}]}}