{"id":2248,"date":"2019-11-22T12:47:40","date_gmt":"2019-11-22T11:47:40","guid":{"rendered":"https:\/\/www.omcd.it\/scleros\/cosa-facciamo\/"},"modified":"2022-11-23T11:28:23","modified_gmt":"2022-11-23T10:28:23","slug":"que-hacemos","status":"publish","type":"page","link":"https:\/\/www.omcd.it\/scleros\/es\/que-hacemos\/","title":{"rendered":"Qu\u00e9 hacemos"},"content":{"rendered":"<p>Cada departamento de producci\u00f3n de Scleros cuenta con <strong>maquinaria y equipos de \u00faltima generaci\u00f3n<\/strong> que, combinados con las <strong>d\u00e9cadas de experiencia y las habilidades t\u00e9cnicas y de aplicaci\u00f3n<\/strong> de nuestro personal, permiten a la empresa ser una excelencia en su sector:<\/p>\n<ul>\n<li>\u00a0El <strong>departamento mec\u00e1nico<\/strong> cuenta con tornos de control num\u00e9rico y una fresadora de 4 ejes, gracias a los cuales se pueden realizar tambi\u00e9n operaciones de mecanizado complejas.<\/li>\n<li>\u00a0El <strong>departamento de rectificado<\/strong> est\u00e1 formado por m\u00e1quinas de alta rigidez, especialmente dise\u00f1adas para el mecanizado del Metal Duro, que permiten el rectificado interior, exterior y de perfiles con eficacia, precisi\u00f3n y un excelente nivel de acabado superficial. Una afiladora de 5 ejes tambi\u00e9n permite operar sobre geometr\u00edas articuladas.<\/li>\n<li>\u00a0La <strong>isla de electroerosi\u00f3n<\/strong> permite utilizar tecnolog\u00eda por inmersi\u00f3n y por hilo.<\/li>\n<li> Adem\u00e1s de la electroerosi\u00f3n m\u00e1s com\u00fan, realizamos la electroerosi\u00f3n en aceite, que permite conseguir un mejor rendimiento en t\u00e9rminos de precisi\u00f3n y acabado. Al utilizar alambres con un di\u00e1metro inferior a 0,15 mm, tambi\u00e9n podemos cortar formas con radios muy peque\u00f1os.<br \/>\nPor lo que respecta a la electroerosi\u00f3n por penetraci\u00f3n, estamos equipados con una fresadora de 3 ejes que puede alcanzar hasta 25 mil revoluciones, utilizada para la producci\u00f3n de electrodos.<\/li>\n<li> En el <strong>departamento de pulido<\/strong>, adem\u00e1s de la maquinaria manual, utilizamos m\u00e1quinas autom\u00e1ticas que nos permiten gestionar mejor el proceso y conseguir una rugosidad inferior a Ra 0,05.<\/li>\n<li>\u00a0Al producir equipos con tolerancias dimensionales de mil\u00e9simos y formas complejas, nuestro <strong>departamento de control<\/strong> est\u00e1 necesariamente equipado con maquinaria \u00f3ptico-t\u00e1ctil de \u00faltima generaci\u00f3n, capaz de verificar y certificar el cumplimiento de las especificaciones del cliente.<\/li>\n<li>\u00a0Tambi\u00e9n contamos con una <strong>oficina t\u00e9cnica<\/strong> con conocimientos de aplicaci\u00f3n y dise\u00f1o en 3D, fundamental para transformar las necesidades del cliente en un producto.<\/li>\n<\/ul>\n","protected":false},"excerpt":{"rendered":"<p>Cada departamento de producci\u00f3n de Scleros cuenta con maquinaria y [&hellip;]<\/p>\n","protected":false},"author":2,"featured_media":1986,"parent":0,"menu_order":0,"comment_status":"closed","ping_status":"closed","template":"cosafacciamo.php","meta":{"_acf_changed":false,"site-sidebar-layout":"default","site-content-layout":"default","ast-site-content-layout":"","site-content-style":"default","site-sidebar-style":"default","ast-global-header-display":"","ast-banner-title-visibility":"","ast-main-header-display":"","ast-hfb-above-header-display":"","ast-hfb-below-header-display":"","ast-hfb-mobile-header-display":"","site-post-title":"","ast-breadcrumbs-content":"","ast-featured-img":"","footer-sml-layout":"","theme-transparent-header-meta":"default","adv-header-id-meta":"","stick-header-meta":"default","header-above-stick-meta":"","header-main-stick-meta":"","header-below-stick-meta":"","astra-migrate-meta-layouts":"default","ast-page-background-enabled":"default","ast-page-background-meta":{"desktop":{"background-color":"","background-image":"","background-repeat":"repeat","background-position":"center center","background-size":"auto","background-attachment":"scroll","background-type":"","background-media":"","overlay-type":"","overlay-color":"","overlay-opacity":"","overlay-gradient":""},"tablet":{"background-color":"","background-image":"","background-repeat":"repeat","background-position":"center center","background-size":"auto","background-attachment":"scroll","background-type":"","background-media":"","overlay-type":"","overlay-color":"","overlay-opacity":"","overlay-gradient":""},"mobile":{"background-color":"","background-image":"","background-repeat":"repeat","background-position":"center center","background-size":"auto","background-attachment":"scroll","background-type":"","background-media":"","overlay-type":"","overlay-color":"","overlay-opacity":"","overlay-gradient":""}},"ast-content-background-meta":{"desktop":{"background-color":"var(--ast-global-color-5)","background-image":"","background-repeat":"repeat","background-position":"center center","background-size":"auto","background-attachment":"scroll","background-type":"","background-media":"","overlay-type":"","overlay-color":"","overlay-opacity":"","overlay-gradient":""},"tablet":{"background-color":"var(--ast-global-color-5)","background-image":"","background-repeat":"repeat","background-position":"center center","background-size":"auto","background-attachment":"scroll","background-type":"","background-media":"","overlay-type":"","overlay-color":"","overlay-opacity":"","overlay-gradient":""},"mobile":{"background-color":"var(--ast-global-color-5)","background-image":"","background-repeat":"repeat","background-position":"center center","background-size":"auto","background-attachment":"scroll","background-type":"","background-media":"","overlay-type":"","overlay-color":"","overlay-opacity":"","overlay-gradient":""}},"footnotes":""},"class_list":["post-2248","page","type-page","status-publish","has-post-thumbnail","hentry"],"acf":[],"aioseo_notices":[],"_links":{"self":[{"href":"https:\/\/www.omcd.it\/scleros\/es\/wp-json\/wp\/v2\/pages\/2248","targetHints":{"allow":["GET"]}}],"collection":[{"href":"https:\/\/www.omcd.it\/scleros\/es\/wp-json\/wp\/v2\/pages"}],"about":[{"href":"https:\/\/www.omcd.it\/scleros\/es\/wp-json\/wp\/v2\/types\/page"}],"author":[{"embeddable":true,"href":"https:\/\/www.omcd.it\/scleros\/es\/wp-json\/wp\/v2\/users\/2"}],"replies":[{"embeddable":true,"href":"https:\/\/www.omcd.it\/scleros\/es\/wp-json\/wp\/v2\/comments?post=2248"}],"version-history":[{"count":3,"href":"https:\/\/www.omcd.it\/scleros\/es\/wp-json\/wp\/v2\/pages\/2248\/revisions"}],"predecessor-version":[{"id":2261,"href":"https:\/\/www.omcd.it\/scleros\/es\/wp-json\/wp\/v2\/pages\/2248\/revisions\/2261"}],"wp:featuredmedia":[{"embeddable":true,"href":"https:\/\/www.omcd.it\/scleros\/es\/wp-json\/wp\/v2\/media\/1986"}],"wp:attachment":[{"href":"https:\/\/www.omcd.it\/scleros\/es\/wp-json\/wp\/v2\/media?parent=2248"}],"curies":[{"name":"wp","href":"https:\/\/api.w.org\/{rel}","templated":true}]}}