{"id":2247,"date":"2019-03-27T09:31:31","date_gmt":"2019-03-27T08:31:31","guid":{"rendered":"https:\/\/www.omcd.it\/scleros\/chi-siamo\/"},"modified":"2025-07-03T10:56:52","modified_gmt":"2025-07-03T08:56:52","slug":"quienes-somos","status":"publish","type":"page","link":"https:\/\/www.omcd.it\/scleros\/es\/quienes-somos\/","title":{"rendered":"Quienes somos"},"content":{"rendered":"<p>Scleros es una empresa con una fuerte identidad italiana, que sigue siendo propiedad de la familia que la fund\u00f3 en 1948. Desde hace m\u00e1s de 70 a\u00f1os es un s\u00edmbolo de \u00e9xito y excelencia en el campo del Metal Duro y opera en m\u00e1s de 50 Pa\u00edses de todo el mundo.<\/p>\n<p>La etimolog\u00eda de su nombre deriva del griego antiguo [\u03a3\u03ba\u03bb\u03b7\u03c1\u1f79\u03c2 \u00abduro\u00bb], que expresa con fuerza su identidad. La actividad principal es, de hecho, el <strong>Metal Duro y su mecanizado<\/strong>, que da origen a una amplia gama de <strong>herramientas especiales acabadas, tanto est\u00e1ndar como a medida<\/strong>.<\/p>\n<p>El valioso know-how adquirido a lo largo de los a\u00f1os y en constante evoluci\u00f3n, la absoluta flexibilidad econ\u00f3mico-productiva orientada a la satisfacci\u00f3n del cliente y la continua inversi\u00f3n en maquinaria innovadora, la identifican como la <strong>joya entre las empresas italianas de herramientas<\/strong> y la convierten en el <strong>partner ideal<\/strong> para alcanzar el \u00e9xito.<\/p>\n","protected":false},"excerpt":{"rendered":"<p>Scleros es una empresa con una fuerte identidad italiana, que [&hellip;]<\/p>\n","protected":false},"author":2,"featured_media":1927,"parent":0,"menu_order":0,"comment_status":"closed","ping_status":"closed","template":"","meta":{"_acf_changed":false,"site-sidebar-layout":"default","site-content-layout":"default","ast-site-content-layout":"default","site-content-style":"default","site-sidebar-style":"default","ast-global-header-display":"","ast-banner-title-visibility":"","ast-main-header-display":"","ast-hfb-above-header-display":"","ast-hfb-below-header-display":"","ast-hfb-mobile-header-display":"","site-post-title":"","ast-breadcrumbs-content":"","ast-featured-img":"","footer-sml-layout":"","theme-transparent-header-meta":"default","adv-header-id-meta":"","stick-header-meta":"default","header-above-stick-meta":"","header-main-stick-meta":"","header-below-stick-meta":"","astra-migrate-meta-layouts":"set","ast-page-background-enabled":"default","ast-page-background-meta":{"desktop":{"background-color":"","background-image":"","background-repeat":"repeat","background-position":"center center","background-size":"auto","background-attachment":"scroll","background-type":"","background-media":"","overlay-type":"","overlay-color":"","overlay-opacity":"","overlay-gradient":""},"tablet":{"background-color":"","background-image":"","background-repeat":"repeat","background-position":"center center","background-size":"auto","background-attachment":"scroll","background-type":"","background-media":"","overlay-type":"","overlay-color":"","overlay-opacity":"","overlay-gradient":""},"mobile":{"background-color":"","background-image":"","background-repeat":"repeat","background-position":"center center","background-size":"auto","background-attachment":"scroll","background-type":"","background-media":"","overlay-type":"","overlay-color":"","overlay-opacity":"","overlay-gradient":""}},"ast-content-background-meta":{"desktop":{"background-color":"var(--ast-global-color-5)","background-image":"","background-repeat":"repeat","background-position":"center center","background-size":"auto","background-attachment":"scroll","background-type":"","background-media":"","overlay-type":"","overlay-color":"","overlay-opacity":"","overlay-gradient":""},"tablet":{"background-color":"var(--ast-global-color-5)","background-image":"","background-repeat":"repeat","background-position":"center center","background-size":"auto","background-attachment":"scroll","background-type":"","background-media":"","overlay-type":"","overlay-color":"","overlay-opacity":"","overlay-gradient":""},"mobile":{"background-color":"var(--ast-global-color-5)","background-image":"","background-repeat":"repeat","background-position":"center center","background-size":"auto","background-attachment":"scroll","background-type":"","background-media":"","overlay-type":"","overlay-color":"","overlay-opacity":"","overlay-gradient":""}},"footnotes":""},"class_list":["post-2247","page","type-page","status-publish","has-post-thumbnail","hentry"],"acf":[],"aioseo_notices":[],"_links":{"self":[{"href":"https:\/\/www.omcd.it\/scleros\/es\/wp-json\/wp\/v2\/pages\/2247","targetHints":{"allow":["GET"]}}],"collection":[{"href":"https:\/\/www.omcd.it\/scleros\/es\/wp-json\/wp\/v2\/pages"}],"about":[{"href":"https:\/\/www.omcd.it\/scleros\/es\/wp-json\/wp\/v2\/types\/page"}],"author":[{"embeddable":true,"href":"https:\/\/www.omcd.it\/scleros\/es\/wp-json\/wp\/v2\/users\/2"}],"replies":[{"embeddable":true,"href":"https:\/\/www.omcd.it\/scleros\/es\/wp-json\/wp\/v2\/comments?post=2247"}],"version-history":[{"count":5,"href":"https:\/\/www.omcd.it\/scleros\/es\/wp-json\/wp\/v2\/pages\/2247\/revisions"}],"predecessor-version":[{"id":2686,"href":"https:\/\/www.omcd.it\/scleros\/es\/wp-json\/wp\/v2\/pages\/2247\/revisions\/2686"}],"wp:featuredmedia":[{"embeddable":true,"href":"https:\/\/www.omcd.it\/scleros\/es\/wp-json\/wp\/v2\/media\/1927"}],"wp:attachment":[{"href":"https:\/\/www.omcd.it\/scleros\/es\/wp-json\/wp\/v2\/media?parent=2247"}],"curies":[{"name":"wp","href":"https:\/\/api.w.org\/{rel}","templated":true}]}}