{"id":2210,"date":"2019-03-26T11:22:09","date_gmt":"2019-03-26T10:22:09","guid":{"rendered":"https:\/\/www.omcd.it\/scleros\/homepage\/"},"modified":"2025-06-23T10:11:54","modified_gmt":"2025-06-23T08:11:54","slug":"homepage","status":"publish","type":"page","link":"https:\/\/www.omcd.it\/scleros\/es\/","title":{"rendered":"Inicio"},"content":{"rendered":"<h2>Scleros, sociedad primog\u00e9nita del Grupo OMCD, ha sido la primera empresa del grupo en operar en el <strong>mecanizado del Metal Duro, especializ\u00e1ndose en el dise\u00f1o y la producci\u00f3n de herramientas de alta precisi\u00f3n<\/strong>.<\/h2>\n<p>Los sistemas de producci\u00f3n complejos y en constante evoluci\u00f3n que caracterizan el mundo industrial actual requieren herramientas de alto valor que mejoren la <strong>eficiencia productiva de sus clientes<\/strong>. Scleros es la respuesta a esta necesidad, al ofrecer productos de <strong>alta calidad: de alto rendimiento, duraderos y con un alto grado de precisi\u00f3n y acabado<\/strong>.<\/p>\n<p>Para lograr este objetivo, Scleros se ha dotado de <strong>maquinaria y herramientas de vanguardia<\/strong>, que actualiza y potencia constantemente. El rectificado y la electroerosi\u00f3n de \u00faltima generaci\u00f3n y la maquinaria de control \u00f3ptico-t\u00e1ctil garantizan obtener los niveles de precisi\u00f3n cada vez mayores requeridos por los clientes.<\/p>\n<p>La pasi\u00f3n, la precisi\u00f3n y la atenci\u00f3n al cliente son nuestras se\u00f1as de identidad corporativa.<\/p>\n<p><a class=\"btn btn--link\" style=\"font-size: 24px; margin-top: 10px;\" href=\"\/scleros\/es\/quienes-somos\/\">Qui\u00e9nes somos<\/a><\/p>\n","protected":false},"excerpt":{"rendered":"<p>Scleros, sociedad primog\u00e9nita del Grupo OMCD, ha sido la primera [&hellip;]<\/p>\n","protected":false},"author":2,"featured_media":0,"parent":0,"menu_order":0,"comment_status":"closed","ping_status":"closed","template":"","meta":{"_acf_changed":false,"site-sidebar-layout":"no-sidebar","site-content-layout":"page-builder","ast-site-content-layout":"full-width-container","site-content-style":"unboxed","site-sidebar-style":"unboxed","ast-global-header-display":"","ast-banner-title-visibility":"","ast-main-header-display":"","ast-hfb-above-header-display":"","ast-hfb-below-header-display":"","ast-hfb-mobile-header-display":"","site-post-title":"disabled","ast-breadcrumbs-content":"","ast-featured-img":"","footer-sml-layout":"","theme-transparent-header-meta":"default","adv-header-id-meta":"","stick-header-meta":"default","header-above-stick-meta":"","header-main-stick-meta":"","header-below-stick-meta":"","astra-migrate-meta-layouts":"set","ast-page-background-enabled":"default","ast-page-background-meta":{"desktop":{"background-color":"","background-image":"","background-repeat":"repeat","background-position":"center center","background-size":"auto","background-attachment":"scroll","background-type":"","background-media":"","overlay-type":"","overlay-color":"","overlay-opacity":"","overlay-gradient":""},"tablet":{"background-color":"","background-image":"","background-repeat":"repeat","background-position":"center center","background-size":"auto","background-attachment":"scroll","background-type":"","background-media":"","overlay-type":"","overlay-color":"","overlay-opacity":"","overlay-gradient":""},"mobile":{"background-color":"","background-image":"","background-repeat":"repeat","background-position":"center center","background-size":"auto","background-attachment":"scroll","background-type":"","background-media":"","overlay-type":"","overlay-color":"","overlay-opacity":"","overlay-gradient":""}},"ast-content-background-meta":{"desktop":{"background-color":"var(--ast-global-color-5)","background-image":"","background-repeat":"repeat","background-position":"center center","background-size":"auto","background-attachment":"scroll","background-type":"","background-media":"","overlay-type":"","overlay-color":"","overlay-opacity":"","overlay-gradient":""},"tablet":{"background-color":"var(--ast-global-color-5)","background-image":"","background-repeat":"repeat","background-position":"center center","background-size":"auto","background-attachment":"scroll","background-type":"","background-media":"","overlay-type":"","overlay-color":"","overlay-opacity":"","overlay-gradient":""},"mobile":{"background-color":"var(--ast-global-color-5)","background-image":"","background-repeat":"repeat","background-position":"center center","background-size":"auto","background-attachment":"scroll","background-type":"","background-media":"","overlay-type":"","overlay-color":"","overlay-opacity":"","overlay-gradient":""}},"footnotes":""},"class_list":["post-2210","page","type-page","status-publish","hentry"],"acf":[],"aioseo_notices":[],"_links":{"self":[{"href":"https:\/\/www.omcd.it\/scleros\/es\/wp-json\/wp\/v2\/pages\/2210","targetHints":{"allow":["GET"]}}],"collection":[{"href":"https:\/\/www.omcd.it\/scleros\/es\/wp-json\/wp\/v2\/pages"}],"about":[{"href":"https:\/\/www.omcd.it\/scleros\/es\/wp-json\/wp\/v2\/types\/page"}],"author":[{"embeddable":true,"href":"https:\/\/www.omcd.it\/scleros\/es\/wp-json\/wp\/v2\/users\/2"}],"replies":[{"embeddable":true,"href":"https:\/\/www.omcd.it\/scleros\/es\/wp-json\/wp\/v2\/comments?post=2210"}],"version-history":[{"count":5,"href":"https:\/\/www.omcd.it\/scleros\/es\/wp-json\/wp\/v2\/pages\/2210\/revisions"}],"predecessor-version":[{"id":2583,"href":"https:\/\/www.omcd.it\/scleros\/es\/wp-json\/wp\/v2\/pages\/2210\/revisions\/2583"}],"wp:attachment":[{"href":"https:\/\/www.omcd.it\/scleros\/es\/wp-json\/wp\/v2\/media?parent=2210"}],"curies":[{"name":"wp","href":"https:\/\/api.w.org\/{rel}","templated":true}]}}