{"id":1184,"date":"2019-03-27T09:31:19","date_gmt":"2019-03-27T08:31:19","guid":{"rendered":"https:\/\/www.omcd.it\/scleros\/dove-siamo\/"},"modified":"2024-02-26T12:11:04","modified_gmt":"2024-02-26T11:11:04","slug":"kontakte","status":"publish","type":"page","link":"https:\/\/www.omcd.it\/scleros\/de\/kontakte\/","title":{"rendered":"Kontakte"},"content":{"rendered":"<div class=\"page-content auto-width\">\n<div class=\"content\">\n<p class=\"p1\"><b>Rechtssitz und Betriebsst\u00e4tte:<\/b><br \/>\nVia Fratelli Borghini, 83<br \/>\n28877 Anzola D&#8217;Ossola<br \/>\n(VB) Italia<br \/>\n<strong>E-mail<\/strong>: info.scleros@omcd.it<br \/>\n<strong>Tel<\/strong>: (+39) 0323 836402<\/p>\n<p><a class=\"btn btn--link\" href=\"https:\/\/www.google.de\/maps?saddr=My+Location&amp;daddr=Via+fratelli+Borghini,+83,+28877+Anzola+d'Ossola+VB+VB\/\" target=\"_blank\" rel=\"noopener noreferrer\">Anfahrtsbeschreibungen erhalten<\/a><\/p>\n<p class=\"p1\">Scleros liegt in der Provinz von Verbano-Cusio-Ossola, im Nordwesten von Italien, in einem hochspezialisierten Gebiet f\u00fcr mechanische Bearbeitungen.<\/p>\n<\/div>\n<div class=\"mappa animated fadeInRight\"><img loading=\"lazy\" decoding=\"async\" class=\"aligncenter size-full wp-image-531\" src=\"https:\/\/www.omcd.it\/scleros\/wp-content\/uploads\/2019\/05\/scleros_map.png\" alt=\"\" width=\"561\" height=\"657\" srcset=\"https:\/\/www.omcd.it\/scleros\/wp-content\/uploads\/2019\/05\/scleros_map.png 561w, https:\/\/www.omcd.it\/scleros\/wp-content\/uploads\/2019\/05\/scleros_map-256x300.png 256w\" sizes=\"auto, (max-width: 561px) 100vw, 561px\" \/><\/div>\n<\/div>\n\n<div class=\"wpcf7 no-js\" id=\"wpcf7-f1217-o1\" lang=\"it-IT\" dir=\"ltr\" data-wpcf7-id=\"1217\">\n<div class=\"screen-reader-response\"><p role=\"status\" aria-live=\"polite\" aria-atomic=\"true\"><\/p> <ul><\/ul><\/div>\n<form action=\"\/scleros\/de\/wp-json\/wp\/v2\/pages\/1184#wpcf7-f1217-o1\" method=\"post\" class=\"wpcf7-form init\" aria-label=\"Modulo di contatto\" enctype=\"multipart\/form-data\" novalidate=\"novalidate\" data-status=\"init\">\n<fieldset class=\"hidden-fields-container\"><input type=\"hidden\" name=\"_wpcf7\" value=\"1217\" \/><input type=\"hidden\" name=\"_wpcf7_version\" value=\"6.1.5\" \/><input type=\"hidden\" name=\"_wpcf7_locale\" value=\"it_IT\" \/><input type=\"hidden\" name=\"_wpcf7_unit_tag\" value=\"wpcf7-f1217-o1\" \/><input type=\"hidden\" name=\"_wpcf7_container_post\" value=\"0\" \/><input type=\"hidden\" name=\"_wpcf7_posted_data_hash\" value=\"\" \/><input type=\"hidden\" name=\"_wpcf7dtx_version\" value=\"5.0.5\" \/><input type=\"hidden\" name=\"_wpcf7_recaptcha_response\" value=\"\" \/>\n<\/fieldset>\n<div class=\"contact-form\">\n<span class=\"wpcf7-form-control-wrap titolo\" data-name=\"titolo\"><input type=\"hidden\" name=\"titolo\" class=\"wpcf7-form-control wpcf7-hidden wpcf7dtx wpcf7dtx-hidden\" aria-invalid=\"false\" value=\"Kontakte\"><\/span>\n<span class=\"wpcf7-form-control-wrap slug\" data-name=\"slug\"><input type=\"hidden\" name=\"slug\" class=\"wpcf7-form-control wpcf7-hidden wpcf7dtx wpcf7dtx-hidden\" aria-invalid=\"false\" value=\"https:\/\/www.omcd.it\/scleros\/de\/scleros\/de\/wp-json\/wp\/v2\/pages\/1184\/\"><\/span>\n\t<div class=\"contact-form__heading\">\n\t\t<p><i class=\"fas fa-pencil-alt\"><\/i>\n\t\t<\/p>\n\t\t<h4>Brauchen Sie weitere Informationen?<br \/>\nWollen Sie mit unseren Technikern f\u00fcr eine personalisierte und kostenlose Beratung Kontakt aufnehmen?<br \/>\nF\u00fcllen Sie unser Formular aus und Sie werden so schnell wie m\u00f6glich kontaktiert werde\n\t\t<\/h4>\n\t\t<p><b><br \/>\n* Pflichtfelder<br \/>\n<\/b>\n\t\t<\/p>\n\t<\/div>\n\t<div class=\"contact-form__columns\">\n\t\t<div>\n\t\t\t<p><span class=\"wpcf7-form-control-wrap\" data-name=\"your-name\"><input size=\"40\" maxlength=\"400\" class=\"wpcf7-form-control wpcf7-text wpcf7-validates-as-required\" aria-required=\"true\" aria-invalid=\"false\" placeholder=\"Vorname und Nachname *\" value=\"\" type=\"text\" name=\"your-name\" \/><\/span>\n\t\t\t<\/p>\n\t\t<\/div>\n\t\t<div>\n\t\t\t<p><span class=\"wpcf7-form-control-wrap\" data-name=\"phone\"><input size=\"40\" maxlength=\"400\" class=\"wpcf7-form-control wpcf7-text wpcf7-validates-as-required\" aria-required=\"true\" aria-invalid=\"false\" placeholder=\"Telefon *\" value=\"\" type=\"text\" name=\"phone\" \/><\/span>\n\t\t\t<\/p>\n\t\t<\/div>\n\t\t<div>\n\t\t\t<p><span class=\"wpcf7-form-control-wrap\" data-name=\"your-agency\"><input size=\"40\" maxlength=\"400\" class=\"wpcf7-form-control wpcf7-text wpcf7-validates-as-required\" aria-required=\"true\" aria-invalid=\"false\" placeholder=\"Unternehmen *\" value=\"\" type=\"text\" name=\"your-agency\" \/><\/span>\n\t\t\t<\/p>\n\t\t<\/div>\n\t\t<div>\n\t\t\t<p><span class=\"wpcf7-form-control-wrap\" data-name=\"your-email\"><input size=\"40\" maxlength=\"400\" class=\"wpcf7-form-control wpcf7-email wpcf7-validates-as-required wpcf7-text wpcf7-validates-as-email\" aria-required=\"true\" aria-invalid=\"false\" placeholder=\"E-mail *\" value=\"\" type=\"email\" name=\"your-email\" \/><\/span>\n\t\t\t<\/p>\n\t\t<\/div>\n\t\t<div class=\"full-width\">\n\t\t\t<p><span class=\"wpcf7-form-control-wrap\" data-name=\"your-message\"><textarea cols=\"40\" rows=\"10\" maxlength=\"2000\" class=\"wpcf7-form-control wpcf7-textarea\" aria-invalid=\"false\" placeholder=\"Nachricht\" name=\"your-message\"><\/textarea><\/span>\n\t\t\t<\/p>\n\t\t<\/div>\n\t\t<div class=\"full-width marginTop allegati\">\n\t\t\t<p><div id=\"mfcf7_zl_multifilecontainer\"><span class=\"mfcf7-zl-multiline-sample\" style=\"display:none\"><p class=\"wpcf7-form-control-wrap multilinefile-255\"><input size=\"40\" class=\"wpcf7-form-control wpcf7-multilinefile allegati\" multiple=\"multiple\" value=\"Upload\" aria-invalid=\"false\" type=\"file\" name=\"multilinefile-255[]\" \/> <span class=\"mfcf7-zl-multifile-name\"><\/span><a href=\"javascript:void(0);\" class=\"mfcf7_zl_delete_file\"><span class=\"delete-file\" aria-hidden=\"true\">&#x274C;<\/span><\/a><\/p><\/span><\/div><span class=\"wpcf7-form-control-wrap zl-form-control-wrap multilinefile-255\"><input size=\"40\" class=\"wpcf7-form-control wpcf7-multilinefile allegati\" multiple=\"multiple\" value=\"Upload\" aria-invalid=\"false\" type=\"file\" name=\"multilinefile-255[]\" \/> <span class=\"mfcf7-zl-multifile-name\"><\/span><a href=\"javascript:void(0);\" class=\"mfcf7_zl_delete_file\"><span class=\"delete-file\" aria-hidden=\"true\">&#x274C;<\/span><\/a><\/span><p><label><span class=\"wpcf7-form-control-wrap\" data-name=\"multilinefile-255-zl-mfcf7-upld-btn\"><input type=\"button\" name=\"multilinefile-255-zl-mfcf7-upld-btn\" class=\"button button-primary qbutton\" id=\"mfcf7_zl_add_file\" value=\"Upload\"><\/span><\/label><\/p>\n\t\t\t<\/p>\n\t\t\t<p style=\"color:#6c6e70\">Maximale Gr\u00f6\u00dfe: 4 MB. Zul\u00e4ssige Dateien: pdf\n\t\t\t<\/p>\n\t\t\t<p><span class=\"wpcf7-form-control-wrap\" data-name=\"acceptance-825\"><span class=\"wpcf7-form-control wpcf7-acceptance\"><span class=\"wpcf7-list-item\"><label><input type=\"checkbox\" name=\"acceptance-825\" value=\"1\" aria-invalid=\"false\" \/><span class=\"wpcf7-list-item-label\"><span style=\"color:#6c6e70\"> Ich habe die <a href=\"https:\/\/www.omcd.it\/privacy-policy\/\" style=\"color:#6c6e70; text-decoration:underline\" target=\"_blank\"> Gesch\u00e4ftsbedingungen gelesen<\/a> und erkl\u00e4re mich mit ihnen einverstanden.<\/span><\/span><\/label><\/span><\/span><\/span>\n\t\t\t<\/p>\n\t\t\t<p style=\"color:#6c6e70\"> Diese Webseite ist von <a style=\"color:#6c6e70; text-decoration:underline\" href=\"https:\/\/policies.google.com\/terms\">reCAPTCHA<\/a> gesch\u00fctzt und es werden die Datenschutzrichtlinien und die <a style=\"color:#6c6e70; text-decoration:underline\" href=\"https:\/\/policies.google.com\/privacy\"Leistungsbedingungen<\/a> von Google angewendet.<\/a>\n\t\t\t<\/p>\n\t\t\t<p><input class=\"wpcf7-form-control wpcf7-submit has-spinner\" type=\"submit\" value=\"Informationen anfragen\" \/>\n\t\t\t<\/p>\n\t\t<\/div>\n\t<\/div>\n<\/div><input type='hidden' class='wpcf7-pum' value='{\"closepopup\":false,\"closedelay\":0,\"openpopup\":false,\"openpopup_id\":0}' \/><div class=\"wpcf7-response-output\" aria-hidden=\"true\"><\/div>\n<\/form>\n<\/div>\n\n","protected":false},"excerpt":{"rendered":"<p>Rechtssitz und Betriebsst\u00e4tte: Via Fratelli Borghini, 83 28877 Anzola D&#8217;Ossola [&hellip;]<\/p>\n","protected":false},"author":2,"featured_media":0,"parent":0,"menu_order":0,"comment_status":"closed","ping_status":"closed","template":"","meta":{"_acf_changed":false,"site-sidebar-layout":"default","site-content-layout":"default","ast-site-content-layout":"","site-content-style":"default","site-sidebar-style":"default","ast-global-header-display":"","ast-banner-title-visibility":"","ast-main-header-display":"","ast-hfb-above-header-display":"","ast-hfb-below-header-display":"","ast-hfb-mobile-header-display":"","site-post-title":"","ast-breadcrumbs-content":"","ast-featured-img":"","footer-sml-layout":"","theme-transparent-header-meta":"default","adv-header-id-meta":"","stick-header-meta":"default","header-above-stick-meta":"","header-main-stick-meta":"","header-below-stick-meta":"","astra-migrate-meta-layouts":"default","ast-page-background-enabled":"default","ast-page-background-meta":{"desktop":{"background-color":"","background-image":"","background-repeat":"repeat","background-position":"center center","background-size":"auto","background-attachment":"scroll","background-type":"","background-media":"","overlay-type":"","overlay-color":"","overlay-opacity":"","overlay-gradient":""},"tablet":{"background-color":"","background-image":"","background-repeat":"repeat","background-position":"center center","background-size":"auto","background-attachment":"scroll","background-type":"","background-media":"","overlay-type":"","overlay-color":"","overlay-opacity":"","overlay-gradient":""},"mobile":{"background-color":"","background-image":"","background-repeat":"repeat","background-position":"center center","background-size":"auto","background-attachment":"scroll","background-type":"","background-media":"","overlay-type":"","overlay-color":"","overlay-opacity":"","overlay-gradient":""}},"ast-content-background-meta":{"desktop":{"background-color":"var(--ast-global-color-5)","background-image":"","background-repeat":"repeat","background-position":"center center","background-size":"auto","background-attachment":"scroll","background-type":"","background-media":"","overlay-type":"","overlay-color":"","overlay-opacity":"","overlay-gradient":""},"tablet":{"background-color":"var(--ast-global-color-5)","background-image":"","background-repeat":"repeat","background-position":"center center","background-size":"auto","background-attachment":"scroll","background-type":"","background-media":"","overlay-type":"","overlay-color":"","overlay-opacity":"","overlay-gradient":""},"mobile":{"background-color":"var(--ast-global-color-5)","background-image":"","background-repeat":"repeat","background-position":"center center","background-size":"auto","background-attachment":"scroll","background-type":"","background-media":"","overlay-type":"","overlay-color":"","overlay-opacity":"","overlay-gradient":""}},"footnotes":""},"class_list":["post-1184","page","type-page","status-publish","hentry"],"acf":[],"aioseo_notices":[],"_links":{"self":[{"href":"https:\/\/www.omcd.it\/scleros\/de\/wp-json\/wp\/v2\/pages\/1184","targetHints":{"allow":["GET"]}}],"collection":[{"href":"https:\/\/www.omcd.it\/scleros\/de\/wp-json\/wp\/v2\/pages"}],"about":[{"href":"https:\/\/www.omcd.it\/scleros\/de\/wp-json\/wp\/v2\/types\/page"}],"author":[{"embeddable":true,"href":"https:\/\/www.omcd.it\/scleros\/de\/wp-json\/wp\/v2\/users\/2"}],"replies":[{"embeddable":true,"href":"https:\/\/www.omcd.it\/scleros\/de\/wp-json\/wp\/v2\/comments?post=1184"}],"version-history":[{"count":8,"href":"https:\/\/www.omcd.it\/scleros\/de\/wp-json\/wp\/v2\/pages\/1184\/revisions"}],"predecessor-version":[{"id":2493,"href":"https:\/\/www.omcd.it\/scleros\/de\/wp-json\/wp\/v2\/pages\/1184\/revisions\/2493"}],"wp:attachment":[{"href":"https:\/\/www.omcd.it\/scleros\/de\/wp-json\/wp\/v2\/media?parent=1184"}],"curies":[{"name":"wp","href":"https:\/\/api.w.org\/{rel}","templated":true}]}}