{"id":1107,"date":"2019-11-22T12:47:40","date_gmt":"2019-11-22T11:47:40","guid":{"rendered":"https:\/\/www.omcd.it\/scleros\/cosa-facciamo\/"},"modified":"2020-04-27T15:03:47","modified_gmt":"2020-04-27T13:03:47","slug":"was-wir-machen","status":"publish","type":"page","link":"https:\/\/www.omcd.it\/scleros\/de\/was-wir-machen\/","title":{"rendered":"Was Wir Machen"},"content":{"rendered":"<p>Jede Produktionsabteilung von Scleros verf\u00fcgt \u00fcber <strong>fortschrittliche Maschinen und Werkzeuge<\/strong>, die es zusammen mit der <strong>jahrzehntelangen Erfahrung und den technischen Anwendungsf\u00e4higkeiten<\/strong> unseres Teams dem Unternehmen m\u00f6glich machen, eine Exzellenz in dieser Branche zu sein: <\/p>\n<ul>\n<li>\u00a0Die <strong>mechanische Abteilung<\/strong> verf\u00fcgt \u00fcber Drehb\u00e4nke mit numerischer Steuerung und eine 4-achsigen Fr\u00e4smaschine, wodurch auch komplexe Bearbeitungen m\u00f6glich sind.<\/li>\n<li>\u00a0Die <strong>Schleifabteilung<\/strong> besteht aus Maschinen mit hoher Festigkeit, die speziell zur Bearbeitung von Hartmetall angefertigt wurden. Sie machen es m\u00f6glich, Innenteile, Au\u00dfenteile und Formprofile effizient, pr\u00e4zis und mit einem hohen Feinbearbeitungsgrad der Oberfl\u00e4chen zu schleifen. Eine 5-achsige Schleifmaschine erm\u00f6glicht zudem auch die Bearbeitung von komplexen Formen. <\/li>\n<li>\u00a0Die <strong>Erodierstation<\/strong> sieht sowohl Senkerodieren als auch Drahterodieren vor.<\/li>\n<li>Neben dem gel\u00e4ufigeren Erodieren nehmen wir auch Erodieren in \u00d6l vor, was bessere Leistungen in Bezug auf Pr\u00e4zision und Feinbearbeitung erm\u00f6glicht. Dank des Gebrauchs von Dr\u00e4hten mit einem Durchmesser unter 0,15 mm sind wir im Stande, auch Formen mit sehr kleinen Radien zu schneiden.<br \/>\nF\u00fcr das Senkerodieren sind wir mit einer 3-achsigen Fr\u00e4smaschine ausgestattet, die bis zu 25.000 Umdrehungen erreichen kann und f\u00fcr die Herstellung von Elektroden bestimmt ist.<\/li>\n<li>In der <strong>Polierabteilung<\/strong>, benutzen wir au\u00dfer den manuellen Maschinen auch automatische Maschinen, die es m\u00f6glich machen, den Prozess perfekt zu steuern und eine Rauheit von unter Ra 0,05 zu erhalten.<\/li>\n<li> Wir produzieren Werkzeuge mit Tausendstel-Abmessungstoleranzen und komplexe Formen. Unsere <strong>Kontrollabteilung<\/strong> ist mit den neuesten optisch-taktilen Maschinen ausgestattet, die die Einhaltung der Spezifikationen der Kunden \u00fcberpr\u00fcfen und zertifizieren. <\/li>\n<li>\u00a0Wir verf\u00fcgen auch \u00fcber ein <strong>technisches B\u00fcro<\/strong> mit Anwendungs- und 3D-Planungskenntnissen. Sie sind grundlegend, um die Anforderungen des Kunden in ein Produkt zu verwandeln.<\/li>\n<\/ul>\n","protected":false},"excerpt":{"rendered":"<p>Jede Produktionsabteilung von Scleros verf\u00fcgt \u00fcber fortschrittliche Maschinen und Werkzeuge, [&hellip;]<\/p>\n","protected":false},"author":2,"featured_media":1240,"parent":0,"menu_order":0,"comment_status":"closed","ping_status":"closed","template":"cosafacciamo.php","meta":{"_acf_changed":false,"site-sidebar-layout":"default","site-content-layout":"default","ast-site-content-layout":"","site-content-style":"default","site-sidebar-style":"default","ast-global-header-display":"","ast-banner-title-visibility":"","ast-main-header-display":"","ast-hfb-above-header-display":"","ast-hfb-below-header-display":"","ast-hfb-mobile-header-display":"","site-post-title":"","ast-breadcrumbs-content":"","ast-featured-img":"","footer-sml-layout":"","theme-transparent-header-meta":"default","adv-header-id-meta":"","stick-header-meta":"default","header-above-stick-meta":"","header-main-stick-meta":"","header-below-stick-meta":"","astra-migrate-meta-layouts":"default","ast-page-background-enabled":"default","ast-page-background-meta":{"desktop":{"background-color":"","background-image":"","background-repeat":"repeat","background-position":"center center","background-size":"auto","background-attachment":"scroll","background-type":"","background-media":"","overlay-type":"","overlay-color":"","overlay-opacity":"","overlay-gradient":""},"tablet":{"background-color":"","background-image":"","background-repeat":"repeat","background-position":"center center","background-size":"auto","background-attachment":"scroll","background-type":"","background-media":"","overlay-type":"","overlay-color":"","overlay-opacity":"","overlay-gradient":""},"mobile":{"background-color":"","background-image":"","background-repeat":"repeat","background-position":"center center","background-size":"auto","background-attachment":"scroll","background-type":"","background-media":"","overlay-type":"","overlay-color":"","overlay-opacity":"","overlay-gradient":""}},"ast-content-background-meta":{"desktop":{"background-color":"var(--ast-global-color-5)","background-image":"","background-repeat":"repeat","background-position":"center center","background-size":"auto","background-attachment":"scroll","background-type":"","background-media":"","overlay-type":"","overlay-color":"","overlay-opacity":"","overlay-gradient":""},"tablet":{"background-color":"var(--ast-global-color-5)","background-image":"","background-repeat":"repeat","background-position":"center center","background-size":"auto","background-attachment":"scroll","background-type":"","background-media":"","overlay-type":"","overlay-color":"","overlay-opacity":"","overlay-gradient":""},"mobile":{"background-color":"var(--ast-global-color-5)","background-image":"","background-repeat":"repeat","background-position":"center center","background-size":"auto","background-attachment":"scroll","background-type":"","background-media":"","overlay-type":"","overlay-color":"","overlay-opacity":"","overlay-gradient":""}},"footnotes":""},"class_list":["post-1107","page","type-page","status-publish","has-post-thumbnail","hentry"],"acf":[],"aioseo_notices":[],"_links":{"self":[{"href":"https:\/\/www.omcd.it\/scleros\/de\/wp-json\/wp\/v2\/pages\/1107","targetHints":{"allow":["GET"]}}],"collection":[{"href":"https:\/\/www.omcd.it\/scleros\/de\/wp-json\/wp\/v2\/pages"}],"about":[{"href":"https:\/\/www.omcd.it\/scleros\/de\/wp-json\/wp\/v2\/types\/page"}],"author":[{"embeddable":true,"href":"https:\/\/www.omcd.it\/scleros\/de\/wp-json\/wp\/v2\/users\/2"}],"replies":[{"embeddable":true,"href":"https:\/\/www.omcd.it\/scleros\/de\/wp-json\/wp\/v2\/comments?post=1107"}],"version-history":[{"count":4,"href":"https:\/\/www.omcd.it\/scleros\/de\/wp-json\/wp\/v2\/pages\/1107\/revisions"}],"predecessor-version":[{"id":1243,"href":"https:\/\/www.omcd.it\/scleros\/de\/wp-json\/wp\/v2\/pages\/1107\/revisions\/1243"}],"wp:featuredmedia":[{"embeddable":true,"href":"https:\/\/www.omcd.it\/scleros\/de\/wp-json\/wp\/v2\/media\/1240"}],"wp:attachment":[{"href":"https:\/\/www.omcd.it\/scleros\/de\/wp-json\/wp\/v2\/media?parent=1107"}],"curies":[{"name":"wp","href":"https:\/\/api.w.org\/{rel}","templated":true}]}}