{"id":1063,"date":"2019-03-27T09:31:31","date_gmt":"2019-03-27T08:31:31","guid":{"rendered":"https:\/\/www.omcd.it\/scleros\/chi-siamo\/"},"modified":"2025-07-03T10:54:18","modified_gmt":"2025-07-03T08:54:18","slug":"wer-wir-sind","status":"publish","type":"page","link":"https:\/\/www.omcd.it\/scleros\/de\/wer-wir-sind\/","title":{"rendered":"Wer Wir Sind"},"content":{"rendered":"<p>Scleros ist ein Unternehmen mit einer stark italienischen Identit\u00e4t und ist auch heute noch im Besitz der Familie, die es im Jahre 1948 gegr\u00fcndet hat. Seit mehr als 70 Jahren ist es ein Symbol f\u00fcr Erfolg und Exzellenz im Hartmetall-Bereich und ist in mehr als 50 L\u00e4ndern der Welt t\u00e4tig.<\/p>\n<p>Die Etymologie seines Namens geht auf das Altgriechische zur\u00fcck: [\u03a3\u03ba\u03bb\u03b7\u03c1\u1f79\u03c2 \u00abhart\u00bb], der kraftvoll die Identit\u00e4t zum Ausdruck bringt. Das Kerngesch\u00e4ft ist das Hartmetall und seine <strong>Bearbeitung<\/strong>, das eine umfangreiche Palette an<strong> Spezialfertigwerkzeugen sowohl nach Standard als auch nach Ma\u00dfanfertigung<\/strong> hervorbringt.<\/p>\n<p>Das wertvolle Know-how, das \u00fcber die Jahre ausgebaut wurde und sich in st\u00e4ndiger Entwicklung befindet, die absolute wirtschaftlich-produktive Flexibilit\u00e4t, die auf die Kundenzufriedenheit ausgerichtet ist, sowie die kontinuierlichen Investitionen in innovative Maschinen machen das Unternehmen zur <strong>Exzellenz der italienischen<\/strong> Werkzeugmachereien und zum <strong>idealen Partner<\/strong>, um mit Erfolg Gesch\u00e4fte zu machen.<\/p>\n","protected":false},"excerpt":{"rendered":"<p>Scleros ist ein Unternehmen mit einer stark italienischen Identit\u00e4t und [&hellip;]<\/p>\n","protected":false},"author":2,"featured_media":1065,"parent":0,"menu_order":0,"comment_status":"closed","ping_status":"closed","template":"","meta":{"_acf_changed":false,"site-sidebar-layout":"default","site-content-layout":"default","ast-site-content-layout":"default","site-content-style":"default","site-sidebar-style":"default","ast-global-header-display":"","ast-banner-title-visibility":"","ast-main-header-display":"","ast-hfb-above-header-display":"","ast-hfb-below-header-display":"","ast-hfb-mobile-header-display":"","site-post-title":"","ast-breadcrumbs-content":"","ast-featured-img":"","footer-sml-layout":"","theme-transparent-header-meta":"default","adv-header-id-meta":"","stick-header-meta":"default","header-above-stick-meta":"","header-main-stick-meta":"","header-below-stick-meta":"","astra-migrate-meta-layouts":"set","ast-page-background-enabled":"default","ast-page-background-meta":{"desktop":{"background-color":"","background-image":"","background-repeat":"repeat","background-position":"center center","background-size":"auto","background-attachment":"scroll","background-type":"","background-media":"","overlay-type":"","overlay-color":"","overlay-opacity":"","overlay-gradient":""},"tablet":{"background-color":"","background-image":"","background-repeat":"repeat","background-position":"center center","background-size":"auto","background-attachment":"scroll","background-type":"","background-media":"","overlay-type":"","overlay-color":"","overlay-opacity":"","overlay-gradient":""},"mobile":{"background-color":"","background-image":"","background-repeat":"repeat","background-position":"center center","background-size":"auto","background-attachment":"scroll","background-type":"","background-media":"","overlay-type":"","overlay-color":"","overlay-opacity":"","overlay-gradient":""}},"ast-content-background-meta":{"desktop":{"background-color":"var(--ast-global-color-5)","background-image":"","background-repeat":"repeat","background-position":"center center","background-size":"auto","background-attachment":"scroll","background-type":"","background-media":"","overlay-type":"","overlay-color":"","overlay-opacity":"","overlay-gradient":""},"tablet":{"background-color":"var(--ast-global-color-5)","background-image":"","background-repeat":"repeat","background-position":"center center","background-size":"auto","background-attachment":"scroll","background-type":"","background-media":"","overlay-type":"","overlay-color":"","overlay-opacity":"","overlay-gradient":""},"mobile":{"background-color":"var(--ast-global-color-5)","background-image":"","background-repeat":"repeat","background-position":"center center","background-size":"auto","background-attachment":"scroll","background-type":"","background-media":"","overlay-type":"","overlay-color":"","overlay-opacity":"","overlay-gradient":""}},"footnotes":""},"class_list":["post-1063","page","type-page","status-publish","has-post-thumbnail","hentry"],"acf":[],"aioseo_notices":[],"_links":{"self":[{"href":"https:\/\/www.omcd.it\/scleros\/de\/wp-json\/wp\/v2\/pages\/1063","targetHints":{"allow":["GET"]}}],"collection":[{"href":"https:\/\/www.omcd.it\/scleros\/de\/wp-json\/wp\/v2\/pages"}],"about":[{"href":"https:\/\/www.omcd.it\/scleros\/de\/wp-json\/wp\/v2\/types\/page"}],"author":[{"embeddable":true,"href":"https:\/\/www.omcd.it\/scleros\/de\/wp-json\/wp\/v2\/users\/2"}],"replies":[{"embeddable":true,"href":"https:\/\/www.omcd.it\/scleros\/de\/wp-json\/wp\/v2\/comments?post=1063"}],"version-history":[{"count":15,"href":"https:\/\/www.omcd.it\/scleros\/de\/wp-json\/wp\/v2\/pages\/1063\/revisions"}],"predecessor-version":[{"id":2684,"href":"https:\/\/www.omcd.it\/scleros\/de\/wp-json\/wp\/v2\/pages\/1063\/revisions\/2684"}],"wp:featuredmedia":[{"embeddable":true,"href":"https:\/\/www.omcd.it\/scleros\/de\/wp-json\/wp\/v2\/media\/1065"}],"wp:attachment":[{"href":"https:\/\/www.omcd.it\/scleros\/de\/wp-json\/wp\/v2\/media?parent=1063"}],"curies":[{"name":"wp","href":"https:\/\/api.w.org\/{rel}","templated":true}]}}