{"id":1047,"date":"2019-03-26T11:22:09","date_gmt":"2019-03-26T10:22:09","guid":{"rendered":"https:\/\/www.omcd.it\/scleros\/homepage\/"},"modified":"2025-06-23T10:11:42","modified_gmt":"2025-06-23T08:11:42","slug":"homepage","status":"publish","type":"page","link":"https:\/\/www.omcd.it\/scleros\/de\/","title":{"rendered":"Homepage"},"content":{"rendered":"<h2>Scleros ist das erste Unternehmen der Gruppe OMCD, das in der <strong>Bearbeitung von Hartmetall<\/strong> t\u00e4tig ist; <strong>es hat sich auf die Planung und Produktion von Hochpr\u00e4zisionswerkzeugen spezialisiert<\/strong>.<\/h2>\n<p>Die komplexen Produktionssysteme, die sich in kontinuierlicher Entwicklung befinden und die heutige Industriewelt kennzeichnen, erfordern hochwertige Werkzeuge, die die <strong>Produktionseffizienz der Kunden<\/strong> verbessern. Scleros ist die Antwort auf diesen Bedarf und bietet Produkte von <strong>hoher Qualit\u00e4t: Leistungsf\u00e4hig, dauerhaft und mit einem hohen Grad an Pr\u00e4zision und Feinbearbeitung<\/strong>.<\/p>\n<p>Um dieses Ziel zu erreichen, hat sich Scleros mit <strong>fortschrittlichen Maschinen und Ger\u00e4ten<\/strong> ausgestattet, die konstant aufger\u00fcstet und ausgebaut werden. Schleifen und Funkenerodieren der neuesten Generation sowie Maschinen mit optisch-taktiler Steuerung garantieren die Zufriedenheit der immer h\u00f6heren Pr\u00e4zisionsw\u00fcnsche der Kunden.<\/p>\n<p>Unsere Unternehmensziele sind Leidenschaft, Pr\u00e4zision und Aufmerksamkeit f\u00fcr die Kunden.<\/p>\n<p><a class=\"btn btn--link\" style=\"font-size: 24px; margin-top: 10px;\" href=\"\/scleros\/de\/wer-wir-sind\">WER WIR SIND<\/a><\/p>\n","protected":false},"excerpt":{"rendered":"<p>Scleros ist das erste Unternehmen der Gruppe OMCD, das in [&hellip;]<\/p>\n","protected":false},"author":2,"featured_media":0,"parent":0,"menu_order":0,"comment_status":"closed","ping_status":"closed","template":"","meta":{"_acf_changed":false,"site-sidebar-layout":"no-sidebar","site-content-layout":"page-builder","ast-site-content-layout":"full-width-container","site-content-style":"unboxed","site-sidebar-style":"unboxed","ast-global-header-display":"","ast-banner-title-visibility":"","ast-main-header-display":"","ast-hfb-above-header-display":"","ast-hfb-below-header-display":"","ast-hfb-mobile-header-display":"","site-post-title":"disabled","ast-breadcrumbs-content":"","ast-featured-img":"","footer-sml-layout":"","theme-transparent-header-meta":"default","adv-header-id-meta":"","stick-header-meta":"default","header-above-stick-meta":"","header-main-stick-meta":"","header-below-stick-meta":"","astra-migrate-meta-layouts":"set","ast-page-background-enabled":"default","ast-page-background-meta":{"desktop":{"background-color":"","background-image":"","background-repeat":"repeat","background-position":"center center","background-size":"auto","background-attachment":"scroll","background-type":"","background-media":"","overlay-type":"","overlay-color":"","overlay-opacity":"","overlay-gradient":""},"tablet":{"background-color":"","background-image":"","background-repeat":"repeat","background-position":"center center","background-size":"auto","background-attachment":"scroll","background-type":"","background-media":"","overlay-type":"","overlay-color":"","overlay-opacity":"","overlay-gradient":""},"mobile":{"background-color":"","background-image":"","background-repeat":"repeat","background-position":"center center","background-size":"auto","background-attachment":"scroll","background-type":"","background-media":"","overlay-type":"","overlay-color":"","overlay-opacity":"","overlay-gradient":""}},"ast-content-background-meta":{"desktop":{"background-color":"var(--ast-global-color-5)","background-image":"","background-repeat":"repeat","background-position":"center center","background-size":"auto","background-attachment":"scroll","background-type":"","background-media":"","overlay-type":"","overlay-color":"","overlay-opacity":"","overlay-gradient":""},"tablet":{"background-color":"var(--ast-global-color-5)","background-image":"","background-repeat":"repeat","background-position":"center center","background-size":"auto","background-attachment":"scroll","background-type":"","background-media":"","overlay-type":"","overlay-color":"","overlay-opacity":"","overlay-gradient":""},"mobile":{"background-color":"var(--ast-global-color-5)","background-image":"","background-repeat":"repeat","background-position":"center center","background-size":"auto","background-attachment":"scroll","background-type":"","background-media":"","overlay-type":"","overlay-color":"","overlay-opacity":"","overlay-gradient":""}},"footnotes":""},"class_list":["post-1047","page","type-page","status-publish","hentry"],"acf":[],"aioseo_notices":[],"_links":{"self":[{"href":"https:\/\/www.omcd.it\/scleros\/de\/wp-json\/wp\/v2\/pages\/1047","targetHints":{"allow":["GET"]}}],"collection":[{"href":"https:\/\/www.omcd.it\/scleros\/de\/wp-json\/wp\/v2\/pages"}],"about":[{"href":"https:\/\/www.omcd.it\/scleros\/de\/wp-json\/wp\/v2\/types\/page"}],"author":[{"embeddable":true,"href":"https:\/\/www.omcd.it\/scleros\/de\/wp-json\/wp\/v2\/users\/2"}],"replies":[{"embeddable":true,"href":"https:\/\/www.omcd.it\/scleros\/de\/wp-json\/wp\/v2\/comments?post=1047"}],"version-history":[{"count":5,"href":"https:\/\/www.omcd.it\/scleros\/de\/wp-json\/wp\/v2\/pages\/1047\/revisions"}],"predecessor-version":[{"id":2582,"href":"https:\/\/www.omcd.it\/scleros\/de\/wp-json\/wp\/v2\/pages\/1047\/revisions\/2582"}],"wp:attachment":[{"href":"https:\/\/www.omcd.it\/scleros\/de\/wp-json\/wp\/v2\/media?parent=1047"}],"curies":[{"name":"wp","href":"https:\/\/api.w.org\/{rel}","templated":true}]}}