{"id":1237,"date":"2017-11-30T14:17:48","date_gmt":"2017-11-30T13:17:48","guid":{"rendered":"https:\/\/www.omcd.it\/cookie-policy\/"},"modified":"2020-11-03T11:16:07","modified_gmt":"2020-11-03T10:16:07","slug":"cookie-policy","status":"publish","type":"page","link":"https:\/\/www.omcd.it\/it\/cookie-policy\/","title":{"rendered":"Cookie Policy"},"content":{"rendered":"<h2>Informativa estesa sui Cookie<\/h2>\n<p>I Cookie sono piccoli file di testo che vengono depositati sul computer o sui devices dell\u2019utente dai siti che visita. Essi sono principalmente utilizzati al fine di far funzionare i siti web e farli operare in modo pi\u00f9 efficiente, nonch\u00e9 di fornire informazioni ai proprietari del sito stesso. Alcune delle finalit\u00e0 di installazione dei Cookie potrebbero, inoltre, necessitare del consenso dell\u2019Utente.<\/p>\n<h2>Uso dei Cookie<\/h2>\n<p>Questo sito utilizza i Cookie per rendere semplice ed efficace l\u2019esperienza di navigazione per chi ne visualizza le pagine. Disabilitando i Cookie, alcune delle funzionalit\u00e0 del sito potrebbero non funzionare correttamente. Vi sono vari tipi di cookie, alcuni per rendere pi\u00f9 efficace l\u2019uso del sito, altri per abilitare determinate funzionalit\u00e0. I Cookie utilizzati permettono di memorizzare le preferenze inserite, evitare di reinserire le stesse informazioni pi\u00f9 volte e analizzare l\u2019utilizzo del sito per ottimizzarne l\u2019esperienza di navigazione.<\/p>\n<h2>Tipologie di Cookie<\/h2>\n<p><strong>Cookie Tecnici<\/strong><\/p>\n<p>Questa tipologia di Cookie \u00e8 strettamente necessaria al corretto funzionamento di alcune sezioni del sito.<\/p>\n<p>Sono di due categorie:<\/p>\n<p>1) persistenti: una volta chiuso il browser non vengono distrutti ma rimangono fino ad una data di scadenza preimpostata. Fra questi Cookie rientrano, ad esempio, quelli per impostare la lingua. Questi, non essendo cancellati direttamente alla chiusura del browser, consentono di ricordare le scelte operate dall\u2019utente sul proprio sito nonch\u00e9 di raccogliere informazioni circa le pagine del sito visitate dall\u2019utente, la frequenza con cui il sito viene visitato e per identificare il tracciato di navigazione degli utenti, al fine di migliorare l\u2019esperienza del visitatore sul presente sito.<\/p>\n<p>2) di sessione: rimangono memorizzati nel terminale per un breve periodo di tempo e sono eliminati alla chiusura del browser. Il loro utilizzo \u00e8 limitato alla trasmissione di identificativi di sessione (costituiti da numeri casuali generati dal server) necessari per consentire l&#8217;esplorazione sicura ed efficiente del sito.<\/p>\n<p>I Cookie sono necessari per visualizzare correttamente il sito e per migliorare l\u2019esperienza di navigazione dell\u2019utente, quindi sono sempre abilitati in forma automatica, a meno che l\u2019utenza non modifichi le impostazioni nel proprio browser (inficiando cos\u00ec la corretta visualizzazione delle pagine del sito).<\/p>\n<p>I Cookie, di sessione o persistenti, possono essere di Prima parte o di Terza parte a seconda che il soggetto che installa i Cookie sul terminale dell&#8217;utente sia lo stesso gestore del sito (\u201cCookie di Prima parte\u201d) oppure un soggetto diverso (\u201cCookie di Terza parte\u201d).<\/p>\n<p><strong>Cookie analitici<\/strong><\/p>\n<p>Questi Cookie vengono utilizzati per collezionare informazioni sull\u2019uso del sito. Queste informazioni vengono utilizzate in merito ad analisi statistiche anonime al fine di migliorare l\u2019utilizzo del sito e per rendere i contenuti pi\u00f9 interessanti e attinenti ai desideri dell\u2019utenza. Questa tipologia di Cookie raccoglie dati in forma anonima sull\u2019attivit\u00e0 dell\u2019utenza e su come \u00e8 arrivata sul sito. I Cookie analitici sono inviati dal sito stesso o da domini di terze parti.<\/p>\n<p><strong>Cookie di analisi di servizi di terze parti<\/strong><\/p>\n<p>Questi Cookie sono utilizzati al fine di raccogliere informazioni sull\u2019uso del sito da parte degli utenti in forma anonima, quali pagine visitate, tempo di permanenza, origini del traffico di provenienza, provenienza geografica, et\u00e0, genere e interessi ai fini di campagne di marketing. Questi Cookie sono inviati da domini di terze parti esterni al sito.<\/p>\n<p><strong>Cookie per integrare prodotti e funzioni di software di terze parti<\/strong><\/p>\n<p>Questa tipologia di Cookie integra funzionalit\u00e0 sviluppate da terzi all\u2019interno delle pagine del sito come le icone e le preferenze espresse nei social network al fine di condivisione dei contenuti del sito o per l\u2019uso di servizi software di terze parti (come i software per generare le mappe e ulteriori software che offrono servizi aggiuntivi). Questi Cookie sono inviati da domini di terze parti e da siti partner che offrono le loro funzionalit\u00e0 tra le pagine del Sito.<\/p>\n<p><strong>Cookie di profilazione<\/strong><\/p>\n<p>Sono quei Cookie necessari a creare profili utenti al fine di inviare messaggi pubblicitari in linea con le preferenze manifestate dall\u2019utente all\u2019interno delle pagine del Sito. Nel nostro Sito non utilizziamo Cookie di profilazione tuttavia Google potrebbe utilizzare i Dati Personali per contestualizzare e personalizzare gli annunci del proprio network pubblicitario.<\/p>\n<h2>Consenso all\u2019utilizzo dei Cookie<\/h2>\n<p>In questo sito, secondo la normativa vigente, non siamo tenuti a chiedere consenso per i Cookie tecnici, in quanto necessari a fornire i servizi richiesti.<\/p>\n<p>Per tutte le altre tipologie di Cookie il consenso pu\u00f2 essere espresso dall\u2019utente con una o pi\u00f9 di una delle seguenti modalit\u00e0:<\/p>\n<p>1) mediante specifiche configurazioni del browser utilizzato o dei relativi programmi informatici utilizzati per navigare le pagine che compongono il sito;<br \/>\n2) mediante modifica delle impostazioni nell\u2019uso dei servizi di terze parti.<br \/>\nQueste soluzioni potrebbero impedire all\u2019utente di utilizzare o visualizzare parti del Sito.<\/p>\n<h2>Siti Web e servizi di terze parti<\/h2>\n<p>Il Sito potrebbe contenere collegamenti ad altri siti Web che dispongono di una propria informativa sui Cookie e sulla privacy, che possono essere diverse da quelle presenti in questo sito e che quindi non risponde di questi siti.<\/p>\n<h2>Come disabilitare i Cookie mediante configurazione di alcuni browser<\/h2>\n<p>Ogni browser ha delle indicazioni specifiche per configurare i Cookie. Per sapere come disabilitare i Cookie dei principali Browser al momento disponibili, invitiamo a consultare le specifiche sezioni di supporto dei siti internet dedicati. Ad esempio:<\/p>\n<p>Per Google Chrome: <a title=\"https:\/\/support.google.com\/chrome\/?hl=it#topic=9796470\" href=\"https:\/\/support.google.com\/chrome\/?hl=it#topic=9796470\" target=\"_blank\" rel=\"nofollow noopener noreferrer\">https:\/\/support.google.com\/chrome\/?hl=it#topic=9796470<\/a><\/p>\n<p>Per Mozilla Firefox: <a title=\"https:\/\/support.mozilla.org\/it\/\" href=\"https:\/\/support.mozilla.org\/it\/\" target=\"_blank\" rel=\"nofollow noopener noreferrer\">https:\/\/support.mozilla.org\/it\/<\/a><\/p>\n<p>Per Internet Explorer: <a title=\"https:\/\/support.microsoft.com\/it-it\/office\/guida-di-internet-explorer-23360e49-9cd3-4dda-ba52-705336cc0de2?ui=it-IT&amp;rs=it-IT&amp;ad=IT\" href=\"https:\/\/support.microsoft.com\/it-it\/office\/guida-di-internet-explorer-23360e49-9cd3-4dda-ba52-705336cc0de2?ui=it-IT&amp;rs=it-IT&amp;ad=IT\" target=\"_blank\" rel=\"nofollow noopener noreferrer\">https:\/\/support.microsoft.com\/it-it\/office\/guida-di-internet-explorer-23360e49-9cd3-4dda-ba52-705336cc0de2?ui=it-IT&amp;rs=it-IT&amp;ad=IT<\/a><\/p>\n<p>Per Edge:<a title=\"https:\/\/support.microsoft.com\/en-us\/microsoft-edge\" href=\"https:\/\/support.microsoft.com\/en-us\/microsoft-edge\" target=\"_blank\" rel=\"nofollow noopener noreferrer\"> https:\/\/support.microsoft.com\/en-us\/microsoft-edge<\/a><\/p>\n<p>Per Opera: <a title=\"https:\/\/www.opera.com\/it\/help\" href=\"https:\/\/www.opera.com\/it\/help\" target=\"_blank\" rel=\"nofollow noopener noreferrer\">https:\/\/www.opera.com\/it\/help<\/a><\/p>\n<p>Per Safari: <a title=\"https:\/\/support.apple.com\/it-it\/safari\" href=\"https:\/\/support.apple.com\/it-it\/safari\" target=\"_blank\" rel=\"nofollow noopener noreferrer\">https:\/\/support.apple.com\/it-it\/safari<\/a><\/p>\n<h2>Dati personali raccolti su questo sito<\/h2>\n<p>Di seguito, l\u2019elenco dei dati personali che vengono raccolti su questo sito e dei relativi strumenti e servizi di terze parti utilizzati per la raccolta.<\/p>\n<p><strong>__utma<\/strong><br \/>\nDurata: 1 giorno<br \/>\nDescrizione: Google Analytics<\/p>\n<p><strong>__utmb<\/strong><br \/>\nDurata: 1 giorno<br \/>\nDescrizione: Google Analytics<\/p>\n<p><strong>__utmc<\/strong><br \/>\nDurata: non specificato<br \/>\nDescrizione: Google Analytics<\/p>\n<p><strong>__utmz<\/strong><br \/>\nDurata: 6 mesi<br \/>\nDescrizione: Google Analytics<\/p>\n<p><strong>__utmt<\/strong><br \/>\nDurata: 1 giorno<br \/>\nDescrizione: Google Analytics<\/p>\n<p><strong>NID<\/strong><br \/>\nDurata: 6 mesi<br \/>\nDescrizione: Google Maps<\/p>\n<p><strong>cookieconsent_status<\/strong><br \/>\nDurata: 1 anno<br \/>\nDescrizione: Informativa cookie<\/p>\n<p><strong>VISITOR_INFO1_LIVE<\/strong><br \/>\nDurata: 6 mesi<br \/>\nDescrizione: YouTube<\/p>\n<p><strong>YSC<\/strong><br \/>\nDurata: non specificato<br \/>\nDescrizione: YouTube<\/p>\n<p><strong>_ga<\/strong><br \/>\nDurata: 2 anni<br \/>\nDescrizione: Google Analytics<\/p>\n<p><strong>_gid<\/strong><br \/>\nDurata: 2 giorni<br \/>\nDescrizione: Google Analytics<\/p>\n<p><strong>_gat_gtag_UA_3691325_46<\/strong><br \/>\nDurata: 1 giorno<br \/>\nDescrizione: Google Analytics<\/p>\n<p><strong>test_cookie<\/strong><br \/>\nDurata: 1 giorno<br \/>\nDescrizione: Doubleclick (Google)<\/p>\n<p><strong>IDE<\/strong><br \/>\nDurata: 13 mesi circa<br \/>\nDescrizione: Doubleclick (Google)<\/p>\n<p><strong>personalization_id<\/strong><br \/>\nDurata: 2 anni<br \/>\nDescrizione: bottone condivisione Twitter<\/p>\n<p><strong>guest_id<\/strong><br \/>\nDurata: 2 anni<br \/>\nDescrizione: bottone condivisione Twitter<\/p>\n<p><strong>Gt<\/strong><br \/>\nDurata: 1 giorno<br \/>\nDescrizione: bottone condivisione Twitter<\/p>\n<p><strong>ct0<\/strong><br \/>\nDurata: 1 giorno<br \/>\nDescrizione: bottone condivisione Twitter<\/p>\n<p><strong>_sl<\/strong><br \/>\nDurata: 2 giorni<br \/>\nDescrizione: bottone condivisione Twitter<\/p>\n<p><strong>_twitter_sess<\/strong><br \/>\nDurata: non specificato<br \/>\nDescrizione: bottone condivisione Twitter<\/p>\n<p><strong>JSESSIONID<\/strong><br \/>\nDurata: non specificato<br \/>\nDescrizione: bottone condivisione Linkedin<\/p>\n<p><strong>Lang<\/strong><br \/>\nDurata: non specificato<br \/>\nDescrizione: bottone condivisione Linkedin<\/p>\n<p><strong>Bcookie<\/strong><br \/>\nDurata: 2 giorni<br \/>\nDescrizione: Linkedin advertising network<\/p>\n<p><strong>bscookie<\/strong><br \/>\nDurata: 2 giorni<br \/>\nDescrizione: Linkedin advertising network<\/p>\n<p><strong>lissc<\/strong><br \/>\nDurata: 1 anno<br \/>\nDescrizione: Linkedin advertising network<\/p>\n<p><strong>lidc<\/strong><br \/>\nDurata: 2 giorni<br \/>\nDescrizione: Linkedin advertising network<\/p>\n<p><strong>CONSENT<\/strong><br \/>\nDurata: 2038-01-01<br \/>\nDescrizione: Google Maps<\/p>\n<h2>Form o Modulo di Contatto<\/h2>\n<p>L\u2019utente, previa accettazione della Privacy, acconsente all\u2019invio e all\u2019utilizzo dei dati inseriti nel form di contatto al fine di rispondere esclusivamente alle richieste di preventivo e di informazione.<\/p>\n<p>Dati personali raccolti: Nome, Cognome, Ragione Sociale, E-mail, Telefono, Richiesta, Accettazione della privacy (obbligatorio).<\/p>\n<p>I dati sono archiviati come backup all\u2019interno dell\u2019area di amministrazione del sito per 1 anno.<\/p>\n<h2>Pulsanti per la condivisione su LinkedIn, Instagram e Facebook<\/h2>\n<p>Il pulsante LinkedIn, Instagram e Facebook ed i loro servizi sono necessari all&#8217;interazione con i tre social network.<\/p>\n<p>Le interazioni e le informazioni acquisite da questa Applicazione sono in ogni caso soggette alle impostazioni privacy dell\u2019Utente relative ad ogni social network.<\/p>\n<p>Si rimanda alle specifiche sezioni di supporto:<br \/>\n<a title=\"https:\/\/www.linkedin.com\/legal\/privacy-policy\" href=\"https:\/\/www.linkedin.com\/legal\/privacy-policy\" target=\"_blank\" rel=\"nofollow noopener noreferrer\">https:\/\/www.linkedin.com\/legal\/privacy-policy<\/a><\/p>\n<p><a title=\"https:\/\/help.instagram.com\" href=\"https:\/\/help.instagram.com\" target=\"_blank\" rel=\"nofollow noopener noreferrer\">https:\/\/help.instagram.com<\/a><\/p>\n<p><a title=\"https:\/\/www.facebook.com\/privacy\/explanation\" href=\"https:\/\/www.facebook.com\/privacy\/explanation\" target=\"_blank\" rel=\"nofollow noopener noreferrer\">https:\/\/www.facebook.com\/privacy\/explanation<\/a><\/p>\n<h2>Google Analytics (Google)<\/h2>\n<p>Google Analytics \u00e8 un servizio di analisi web fornito da Google Inc. (\u201cGoogle\u201d). Google utilizza i Dati Personali raccolti allo scopo di tracciare ed esaminare l\u2019utilizzo di questa Applicazione, compilare report e condividerli con gli altri servizi sviluppati da Google.<\/p>\n<p>Google potrebbe utilizzare i Dati Personali per contestualizzare e personalizzare gli annunci del proprio network pubblicitario.<\/p>\n<p>Dal momento che l\u2019installazione di Cookie e di altri sistemi di tracciamento operata da terze parti tramite i servizi utilizzati all\u2019interno di questo sito non pu\u00f2 essere tecnicamente controllata dal Titolare, ogni riferimento specifico a Cookie e sistemi di tracciamento installati da terze parti \u00e8 da considerarsi indicativo. Per ottenere informazioni complete, consulta la privacy policy degli eventuali servizi terzi elencati in questo documento.<\/p>\n<p>Vista l\u2019oggettiva complessit\u00e0 legata all\u2019identificazione delle tecnologie basate sui Cookie ed alla loro integrazione molto stretta con il funzionamento del web, l\u2019Utente \u00e8 invitato a contattare il Titolare qualora volesse ricevere qualunque approfondimento relativo all\u2019utilizzo dei Cookie stessi.<\/p>\n","protected":false},"excerpt":{"rendered":"<p>Informativa estesa sui Cookie I Cookie sono piccoli file di testo che vengono depositati sul [&hellip;]<\/p>\n","protected":false},"author":1,"featured_media":83,"parent":0,"menu_order":0,"comment_status":"closed","ping_status":"closed","template":"page-cookie.php","meta":{"_acf_changed":false,"footnotes":""},"class_list":["post-1237","page","type-page","status-publish","has-post-thumbnail","hentry"],"acf":[],"aioseo_notices":[],"_links":{"self":[{"href":"https:\/\/www.omcd.it\/it\/wp-json\/wp\/v2\/pages\/1237","targetHints":{"allow":["GET"]}}],"collection":[{"href":"https:\/\/www.omcd.it\/it\/wp-json\/wp\/v2\/pages"}],"about":[{"href":"https:\/\/www.omcd.it\/it\/wp-json\/wp\/v2\/types\/page"}],"author":[{"embeddable":true,"href":"https:\/\/www.omcd.it\/it\/wp-json\/wp\/v2\/users\/1"}],"replies":[{"embeddable":true,"href":"https:\/\/www.omcd.it\/it\/wp-json\/wp\/v2\/comments?post=1237"}],"version-history":[{"count":2,"href":"https:\/\/www.omcd.it\/it\/wp-json\/wp\/v2\/pages\/1237\/revisions"}],"predecessor-version":[{"id":3225,"href":"https:\/\/www.omcd.it\/it\/wp-json\/wp\/v2\/pages\/1237\/revisions\/3225"}],"wp:featuredmedia":[{"embeddable":true,"href":"https:\/\/www.omcd.it\/it\/wp-json\/wp\/v2\/media\/83"}],"wp:attachment":[{"href":"https:\/\/www.omcd.it\/it\/wp-json\/wp\/v2\/media?parent=1237"}],"curies":[{"name":"wp","href":"https:\/\/api.w.org\/{rel}","templated":true}]}}