{"id":1116,"date":"2017-12-06T09:24:18","date_gmt":"2017-12-06T08:24:18","guid":{"rendered":"https:\/\/www.omcd.it\/who-we-are\/"},"modified":"2025-10-13T10:17:56","modified_gmt":"2025-10-13T08:17:56","slug":"chi-siamo","status":"publish","type":"page","link":"https:\/\/www.omcd.it\/it\/chi-siamo\/","title":{"rendered":"Chi siamo"},"content":{"rendered":"<div class=\"uk-grid\">\n<div class=\"uk-width-1-2@m\" data-aos=\"slide-right\" data-aos-duration=\"600\">\n<p><span class=\"big-letter\">F<\/span>ondato nel 1948, il Gruppo ha costruito negli anni una <strong>leadership riconosciuta a livello internazionale<\/strong>, grazie alla costante evoluzione tecnologica e alla continuit\u00e0 garantita dalla <strong>famiglia Tedeschi<\/strong>, alla guida fin dalle origini.<\/p>\n<p>Oggi OMCD \u00e8 strutturato in quattro aziende \u2013 <strong>Dimotek Eood, Hardy Metal\u00fargica Ltd, Scleros SpA e OMCD TEK HUB SpA<\/strong> con i suoi marchi <strong>FILMS, Harditalia, Diamil, UGP, Celsia e HI.Lab<\/strong>. Questa organizzazione consente al gruppo di <strong>controllare l\u2019intero processo produttivo<\/strong>, dalla raffinazione delle materie prime alla microfinitura, assicurando un controllo diretto su ogni fase del processo e una presenza costante nei principali mercati internazionali.<\/p>\n<\/div>\n<div class=\"uk-width-1-2@m\" data-aos=\"slide-left\" data-aos-duration=\"600\">\n<p><img loading=\"lazy\" decoding=\"async\" src=\"https:\/\/www.omcd.it\/wp-content\/uploads\/Struttura-Organizzazione-OMCD.svg\" alt=\"Struttura Organizzazione OMCD\" width=\"505\" height=\"181\" class=\"alignnone size-full wp-image-6051\" \/><\/p>\n<\/div>\n<\/div>\n<div class=\"uk-margin-large uk-grid\">\n<div class=\"uk-width-1-2@m\" data-aos=\"slide-right\" data-aos-duration=\"600\">\n<img loading=\"lazy\" decoding=\"async\" src=\"https:\/\/www.omcd.it\/wp-content\/uploads\/Robot-e-Software-OMCD.jpg\" alt=\"Robot e Software OMCD\" width=\"535\" height=\"341\" class=\"alignnone size-full wp-image-6040\" srcset=\"https:\/\/www.omcd.it\/wp-content\/uploads\/Robot-e-Software-OMCD.jpg 535w, https:\/\/www.omcd.it\/wp-content\/uploads\/Robot-e-Software-OMCD-300x191.jpg 300w\" sizes=\"auto, (max-width: 535px) 100vw, 535px\" \/>\n<\/div>\n<div class=\"uk-width-1-2@m uk-flex uk-flex-middle\" data-aos=\"slide-left\" data-aos-duration=\"600\">\n<div>\nLa nostra forza sta nella <strong>conoscenza approfondita dei materiali e dei processi di sinterizzazione del tungsteno<\/strong>, che ci consente di realizzare prodotti ad alte prestazioni, rispondenti alle reali esigenze dei clienti.<\/p>\n<p>Lavoriamo ogni giorno al fianco dei nostri partner per trovare <strong>soluzioni concrete e funzionali<\/strong>, trasformando le sfide pi\u00f9 complesse in nuove opportunit\u00e0 di successo. Costruiamo <strong>relazioni fondate su fiducia, continuit\u00e0 e attenzione reciproca<\/strong>, con l\u2019obiettivo di garantire a ogni cliente sicurezza, stabilit\u00e0 e valore nel proprio lavoro.<\/p>\n<\/div>\n<\/div>\n<div class=\"uk-width-1-1\"><\/div>\n<\/div>\n","protected":false},"excerpt":{"rendered":"<p>Fondato nel 1948, il Gruppo ha costruito negli anni una leadership riconosciuta a livello internazionale, [&hellip;]<\/p>\n","protected":false},"author":1,"featured_media":227,"parent":0,"menu_order":0,"comment_status":"closed","ping_status":"closed","template":"","meta":{"_acf_changed":false,"footnotes":""},"class_list":["post-1116","page","type-page","status-publish","has-post-thumbnail","hentry"],"acf":[],"aioseo_notices":[],"_links":{"self":[{"href":"https:\/\/www.omcd.it\/it\/wp-json\/wp\/v2\/pages\/1116","targetHints":{"allow":["GET"]}}],"collection":[{"href":"https:\/\/www.omcd.it\/it\/wp-json\/wp\/v2\/pages"}],"about":[{"href":"https:\/\/www.omcd.it\/it\/wp-json\/wp\/v2\/types\/page"}],"author":[{"embeddable":true,"href":"https:\/\/www.omcd.it\/it\/wp-json\/wp\/v2\/users\/1"}],"replies":[{"embeddable":true,"href":"https:\/\/www.omcd.it\/it\/wp-json\/wp\/v2\/comments?post=1116"}],"version-history":[{"count":20,"href":"https:\/\/www.omcd.it\/it\/wp-json\/wp\/v2\/pages\/1116\/revisions"}],"predecessor-version":[{"id":6055,"href":"https:\/\/www.omcd.it\/it\/wp-json\/wp\/v2\/pages\/1116\/revisions\/6055"}],"wp:featuredmedia":[{"embeddable":true,"href":"https:\/\/www.omcd.it\/it\/wp-json\/wp\/v2\/media\/227"}],"wp:attachment":[{"href":"https:\/\/www.omcd.it\/it\/wp-json\/wp\/v2\/media?parent=1116"}],"curies":[{"name":"wp","href":"https:\/\/api.w.org\/{rel}","templated":true}]}}