{"id":1043,"date":"2017-11-30T14:15:58","date_gmt":"2017-11-30T13:15:58","guid":{"rendered":"https:\/\/www.omcd.it\/privacy-policy\/"},"modified":"2025-05-06T12:00:26","modified_gmt":"2025-05-06T10:00:26","slug":"privacy-policy","status":"publish","type":"page","link":"https:\/\/www.omcd.it\/it\/privacy-policy\/","title":{"rendered":"Privacy Policy"},"content":{"rendered":"<h2>INFORMATIVA RELATIVA AL TRATTAMENTO DEI DATI PERSONALI AI SENSI DELL\u2019ART. 13 E SS. DEL REGOLAMENTO EUROPEO N. 679\/2016 (\u201cGDPR\u201d), DELLE DISPOSIZIONI DEL D.LGS. 196\/2003 (CODICE IN MATERIA DEI DATI PERSONALI), COS\u00cc COME MODIFICATO DAL D.LGS. 101\/2018.<\/h2>\n<h3><strong>SCOPO<\/strong><\/h3>\n<p>La modalit\u00e0 con cui vengono raccolti, conservati ed utilizzati i dati personali forniti attraverso questo sito sono regolati dalla presente Policy sulla Privacy. Siete invitati di conseguenza ad un\u2019attenta lettura della stessa, prima di inserire qualsiasi informazione personale su questo sito.<\/p>\n<h3><strong>CONSENSO<\/strong><\/h3>\n<p>L\u2019accesso e l\u2019utilizzo di questo sito comportano l\u2019approvazione della presente Policy sulla Privacy e, ogni qual volta vengano fornite delle informazioni o dati personali sullo stesso, si acconsente alla raccolta, utilizzo e divulgazione delle stesse in conformit\u00e0 a quanto quivi specificato.<\/p>\n<h3><strong>TITOLARE DEL TRATTAMENTO<\/strong><\/h3>\n<p>OMCD SpA, avente sede legale in Milano, Via Paruta n.56 Milano, Codice Fiscale e Partita IVA n. 00744600156, www.omcd.it\/it, nella persona del Rappresentante Legale pro tempore, di seguito \u201cTitolare\u201d o \u201cTitolare del trattamento\u201d.<br \/>\nSono parte del Gruppo OMCD e Contitolari dei dati anche le seguenti Societ\u00e0:<\/p>\n<ul>\n<li>OMCD TEK HUB SPA (sede legale in Via Megolo 43, 28877 Anzola d\u2019Ossola (VB), CF\/PI 00116980038, www.omcd.it\/films).<\/li>\n<li>SCLEROS SPA (sede legale in Via Fratelli Borghini 83, 28877 Anzola d\u2019Ossola (VB), CF\/PI 00124690033, www.omcd.it\/scleros).<\/li>\n<\/ul>\n<p>Ai sensi e per gli effetti degli articoli 13 e 14 del Regolamento (UE) n. 2016\/679 del Parlamento Europeo e della normativa interna vigente sulla protezione delle persone fisiche con riguardo al trattamento dei dati personali, nonch\u00e9 alla libera circolazione di tali dati (di seguito, anche, \u201cRegolamento\u201d o \u201cGDPR\u201d), La informiamo che i Dati Personali da Lei volontariamente messi a disposizione del Titolare\/Contitolare saranno oggetto di trattamento nel rispetto della vigente normativa in materia di protezione dei dati personali e, comunque, dei principi di riservatezza cui \u00e8 ispirata l\u2019attivit\u00e0 del Titolare\/Contitolare.<\/p>\n<p>Il Titolare \u00e8 il gestore del sito. L\u2019informativa deve considerarsi rilasciata, in via esclusiva, per i contenuti relativi alle pagine di questo sito web e non anche in relazione ai siti che l\u2019utente si dovesse trovare a consultare tramite eventuali link presenti sulle pagine del sito medesimo.<\/p>\n<h3>CATEGORIA DI DATI PERSONALI TRATTATI<\/h3>\n<p>Il Titolare\/Contitolare tratter\u00e0 le seguenti categorie di dati personali da Lei volontariamente forniti confermando, oltretutto, di essere maggiorenne:<\/p>\n<ul>\n<li>Dati anagrafici: nome e\/o cognome, nome della Societ\u00e0, indirizzo E-mail, numero di telefono, area geografica, campo di applicazione, etc.<\/li>\n<li>Dati economici e finanziari quali, a titolo esemplificativo, i riferimenti bancari, il codice fiscale e la partita IVA, il codice Univoco, etc.<\/li>\n<li>Ogni altro dato che sia richiesto per il proseguimento del rapporto contrattuale.<\/li>\n<\/ul>\n<p>La informiamo che i dati potranno essere acquisiti tramite la compilazione del \u201cForm Contatti\u201d presente nella sezione \u201cContatti\u201d ai link<br \/>\nhttps:\/\/www.omcd.it\/it\/contatti\/,<br \/>\nhttps:\/\/www.omcd.it\/films\/contatti\/,<br \/>\nhttps:\/\/www.omcd.it\/celsia\/contatti\/,<br \/>\nhttps:\/\/www.omcd.it\/hi.lab\/contatti\/,<br \/>\nhttps:\/\/www.omcd.it\/harditalia\/contatti\/,<br \/>\nhttps:\/\/www.omcd.it\/diamil\/contatti\/,<br \/>\nhttps:\/\/www.omcd.it\/scleros\/contatti\/,<br \/>\nhttps:\/\/www.omcd.it\/ugp\/contatti\/<br \/>\noltre che successivamente nell\u2019ambito delle seguenti opportunit\u00e0 di entrare in contatto con Lei.<\/p>\n<p>Il form \u201cContatti\u201d ha il solo scopo di consentire agli utenti del sito di contattare, qualora lo desiderino, il Titolare\/Contitolare, al fine di creare un primo contatto. Per lo specifico tipo di attivit\u00e0 di questo sito, non \u00e8 previsto n\u00e9 il conferimento n\u00e9 il trattamento di dati \u201cparticolari\u201d quali dati che possano rivelare l\u2019origine razziale ed etnica, le convinzioni religiose o filosofiche, o l\u2019appartenenza sindacale, le opinioni politiche, nonch\u00e9 trattare dati genetici, dati biometrici intesi a identificare in modo univoco una persona fisica, dati relativi alla salute o alla vita sessuale o all\u2019orientamento sessuale della persona.<\/p>\n<p>La informiamo, inoltre, che i dati che conferir\u00e0 non verranno utilizzati per attivit\u00e0 di profilazione e tali da intendersi quali analisi delle Sue preferenze, comportamenti e\/o abitudini, presenza geografica o altre informazioni con il fine di poterLe inviare comunicazioni a Lei mirate.<\/p>\n<h3>FINALITA\u2019 DEL TRATTAMENTO<\/h3>\n<p>I Dati Personali da Lei volontariamente messi a disposizione del Titolare\/Contitolare saranno oggetto di trattamento per le seguenti finalit\u00e0:<\/p>\n<ul>\n<li>Adempimento di obblighi contrattuali e\/o precontrattuali, ivi incluse finalit\u00e0 amministrative e contabili relative alle attivit\u00e0 svolte dal Titolare\/Contitolare.<\/li>\n<li>Finalit\u00e0 connesse all\u2019adempimento di ulteriori obblighi di legge.<\/li>\n<li>Esercizio dei diritti del Titolare\/Contitolare, quali ad esempio il diritto di difesa in giudizio.<\/li>\n<li>Condivisione delle informazioni per la corretta gestione dei rapporti fra Contitolari.<\/li>\n<li>Compilazione ed impiego di liste anagrafiche a completa esecuzione delle pratiche commerciali derivanti dalla specifica attivit\u00e0 Titolare\/Contitolare.<\/li>\n<li>Invio di newsletters informative.<\/li>\n<li>Ricontattare e\/o fornire un riscontro alle richieste ricevute tramite il sito Web.<\/li>\n<\/ul>\n<p>La base giuridica che legittima il trattamento per le finalit\u00e0 dell\u2019informativa \u00e8 individuabile nell\u2019esecuzione dell\u2019instaurazione di un rapporto, di un contratto o di misure precontrattuali adottate su Sua richiesta. Pertanto, un Suo eventuale rifiuto e\/o il conferimento di informazioni inesatte e\/o incomplete o il Suo mancato consenso determinerebbe la non regolare e tempestiva esecuzione del relativo rapporto oltre che il mancato rispetto degli obblighi imposti dalla normativa vigente.<\/p>\n<p>Desideriamo inoltre informarLa che i sistemi informatici che gestiscono il funzionamento del sito web www.omcd.it\/it acquisiscono, nel corso del loro normale esercizio, alcuni dati personali la cui trasmissione \u00e8 implicita nell\u2019uso dei protocolli di comunicazione di Internet. Si tratta di informazioni che non sono raccolte per essere associate a interessati identificati, ma che per loro stessa natura potrebbero, attraverso elaborazioni ed associazioni con dati detenuti da terzi, permettere di identificare gli utenti.<\/p>\n<p>Questi dati potrebbero essere utilizzati a fini statistici, e in ogni caso in forma anonima, sull\u2019uso del sito e\/o per controllarne il corretto funzionamento e sono cancellati immediatamente dopo l\u2019elaborazione. I dati potrebbero essere utilizzati anche per l\u2019accertamento di responsabilit\u00e0 in caso di reati informatici ai danni del sito. Salva tale eventualit\u00e0, i dati sui contatti web non persistono oltre il tempo necessario ad evadere le eventuali richieste presentate tramite la compilazione di form presenti sul sito stesso.<\/p>\n<h3>MODALITA\u2019 DEL TRATTAMENTO<\/h3>\n<p>I dati personali dell\u2019interessato saranno trattati, lecitamente, con un adeguato livello di sicurezza, attraverso strumenti elettronici e manuali. Sono implementate tutte le misure di tutela indicate dalla normativa sulla protezione dei dati personali e dalla normativa applicabile.<\/p>\n<p>Il trattamento \u00e8 svolto direttamente dal Titolare\/Contitolare e\/o da Suoi incaricati autorizzati (ad esempio dipendenti, amministratori, collaboratori, etc.), in ragione delle loro mansioni e responsabilit\u00e0, e debitamente formati.<\/p>\n<p>I dati possono altres\u00ec essere trattati, per conto del Titolare\/Contitolare, da soggetti esterni designati come Responsabili del trattamento ai sensi dell\u2019art. 28 del GDPR, a cui sono impartite adeguate istruzioni operative. L\u2019elenco aggiornato dei soggetti nominati Responsabili ai sensi dell\u2019articolo 28 del GDPR \u00e8 disponibile presso la Societ\u00e0 ed \u00e8 conoscibile attraverso apposita richiesta nelle modalit\u00e0 indicate di seguito.<\/p>\n<p>I dati personali non saranno soggetti a comunicazione n\u00e9 a diffusione, ma potranno eventualmente essere trasmessi alle altre aziende facenti parte del gruppo OMCD al fine di meglio adempiere alle richieste ed esigenze dell\u2019utente e alle Pubbliche Autorit\u00e0 che ne facciano espressa richiesta al Titolare\/Contitolare per finalit\u00e0 amministrative o istituzionali, secondo quanto disposto dalla normativa vigente, nazionale ed europea. I dati non saranno oggetto di trasferimento a Terzi anche se potranno essere trattati o conservati anche con il ricorso a servizi in cloud \u2013 aventi anche sede in un paese terzo \u2013 che siano GDPR compliant. In tali casi i suoi dati potranno essere protetti, anche mediante l\u2019utilizzo di tecniche di pseudonimizzazione e cifratura.<\/p>\n<p>Il Sito pu\u00f2 raccogliere i dati di localizzazione con mascheramento dell\u2019indirizzo IP (ovvero in forma anonima) ma in nessun modo \u00e8, o sar\u00e0, possibile risalire all\u2019identificazione di coloro che accedono al sito. Non vengono acquisiti dati relativi alla geolocalizzazione.<\/p>\n<h3>DIRITTI DELL\u2019INTERESSATO<\/h3>\n<p>Nella sua qualit\u00e0 di Interessato, il soggetto potr\u00e0 esercitare una serie di diritti, e pi\u00f9 specificatamente:<\/p>\n<ul>\n<li>Diritto di accesso ai dati (art.15).<\/li>\n<li>Diritto di rettifica (art.16).<\/li>\n<li>Diritto alla cancellazione (c.d. diritto all\u2019oblio\u201d, art.17).<\/li>\n<li>Diritto di limitazione del trattamento (art.18).<\/li>\n<li>Obbligo di notifica in caso di rettifica o cancellazione dei dati personali o limitazione del trattamento (art. 19).<\/li>\n<li>Diritto alla portabilit\u00e0 dei dati (art.20).<\/li>\n<li>Diritto di opposizione (art.21).<\/li>\n<li>Processo decisionale automatizzato relativo alle persone fisiche, compresa la profilazione (art.22).<\/li>\n<\/ul>\n<p>In ogni caso l\u2019interessato avr\u00e0 sempre diritto di proporre reclamo all\u2019autorit\u00e0 di controllo competente (Garante per la Protezione dei Dati personali), ai sensi dell\u2019art. 77 GDPR, qualora ritenga che il trattamento dei suoi dati sia contrario alla normativa vigente.<\/p>\n<p>E\u2019 possibile esercitare i diritti sopra menzionati, inviando una richiesta al Titolare \/Contitolare , via posta raccomandata a: OMCD SpA, Via Megolo 43 (28877) Anzola d\u2019Ossola (VB) oppure a mezzo PEC a gdpr@pec.omcd.it. Nel contattarci, l\u2019Interessato dovr\u00e0 accertarsi di includere il proprio nome, E-mail\/indirizzo postale e numero\/i di telefono per essere sicuro che la sua richiesta possa essere gestita correttamente.<\/p>\n<p>In conformit\u00e0 al Regolamento UE 2016\/679 per la protezione dei Dati Personali, tali diritti possono essere esercitati, per motivi di sicurezza, solo dalla persona interessata. Il Titolare\/Contitolare, anche tramite suoi incaricati autorizzati, controller\u00e0 la sua identit\u00e0 al fine di evitare qualsiasi comunicazione indesiderata di informazioni confidenziali che vi concernono a persone differenti da Lei.<\/p>\n<p>L\u2019esercizio dei Suoi diritti in qualit\u00e0 di interessato \u00e8 gratuito ai sensi dell\u2019articolo 12, GDPR. Tuttavia, nel caso di richieste manifestamente infondate o eccessive, anche per la loro ripetitivit\u00e0, il Titolare\/Contitolare potrebbe addebitarLe un ragionevole contributo alle spese, alla luce dei costi sostenuti per gestire la Sua richiesta, o negare la soddisfazione della Sua richiesta.<\/p>\n<h3>PROCESSO DECISIONALE AUTOMATIZZATO E PROFILAZIONE<\/h3>\n<p>Il trattamento dei Suoi dati non avviene:<\/p>\n<ul>\n<li>Con l\u2019ausilio di processi decisionali automatizzati.<\/li>\n<li>Con l\u2019utilizzo di tecniche di profilazione.<\/li>\n<\/ul>\n<h3>DURATA E CONSERVAZIONE DEI DATI<\/h3>\n<p>Il trattamento avr\u00e0 una durata per un periodo congruo in relazione al perseguimento delle finalit\u00e0, a meno di Sua eventuale richiesta di cancellazione a cui daremo immediato seguito.<\/p>\n<p>I dati personali che Lei ci ha fornito saranno conservati mediante archiviazione all\u2019interno di sistemi hardware del Titolare\/Contitolare del trattamento e\/o su piattaforme esterne in cloud, gestite anche da Terzi, che siano GDPR compliant, e\/o in archivi fisici (dati manuali).<\/p>\n<h3>PROIBIZIONI<\/h3>\n<p>E\u2019 assolutamente vietato spedire o trasmettere materiale illecito, intimidatorio, diffamatorio, osceno, scandaloso, eccitante, pornografico o profano, o qualsiasi materiale che possa costituire o incoraggiare condotte che sarebbero considerate reato penale, far sorgere responsabilit\u00e0 civile, o per altri versi violare qualsiasi legge. Noi collaboreremo pienamente con qualsiasi autorit\u00e0 per il rispetto della legge o ordine della corte che ci richieda o ci ordini di rivelare l\u2019identit\u00e0 di chiunque invii qualsiasi di tali informazioni o materiali.<\/p>\n<h3>MODIFICHE<\/h3>\n<p>Ci riserviamo la facolt\u00e0 di modificare o migliorare questa Policy in qualsiasi momento in risposta a cambiamenti legali, operazionali, regolatori o tecnologici. Vi invitiamo a controllare periodicamente l\u2019eventuale presenza di una nuova versione della stessa, specialmente prima di fornire qualsiasi informazione personale riconoscibile. Se ritenete di non accettare le modifiche apportate alla presente Policy sulla Privacy non dovreste continuare ad utilizzare il nostro sito.<\/p>\n","protected":false},"excerpt":{"rendered":"<p>INFORMATIVA RELATIVA AL TRATTAMENTO DEI DATI PERSONALI AI SENSI DELL\u2019ART. 13 E SS. DEL REGOLAMENTO [&hellip;]<\/p>\n","protected":false},"author":1,"featured_media":83,"parent":0,"menu_order":0,"comment_status":"closed","ping_status":"closed","template":"","meta":{"_acf_changed":false,"footnotes":""},"class_list":["post-1043","page","type-page","status-publish","has-post-thumbnail","hentry"],"acf":[],"aioseo_notices":[],"_links":{"self":[{"href":"https:\/\/www.omcd.it\/it\/wp-json\/wp\/v2\/pages\/1043","targetHints":{"allow":["GET"]}}],"collection":[{"href":"https:\/\/www.omcd.it\/it\/wp-json\/wp\/v2\/pages"}],"about":[{"href":"https:\/\/www.omcd.it\/it\/wp-json\/wp\/v2\/types\/page"}],"author":[{"embeddable":true,"href":"https:\/\/www.omcd.it\/it\/wp-json\/wp\/v2\/users\/1"}],"replies":[{"embeddable":true,"href":"https:\/\/www.omcd.it\/it\/wp-json\/wp\/v2\/comments?post=1043"}],"version-history":[{"count":8,"href":"https:\/\/www.omcd.it\/it\/wp-json\/wp\/v2\/pages\/1043\/revisions"}],"predecessor-version":[{"id":5768,"href":"https:\/\/www.omcd.it\/it\/wp-json\/wp\/v2\/pages\/1043\/revisions\/5768"}],"wp:featuredmedia":[{"embeddable":true,"href":"https:\/\/www.omcd.it\/it\/wp-json\/wp\/v2\/media\/83"}],"wp:attachment":[{"href":"https:\/\/www.omcd.it\/it\/wp-json\/wp\/v2\/media?parent=1043"}],"curies":[{"name":"wp","href":"https:\/\/api.w.org\/{rel}","templated":true}]}}