{"id":64,"date":"2019-03-27T09:31:07","date_gmt":"2019-03-27T08:31:07","guid":{"rendered":"https:\/\/www.omcd.it\/hi-lab\/?page_id=64"},"modified":"2020-12-18T14:36:41","modified_gmt":"2020-12-18T13:36:41","slug":"cosa-facciamo","status":"publish","type":"page","link":"https:\/\/www.omcd.it\/hi-lab\/cosa-facciamo\/","title":{"rendered":"Cosa facciamo"},"content":{"rendered":"<p>Ci\u00f2 che contraddistingue le attivit\u00e0 di HI.Lab, oltre allo stretto collegamento con le realt\u00e0 produttive del Gruppo OMCD, \u00e8 la disponibilit\u00e0 ad <strong>offrire le proprie competenze all\u2019esterno<\/strong> per affrontare le sfide di carattere scientifico e tecnologico che il mercato presenta.<\/p>\n<p>Le tre principali attivit\u00e0 di HI.Lab sono:<\/p>\n<ul>\n<li>La <strong>garanzia della qualit\u00e0<\/strong> metallurgica dei prodotti e lo sviluppo dei processi di produzione delle aziende del Gruppo OMCD, grazie ad un\u2019attenta e strutturata integrazione con tali realt\u00e0.<\/li>\n<li>Il servizio di analisi e caratterizzazione dei materiali e dei prodotti svolto per conto della <strong>clientela esterna<\/strong>, grazie alla concentrazione di competenze ed attrezzature aggiornate e altamente specializzate nel settore dei materiali ad elevata durezza e refrattari.<\/li>\n<li>Lo <strong>studio<\/strong> e la messa a punto di materiali e processi innovativi, al servizio dell\u2019ineludibile evoluzione verso la Green Economy, e il contributo alla diffusione di conoscenza scientifica su riviste ed in convegni di settore.<\/li>\n<\/ul>\n<h3><\/h3>\n<h4>Visiona l&#8217;elenco dei nostri <a title=\"servizi\" href=\"https:\/\/www.omcd.it\/hi-lab\/wp-content\/uploads\/HiLab_SchedaSito_ITA.pdf\" target=\"_blank\" rel=\"noopener noreferrer\">servizi<\/a>.<\/h4>\n","protected":false},"excerpt":{"rendered":"<p>Ci\u00f2 che contraddistingue le attivit\u00e0 di HI.Lab, oltre allo stretto [&hellip;]<\/p>\n","protected":false},"author":2,"featured_media":539,"parent":0,"menu_order":0,"comment_status":"closed","ping_status":"closed","template":"page-1col-text-right.php","meta":{"_acf_changed":false,"site-sidebar-layout":"default","site-content-layout":"default","ast-site-content-layout":"","site-content-style":"default","site-sidebar-style":"default","ast-global-header-display":"","ast-banner-title-visibility":"","ast-main-header-display":"","ast-hfb-above-header-display":"","ast-hfb-below-header-display":"","ast-hfb-mobile-header-display":"","site-post-title":"","ast-breadcrumbs-content":"","ast-featured-img":"","footer-sml-layout":"","theme-transparent-header-meta":"default","adv-header-id-meta":"","stick-header-meta":"default","header-above-stick-meta":"","header-main-stick-meta":"","header-below-stick-meta":"","astra-migrate-meta-layouts":"default","ast-page-background-enabled":"default","ast-page-background-meta":{"desktop":{"background-color":"","background-image":"","background-repeat":"repeat","background-position":"center center","background-size":"auto","background-attachment":"scroll","background-type":"","background-media":"","overlay-type":"","overlay-color":"","overlay-opacity":"","overlay-gradient":""},"tablet":{"background-color":"","background-image":"","background-repeat":"repeat","background-position":"center center","background-size":"auto","background-attachment":"scroll","background-type":"","background-media":"","overlay-type":"","overlay-color":"","overlay-opacity":"","overlay-gradient":""},"mobile":{"background-color":"","background-image":"","background-repeat":"repeat","background-position":"center center","background-size":"auto","background-attachment":"scroll","background-type":"","background-media":"","overlay-type":"","overlay-color":"","overlay-opacity":"","overlay-gradient":""}},"ast-content-background-meta":{"desktop":{"background-color":"var(--ast-global-color-5)","background-image":"","background-repeat":"repeat","background-position":"center center","background-size":"auto","background-attachment":"scroll","background-type":"","background-media":"","overlay-type":"","overlay-color":"","overlay-opacity":"","overlay-gradient":""},"tablet":{"background-color":"var(--ast-global-color-5)","background-image":"","background-repeat":"repeat","background-position":"center center","background-size":"auto","background-attachment":"scroll","background-type":"","background-media":"","overlay-type":"","overlay-color":"","overlay-opacity":"","overlay-gradient":""},"mobile":{"background-color":"var(--ast-global-color-5)","background-image":"","background-repeat":"repeat","background-position":"center center","background-size":"auto","background-attachment":"scroll","background-type":"","background-media":"","overlay-type":"","overlay-color":"","overlay-opacity":"","overlay-gradient":""}},"footnotes":""},"class_list":["post-64","page","type-page","status-publish","has-post-thumbnail","hentry"],"acf":[],"aioseo_notices":[],"_links":{"self":[{"href":"https:\/\/www.omcd.it\/hi-lab\/wp-json\/wp\/v2\/pages\/64","targetHints":{"allow":["GET"]}}],"collection":[{"href":"https:\/\/www.omcd.it\/hi-lab\/wp-json\/wp\/v2\/pages"}],"about":[{"href":"https:\/\/www.omcd.it\/hi-lab\/wp-json\/wp\/v2\/types\/page"}],"author":[{"embeddable":true,"href":"https:\/\/www.omcd.it\/hi-lab\/wp-json\/wp\/v2\/users\/2"}],"replies":[{"embeddable":true,"href":"https:\/\/www.omcd.it\/hi-lab\/wp-json\/wp\/v2\/comments?post=64"}],"version-history":[{"count":37,"href":"https:\/\/www.omcd.it\/hi-lab\/wp-json\/wp\/v2\/pages\/64\/revisions"}],"predecessor-version":[{"id":833,"href":"https:\/\/www.omcd.it\/hi-lab\/wp-json\/wp\/v2\/pages\/64\/revisions\/833"}],"wp:featuredmedia":[{"embeddable":true,"href":"https:\/\/www.omcd.it\/hi-lab\/wp-json\/wp\/v2\/media\/539"}],"wp:attachment":[{"href":"https:\/\/www.omcd.it\/hi-lab\/wp-json\/wp\/v2\/media?parent=64"}],"curies":[{"name":"wp","href":"https:\/\/api.w.org\/{rel}","templated":true}]}}