{"id":885,"date":"2019-03-26T11:22:09","date_gmt":"2019-03-26T10:22:09","guid":{"rendered":"https:\/\/omcd.it\/hardymetalurgica\/homepage\/"},"modified":"2021-01-21T10:48:53","modified_gmt":"2021-01-21T09:48:53","slug":"homepage","status":"publish","type":"page","link":"https:\/\/www.omcd.it\/hardymetalurgica\/","title":{"rendered":"Homepage"},"content":{"rendered":"<h2>H\u00e1 mais de 10 anos no mercado sulamericano, como a primeira empresa do OMCD Group na Am\u00e9rica do Sul, atua na produ\u00e7\u00e3o de sinterizados a base de carbeto de tungst\u00eanio, metal duro de alta qualidade.<\/h2>\n<p>A sinergia entre o carisma Sulamericano e as compet\u00eancias Europ\u00e9ias, nos permitem satisfazer as expectativas dos clientes oferecendo produtos de alta qualidade e com um excelente servi\u00e7o.<\/p>\n<p><a class=\"btn btn--link\" style=\"font-size: 24px; margin-top: 10px;\" href=\"\/hardymetalurgica\/quem-somos\">Quem somos<\/a><\/p>\n","protected":false},"excerpt":{"rendered":"<p>H\u00e1 mais de 10 anos no mercado sulamericano, como a [&hellip;]<\/p>\n","protected":false},"author":2,"featured_media":0,"parent":0,"menu_order":0,"comment_status":"closed","ping_status":"closed","template":"","meta":{"_acf_changed":false,"site-sidebar-layout":"no-sidebar","site-content-layout":"page-builder","ast-site-content-layout":"","site-content-style":"default","site-sidebar-style":"default","ast-global-header-display":"","ast-banner-title-visibility":"","ast-main-header-display":"","ast-hfb-above-header-display":"","ast-hfb-below-header-display":"","ast-hfb-mobile-header-display":"","site-post-title":"disabled","ast-breadcrumbs-content":"","ast-featured-img":"","footer-sml-layout":"","theme-transparent-header-meta":"default","adv-header-id-meta":"","stick-header-meta":"default","header-above-stick-meta":"","header-main-stick-meta":"","header-below-stick-meta":"","astra-migrate-meta-layouts":"default","ast-page-background-enabled":"default","ast-page-background-meta":{"desktop":{"background-color":"","background-image":"","background-repeat":"repeat","background-position":"center center","background-size":"auto","background-attachment":"scroll","background-type":"","background-media":"","overlay-type":"","overlay-color":"","overlay-opacity":"","overlay-gradient":""},"tablet":{"background-color":"","background-image":"","background-repeat":"repeat","background-position":"center center","background-size":"auto","background-attachment":"scroll","background-type":"","background-media":"","overlay-type":"","overlay-color":"","overlay-opacity":"","overlay-gradient":""},"mobile":{"background-color":"","background-image":"","background-repeat":"repeat","background-position":"center center","background-size":"auto","background-attachment":"scroll","background-type":"","background-media":"","overlay-type":"","overlay-color":"","overlay-opacity":"","overlay-gradient":""}},"ast-content-background-meta":{"desktop":{"background-color":"var(--ast-global-color-5)","background-image":"","background-repeat":"repeat","background-position":"center center","background-size":"auto","background-attachment":"scroll","background-type":"","background-media":"","overlay-type":"","overlay-color":"","overlay-opacity":"","overlay-gradient":""},"tablet":{"background-color":"var(--ast-global-color-5)","background-image":"","background-repeat":"repeat","background-position":"center center","background-size":"auto","background-attachment":"scroll","background-type":"","background-media":"","overlay-type":"","overlay-color":"","overlay-opacity":"","overlay-gradient":""},"mobile":{"background-color":"var(--ast-global-color-5)","background-image":"","background-repeat":"repeat","background-position":"center center","background-size":"auto","background-attachment":"scroll","background-type":"","background-media":"","overlay-type":"","overlay-color":"","overlay-opacity":"","overlay-gradient":""}},"footnotes":""},"class_list":["post-885","page","type-page","status-publish","hentry"],"acf":[],"aioseo_notices":[],"_links":{"self":[{"href":"https:\/\/www.omcd.it\/hardymetalurgica\/wp-json\/wp\/v2\/pages\/885","targetHints":{"allow":["GET"]}}],"collection":[{"href":"https:\/\/www.omcd.it\/hardymetalurgica\/wp-json\/wp\/v2\/pages"}],"about":[{"href":"https:\/\/www.omcd.it\/hardymetalurgica\/wp-json\/wp\/v2\/types\/page"}],"author":[{"embeddable":true,"href":"https:\/\/www.omcd.it\/hardymetalurgica\/wp-json\/wp\/v2\/users\/2"}],"replies":[{"embeddable":true,"href":"https:\/\/www.omcd.it\/hardymetalurgica\/wp-json\/wp\/v2\/comments?post=885"}],"version-history":[{"count":6,"href":"https:\/\/www.omcd.it\/hardymetalurgica\/wp-json\/wp\/v2\/pages\/885\/revisions"}],"predecessor-version":[{"id":1232,"href":"https:\/\/www.omcd.it\/hardymetalurgica\/wp-json\/wp\/v2\/pages\/885\/revisions\/1232"}],"wp:attachment":[{"href":"https:\/\/www.omcd.it\/hardymetalurgica\/wp-json\/wp\/v2\/media?parent=885"}],"curies":[{"name":"wp","href":"https:\/\/api.w.org\/{rel}","templated":true}]}}