{"id":880,"date":"2019-03-27T09:31:19","date_gmt":"2019-03-27T08:31:19","guid":{"rendered":"https:\/\/omcd.it\/hardymetalurgica\/dove-siamo\/"},"modified":"2024-02-26T12:03:04","modified_gmt":"2024-02-26T11:03:04","slug":"contatos","status":"publish","type":"page","link":"https:\/\/www.omcd.it\/hardymetalurgica\/contatos\/","title":{"rendered":"Contatos"},"content":{"rendered":"<div class=\"page-content auto-width\">\n<div class=\"content\">\n<p class=\"p1\"><b>Sede legal e operativa:<\/b><br \/>\nR. Serra do Mar, 179<br \/>\nCidade Industrial Sat\u00e9lite de S\u00e3o Paulo,<br \/>\nGuarulhos (SP), 07223-010<br \/>\nBrazil<br \/>\n<strong>Tel<\/strong>: (+55) 11 2413 3578<br \/>\n<strong>Fax<\/strong>: (+55) 11 2413 3577<\/p>\n<div class=\"contact-2\">\n<p>\n<strong>Departamento Comercial:<\/strong><br \/>\nvendas@hardym.com.br<\/p>\n<p><strong>Departamento Compras\/Recursos Humanos:<\/strong><br \/>\ncompras@hardym.com.br<br \/>\nrh@hardym.com.br\n<\/p>\n<\/div>\n<p><a class=\"btn btn--link\" title=\"Obter dire\u00e7\u00f5es\" href=\"https:\/\/www.google.com\/maps?ll=-23.457205,-46.477738&amp;z=16&amp;t=m&amp;hl=it-IT&amp;gl=BR&amp;mapclient=embed&amp;daddr=R.+Serra+do+Mar,+179+-+Cidade+Industrial+Sat%C3%A9lite+de+S%C3%A3o+Paulo+Guarulhos+-+SP+07223-010@-23.4572053,-46.4777379\" target=\"_blank\" rel=\"noopener noreferrer\">Obter dire\u00e7\u00f5es<\/a><\/p>\n<p class=\"p1\">Estamos localizados na regi\u00e3o Metropolitana de S\u00e3o Paulo, \u00e0 cerca de 6km do maior aeroporto do pa\u00eds (Aeroporto Internacional de S\u00e3o Paulo) em Guarulhos, no polo industrial da cidade.<\/p>\n<\/div>\n<div class=\"mappa animated fadeInRight\"><img loading=\"lazy\" decoding=\"async\" class=\"aligncenter size-full wp-image-1074\" src=\"https:\/\/omcd.it\/hardymetalurgica\/wp-content\/uploads\/mappa_v2.png\" alt=\"Hardy Metalurgica\" width=\"584\" height=\"585\" srcset=\"https:\/\/www.omcd.it\/hardymetalurgica\/wp-content\/uploads\/mappa_v2.png 584w, https:\/\/www.omcd.it\/hardymetalurgica\/wp-content\/uploads\/mappa_v2-300x300.png 300w, https:\/\/www.omcd.it\/hardymetalurgica\/wp-content\/uploads\/mappa_v2-150x150.png 150w\" sizes=\"auto, (max-width: 584px) 100vw, 584px\" \/><\/div>\n<\/div>\n\n<div class=\"wpcf7 no-js\" id=\"wpcf7-f836-o1\" lang=\"it-IT\" dir=\"ltr\" data-wpcf7-id=\"836\">\n<div class=\"screen-reader-response\"><p role=\"status\" aria-live=\"polite\" aria-atomic=\"true\"><\/p> <ul><\/ul><\/div>\n<form action=\"\/hardymetalurgica\/wp-json\/wp\/v2\/pages\/880#wpcf7-f836-o1\" method=\"post\" class=\"wpcf7-form init\" aria-label=\"Modulo di contatto\" enctype=\"multipart\/form-data\" novalidate=\"novalidate\" data-status=\"init\">\n<fieldset class=\"hidden-fields-container\"><input type=\"hidden\" name=\"_wpcf7\" value=\"836\" \/><input type=\"hidden\" name=\"_wpcf7_version\" value=\"6.1.5\" \/><input type=\"hidden\" name=\"_wpcf7_locale\" value=\"it_IT\" \/><input type=\"hidden\" name=\"_wpcf7_unit_tag\" value=\"wpcf7-f836-o1\" \/><input type=\"hidden\" name=\"_wpcf7_container_post\" value=\"0\" \/><input type=\"hidden\" name=\"_wpcf7_posted_data_hash\" value=\"\" \/><input type=\"hidden\" name=\"_wpcf7dtx_version\" value=\"5.0.5\" \/><input type=\"hidden\" name=\"_wpcf7_recaptcha_response\" value=\"\" \/>\n<\/fieldset>\n<div class=\"contact-form\">\n<span class=\"wpcf7-form-control-wrap titolo\" data-name=\"titolo\"><input type=\"hidden\" name=\"titolo\" class=\"wpcf7-form-control wpcf7-hidden wpcf7dtx wpcf7dtx-hidden\" aria-invalid=\"false\" value=\"Contatos\"><\/span>\n<span class=\"wpcf7-form-control-wrap slug\" data-name=\"slug\"><input type=\"hidden\" name=\"slug\" class=\"wpcf7-form-control wpcf7-hidden wpcf7dtx wpcf7dtx-hidden\" aria-invalid=\"false\" value=\"https:\/\/www.omcd.it\/hardymetalurgica\/hardymetalurgica\/wp-json\/wp\/v2\/pages\/880\"><\/span>\n\t<div class=\"contact-form__heading\">\n\t\t<p><i class=\"fas fa-pencil-alt\"><\/i>\n\t\t<\/p>\n\t\t<h4>Precisa de outras Informa\u00e7\u00f5es? Deseja falar com os nossos t\u00e9cnicos para uma assessoria personalizada e gratuita? Preencha o nosso formul\u00e1rio e entraremos em contato o mais breve poss\u00edvel!\n\t\t<\/h4>\n\t\t<p><b><br \/>\n* Campos Obrigat\u00f3rios<br \/>\n<\/b>\n\t\t<\/p>\n\t<\/div>\n\t<div class=\"contact-form__columns\">\n\t\t<div>\n\t\t\t<p><span class=\"wpcf7-form-control-wrap\" data-name=\"your-name\"><input size=\"40\" maxlength=\"400\" class=\"wpcf7-form-control wpcf7-text wpcf7-validates-as-required\" aria-required=\"true\" aria-invalid=\"false\" placeholder=\"Nome e Sobrenome *\" value=\"\" type=\"text\" name=\"your-name\" \/><\/span>\n\t\t\t<\/p>\n\t\t<\/div>\n\t\t<div>\n\t\t\t<p><span class=\"wpcf7-form-control-wrap\" data-name=\"telefono\"><input size=\"40\" maxlength=\"400\" class=\"wpcf7-form-control wpcf7-text wpcf7-validates-as-required\" aria-required=\"true\" aria-invalid=\"false\" placeholder=\"Telefone *\" value=\"\" type=\"text\" name=\"telefono\" \/><\/span>\n\t\t\t<\/p>\n\t\t<\/div>\n\t\t<div>\n\t\t\t<p><span class=\"wpcf7-form-control-wrap\" data-name=\"your-agency\"><input size=\"40\" maxlength=\"400\" class=\"wpcf7-form-control wpcf7-text wpcf7-validates-as-required\" aria-required=\"true\" aria-invalid=\"false\" placeholder=\"Empresa *\" value=\"\" type=\"text\" name=\"your-agency\" \/><\/span>\n\t\t\t<\/p>\n\t\t<\/div>\n\t\t<div>\n\t\t\t<p><span class=\"wpcf7-form-control-wrap\" data-name=\"your-email\"><input size=\"40\" maxlength=\"400\" class=\"wpcf7-form-control wpcf7-email wpcf7-validates-as-required wpcf7-text wpcf7-validates-as-email\" aria-required=\"true\" aria-invalid=\"false\" placeholder=\"Email *\" value=\"\" type=\"email\" name=\"your-email\" \/><\/span>\n\t\t\t<\/p>\n\t\t<\/div>\n\t\t<div class=\"full-width\">\n\t\t\t<p><span class=\"wpcf7-form-control-wrap\" data-name=\"your-message\"><textarea cols=\"40\" rows=\"10\" maxlength=\"2000\" class=\"wpcf7-form-control wpcf7-textarea\" aria-invalid=\"false\" placeholder=\"Mensagem\" name=\"your-message\"><\/textarea><\/span>\n\t\t\t<\/p>\n\t\t<\/div>\n\t\t<div class=\"full-width marginTop allegati\">\n\t\t\t<p><div id=\"mfcf7_zl_multifilecontainer\"><span class=\"mfcf7-zl-multiline-sample\" style=\"display:none\"><p class=\"wpcf7-form-control-wrap allegato\"><input size=\"40\" class=\"wpcf7-form-control wpcf7-multilinefile\" multiple=\"multiple\" value=\"Adicionar arquivos\" aria-invalid=\"false\" type=\"file\" name=\"allegato[]\" \/> <span class=\"mfcf7-zl-multifile-name\"><\/span><a href=\"javascript:void(0);\" class=\"mfcf7_zl_delete_file\"><span class=\"delete-file\" aria-hidden=\"true\">&#x274C;<\/span><\/a><\/p><\/span><\/div><span class=\"wpcf7-form-control-wrap zl-form-control-wrap allegato\"><input size=\"40\" class=\"wpcf7-form-control wpcf7-multilinefile\" multiple=\"multiple\" value=\"Adicionar arquivos\" aria-invalid=\"false\" type=\"file\" name=\"allegato[]\" \/> <span class=\"mfcf7-zl-multifile-name\"><\/span><a href=\"javascript:void(0);\" class=\"mfcf7_zl_delete_file\"><span class=\"delete-file\" aria-hidden=\"true\">&#x274C;<\/span><\/a><\/span><p><label><span class=\"wpcf7-form-control-wrap\" data-name=\"allegato-zl-mfcf7-upld-btn\"><input type=\"button\" name=\"allegato-zl-mfcf7-upld-btn\" class=\"button button-primary qbutton\" id=\"mfcf7_zl_add_file\" value=\"Adicionar arquivos\"><\/span><\/label><\/p>\n\t\t\t<\/p>\n\t\t\t<p style=\"color:#6c6e70\">Tamanho maximo 4MB. Arquivos Permitidos : PDF\n\t\t\t<\/p>\n\t\t\t<p><span class=\"wpcf7-form-control-wrap\" data-name=\"acceptance-825\"><span class=\"wpcf7-form-control wpcf7-acceptance\"><span class=\"wpcf7-list-item\"><label><input type=\"checkbox\" name=\"acceptance-825\" value=\"1\" aria-invalid=\"false\" \/><span class=\"wpcf7-list-item-label\"><span style=\"color:#6c6e70\"> Li e aceito <a style=\"color:#6c6e70; text-decoration:underline;\" href=\"https:\/\/www.omcd.it\/privacy-policy\/\" target=\"_blank\">Termos e Condi\u00e7\u00f5es<\/a><\/span><\/span><\/label><\/span><\/span><\/span>\n\t\t\t<\/p>\n\t\t\t<p style=\"color:#6c6e70\">Este site \u00e9 protegido por reCAPTCHA e s\u00e3o aplicadas as <a style=\"color:#6c6e70; text-decoration:underline;\" href=\"https:\/\/policies.google.com\/privacy\">normas de privacidade<\/a> e <a style=\"color:#6c6e70; text-decoration:underline;\" href=\"https:\/\/policies.google.com\/terms\">termos de servi\u00e7o<\/a> do Google.\n\t\t\t<\/p>\n\t\t\t<p><input class=\"wpcf7-form-control wpcf7-submit has-spinner\" type=\"submit\" value=\"Maiores Informa\u00e7\u00f5es\" \/>\n\t\t\t<\/p>\n\t\t<\/div>\n\t<\/div>\n<\/div><input type='hidden' class='wpcf7-pum' value='{\"closepopup\":false,\"closedelay\":0,\"openpopup\":false,\"openpopup_id\":0}' \/><div class=\"wpcf7-response-output\" aria-hidden=\"true\"><\/div>\n<\/form>\n<\/div>\n\n","protected":false},"excerpt":{"rendered":"<p>Sede legal e operativa: R. Serra do Mar, 179 Cidade [&hellip;]<\/p>\n","protected":false},"author":2,"featured_media":0,"parent":0,"menu_order":0,"comment_status":"closed","ping_status":"closed","template":"","meta":{"_acf_changed":false,"site-sidebar-layout":"default","site-content-layout":"default","ast-site-content-layout":"","site-content-style":"default","site-sidebar-style":"default","ast-global-header-display":"","ast-banner-title-visibility":"","ast-main-header-display":"","ast-hfb-above-header-display":"","ast-hfb-below-header-display":"","ast-hfb-mobile-header-display":"","site-post-title":"","ast-breadcrumbs-content":"","ast-featured-img":"","footer-sml-layout":"","theme-transparent-header-meta":"default","adv-header-id-meta":"","stick-header-meta":"default","header-above-stick-meta":"","header-main-stick-meta":"","header-below-stick-meta":"","astra-migrate-meta-layouts":"default","ast-page-background-enabled":"default","ast-page-background-meta":{"desktop":{"background-color":"","background-image":"","background-repeat":"repeat","background-position":"center center","background-size":"auto","background-attachment":"scroll","background-type":"","background-media":"","overlay-type":"","overlay-color":"","overlay-opacity":"","overlay-gradient":""},"tablet":{"background-color":"","background-image":"","background-repeat":"repeat","background-position":"center center","background-size":"auto","background-attachment":"scroll","background-type":"","background-media":"","overlay-type":"","overlay-color":"","overlay-opacity":"","overlay-gradient":""},"mobile":{"background-color":"","background-image":"","background-repeat":"repeat","background-position":"center center","background-size":"auto","background-attachment":"scroll","background-type":"","background-media":"","overlay-type":"","overlay-color":"","overlay-opacity":"","overlay-gradient":""}},"ast-content-background-meta":{"desktop":{"background-color":"var(--ast-global-color-5)","background-image":"","background-repeat":"repeat","background-position":"center center","background-size":"auto","background-attachment":"scroll","background-type":"","background-media":"","overlay-type":"","overlay-color":"","overlay-opacity":"","overlay-gradient":""},"tablet":{"background-color":"var(--ast-global-color-5)","background-image":"","background-repeat":"repeat","background-position":"center center","background-size":"auto","background-attachment":"scroll","background-type":"","background-media":"","overlay-type":"","overlay-color":"","overlay-opacity":"","overlay-gradient":""},"mobile":{"background-color":"var(--ast-global-color-5)","background-image":"","background-repeat":"repeat","background-position":"center center","background-size":"auto","background-attachment":"scroll","background-type":"","background-media":"","overlay-type":"","overlay-color":"","overlay-opacity":"","overlay-gradient":""}},"footnotes":""},"class_list":["post-880","page","type-page","status-publish","hentry"],"acf":[],"aioseo_notices":[],"_links":{"self":[{"href":"https:\/\/www.omcd.it\/hardymetalurgica\/wp-json\/wp\/v2\/pages\/880","targetHints":{"allow":["GET"]}}],"collection":[{"href":"https:\/\/www.omcd.it\/hardymetalurgica\/wp-json\/wp\/v2\/pages"}],"about":[{"href":"https:\/\/www.omcd.it\/hardymetalurgica\/wp-json\/wp\/v2\/types\/page"}],"author":[{"embeddable":true,"href":"https:\/\/www.omcd.it\/hardymetalurgica\/wp-json\/wp\/v2\/users\/2"}],"replies":[{"embeddable":true,"href":"https:\/\/www.omcd.it\/hardymetalurgica\/wp-json\/wp\/v2\/comments?post=880"}],"version-history":[{"count":10,"href":"https:\/\/www.omcd.it\/hardymetalurgica\/wp-json\/wp\/v2\/pages\/880\/revisions"}],"predecessor-version":[{"id":1364,"href":"https:\/\/www.omcd.it\/hardymetalurgica\/wp-json\/wp\/v2\/pages\/880\/revisions\/1364"}],"wp:attachment":[{"href":"https:\/\/www.omcd.it\/hardymetalurgica\/wp-json\/wp\/v2\/media?parent=880"}],"curies":[{"name":"wp","href":"https:\/\/api.w.org\/{rel}","templated":true}]}}