{"id":877,"date":"2019-03-27T09:31:07","date_gmt":"2019-03-27T08:31:07","guid":{"rendered":"https:\/\/omcd.it\/hardymetalurgica\/cosa-facciamo\/"},"modified":"2021-01-21T11:23:57","modified_gmt":"2021-01-21T10:23:57","slug":"o-que-fazemos","status":"publish","type":"page","link":"https:\/\/www.omcd.it\/hardymetalurgica\/o-que-fazemos\/","title":{"rendered":"O que fazemos"},"content":{"rendered":"<p>O fornecimento de <strong>pe\u00e7as standarts e especiais em metal duro<\/strong> \u00e9 nosso trabalho desde 2007, quando a Hardy Metal\u00fargica foi fundada, no Brasil.<br \/>\nJ\u00e1 como <strong>distribuidor<\/strong>, a Hardy oferece todo o suporte t\u00e9cnico-comercial para o fornecimento dos itens fabricados pelos demais brands do grupo na Am\u00e9rica Latina.<br \/>\nComo produtor, j\u00e1 contavamos desde o in\u00edcio com o know-how e a tecnologia desenvolvidos e utilizados pelo Grupo OMCD na Europa, em seus mais de 60 anos de experi\u00eancia; ampliamos nosso conhecimento e aperfei\u00e7oamos nossos processos ano ap\u00f3s ano, sempre em busca dos mais altos n\u00edveis de qualidade e produtividade.<br \/>\nA durabilidade e <strong>resistencia ao desgaste<\/strong> do metal duro permitem utiliz\u00e1-lo numa ampla gama de setores, garantindo uma performance muito maior se comparado \u00e0 outros materiais normalmente utilizados.<br \/>\nA flexibilidade na <strong>gest\u00e3o de novas geometrias<\/strong> asseguram <strong>solu\u00e7\u00f5es inovativas<\/strong> e adequadas as mais diversas exig\u00eancias do mercado.<\/p>\n","protected":false},"excerpt":{"rendered":"<p>O fornecimento de pe\u00e7as standarts e especiais em metal duro [&hellip;]<\/p>\n","protected":false},"author":2,"featured_media":0,"parent":0,"menu_order":0,"comment_status":"closed","ping_status":"closed","template":"cosafacciamo.php","meta":{"_acf_changed":false,"site-sidebar-layout":"default","site-content-layout":"default","ast-site-content-layout":"","site-content-style":"default","site-sidebar-style":"default","ast-global-header-display":"","ast-banner-title-visibility":"","ast-main-header-display":"","ast-hfb-above-header-display":"","ast-hfb-below-header-display":"","ast-hfb-mobile-header-display":"","site-post-title":"","ast-breadcrumbs-content":"","ast-featured-img":"","footer-sml-layout":"","theme-transparent-header-meta":"default","adv-header-id-meta":"","stick-header-meta":"default","header-above-stick-meta":"","header-main-stick-meta":"","header-below-stick-meta":"","astra-migrate-meta-layouts":"default","ast-page-background-enabled":"default","ast-page-background-meta":{"desktop":{"background-color":"","background-image":"","background-repeat":"repeat","background-position":"center center","background-size":"auto","background-attachment":"scroll","background-type":"","background-media":"","overlay-type":"","overlay-color":"","overlay-opacity":"","overlay-gradient":""},"tablet":{"background-color":"","background-image":"","background-repeat":"repeat","background-position":"center center","background-size":"auto","background-attachment":"scroll","background-type":"","background-media":"","overlay-type":"","overlay-color":"","overlay-opacity":"","overlay-gradient":""},"mobile":{"background-color":"","background-image":"","background-repeat":"repeat","background-position":"center center","background-size":"auto","background-attachment":"scroll","background-type":"","background-media":"","overlay-type":"","overlay-color":"","overlay-opacity":"","overlay-gradient":""}},"ast-content-background-meta":{"desktop":{"background-color":"var(--ast-global-color-5)","background-image":"","background-repeat":"repeat","background-position":"center center","background-size":"auto","background-attachment":"scroll","background-type":"","background-media":"","overlay-type":"","overlay-color":"","overlay-opacity":"","overlay-gradient":""},"tablet":{"background-color":"var(--ast-global-color-5)","background-image":"","background-repeat":"repeat","background-position":"center center","background-size":"auto","background-attachment":"scroll","background-type":"","background-media":"","overlay-type":"","overlay-color":"","overlay-opacity":"","overlay-gradient":""},"mobile":{"background-color":"var(--ast-global-color-5)","background-image":"","background-repeat":"repeat","background-position":"center center","background-size":"auto","background-attachment":"scroll","background-type":"","background-media":"","overlay-type":"","overlay-color":"","overlay-opacity":"","overlay-gradient":""}},"footnotes":""},"class_list":["post-877","page","type-page","status-publish","hentry"],"acf":[],"aioseo_notices":[],"_links":{"self":[{"href":"https:\/\/www.omcd.it\/hardymetalurgica\/wp-json\/wp\/v2\/pages\/877","targetHints":{"allow":["GET"]}}],"collection":[{"href":"https:\/\/www.omcd.it\/hardymetalurgica\/wp-json\/wp\/v2\/pages"}],"about":[{"href":"https:\/\/www.omcd.it\/hardymetalurgica\/wp-json\/wp\/v2\/types\/page"}],"author":[{"embeddable":true,"href":"https:\/\/www.omcd.it\/hardymetalurgica\/wp-json\/wp\/v2\/users\/2"}],"replies":[{"embeddable":true,"href":"https:\/\/www.omcd.it\/hardymetalurgica\/wp-json\/wp\/v2\/comments?post=877"}],"version-history":[{"count":3,"href":"https:\/\/www.omcd.it\/hardymetalurgica\/wp-json\/wp\/v2\/pages\/877\/revisions"}],"predecessor-version":[{"id":1001,"href":"https:\/\/www.omcd.it\/hardymetalurgica\/wp-json\/wp\/v2\/pages\/877\/revisions\/1001"}],"wp:attachment":[{"href":"https:\/\/www.omcd.it\/hardymetalurgica\/wp-json\/wp\/v2\/media?parent=877"}],"curies":[{"name":"wp","href":"https:\/\/api.w.org\/{rel}","templated":true}]}}