{"id":873,"date":"2019-03-27T09:31:31","date_gmt":"2019-03-27T08:31:31","guid":{"rendered":"https:\/\/omcd.it\/hardymetalurgica\/chi-siamo\/"},"modified":"2021-01-21T11:52:26","modified_gmt":"2021-01-21T10:52:26","slug":"quem-somos","status":"publish","type":"page","link":"https:\/\/www.omcd.it\/hardymetalurgica\/quem-somos\/","title":{"rendered":"Quem somos"},"content":{"rendered":"<p>Fundada em 2007 no Brasil, primeira empresa do OMCD Group na Am\u00e9rica do Sul, a Hardy Metal\u00fargica fabrica e fornece <strong>pe\u00e7as antidesgaste, standarts e especiais, em metal duro<\/strong>.<\/p>\n<p>Uma produ\u00e7\u00e3o flex\u00edvel e inovadora, apoiada pelo know-how europeu, \u00e9 a chave para atender \u00e0s solicita\u00e7\u00f5es e expectativas dos clientes, fornecendo produtos de alta qualidade.<\/p>\n<p>Hardy Metal\u00fargica tamb\u00e9m \u00e9 respons\u00e1vel pelas <strong>atividades comerciais do OMCD Group<\/strong> na Am\u00e9rica do Sul, suportando e promovendo o desenvolvimento de novos projetos nessa regi\u00e3o.<\/p>\n<p>H\u00e1 mais de 10 anos no mercado sulamericano, produzindo metal duro de alta qualidade!<\/p>\n","protected":false},"excerpt":{"rendered":"<p>Fundada em 2007 no Brasil, primeira empresa do OMCD Group [&hellip;]<\/p>\n","protected":false},"author":2,"featured_media":874,"parent":0,"menu_order":0,"comment_status":"closed","ping_status":"closed","template":"","meta":{"_acf_changed":false,"site-sidebar-layout":"default","site-content-layout":"default","ast-site-content-layout":"","site-content-style":"default","site-sidebar-style":"default","ast-global-header-display":"","ast-banner-title-visibility":"","ast-main-header-display":"","ast-hfb-above-header-display":"","ast-hfb-below-header-display":"","ast-hfb-mobile-header-display":"","site-post-title":"","ast-breadcrumbs-content":"","ast-featured-img":"","footer-sml-layout":"","theme-transparent-header-meta":"default","adv-header-id-meta":"","stick-header-meta":"default","header-above-stick-meta":"","header-main-stick-meta":"","header-below-stick-meta":"","astra-migrate-meta-layouts":"default","ast-page-background-enabled":"default","ast-page-background-meta":{"desktop":{"background-color":"","background-image":"","background-repeat":"repeat","background-position":"center center","background-size":"auto","background-attachment":"scroll","background-type":"","background-media":"","overlay-type":"","overlay-color":"","overlay-opacity":"","overlay-gradient":""},"tablet":{"background-color":"","background-image":"","background-repeat":"repeat","background-position":"center center","background-size":"auto","background-attachment":"scroll","background-type":"","background-media":"","overlay-type":"","overlay-color":"","overlay-opacity":"","overlay-gradient":""},"mobile":{"background-color":"","background-image":"","background-repeat":"repeat","background-position":"center center","background-size":"auto","background-attachment":"scroll","background-type":"","background-media":"","overlay-type":"","overlay-color":"","overlay-opacity":"","overlay-gradient":""}},"ast-content-background-meta":{"desktop":{"background-color":"var(--ast-global-color-5)","background-image":"","background-repeat":"repeat","background-position":"center center","background-size":"auto","background-attachment":"scroll","background-type":"","background-media":"","overlay-type":"","overlay-color":"","overlay-opacity":"","overlay-gradient":""},"tablet":{"background-color":"var(--ast-global-color-5)","background-image":"","background-repeat":"repeat","background-position":"center center","background-size":"auto","background-attachment":"scroll","background-type":"","background-media":"","overlay-type":"","overlay-color":"","overlay-opacity":"","overlay-gradient":""},"mobile":{"background-color":"var(--ast-global-color-5)","background-image":"","background-repeat":"repeat","background-position":"center center","background-size":"auto","background-attachment":"scroll","background-type":"","background-media":"","overlay-type":"","overlay-color":"","overlay-opacity":"","overlay-gradient":""}},"footnotes":""},"class_list":["post-873","page","type-page","status-publish","has-post-thumbnail","hentry"],"acf":[],"aioseo_notices":[],"_links":{"self":[{"href":"https:\/\/www.omcd.it\/hardymetalurgica\/wp-json\/wp\/v2\/pages\/873","targetHints":{"allow":["GET"]}}],"collection":[{"href":"https:\/\/www.omcd.it\/hardymetalurgica\/wp-json\/wp\/v2\/pages"}],"about":[{"href":"https:\/\/www.omcd.it\/hardymetalurgica\/wp-json\/wp\/v2\/types\/page"}],"author":[{"embeddable":true,"href":"https:\/\/www.omcd.it\/hardymetalurgica\/wp-json\/wp\/v2\/users\/2"}],"replies":[{"embeddable":true,"href":"https:\/\/www.omcd.it\/hardymetalurgica\/wp-json\/wp\/v2\/comments?post=873"}],"version-history":[{"count":5,"href":"https:\/\/www.omcd.it\/hardymetalurgica\/wp-json\/wp\/v2\/pages\/873\/revisions"}],"predecessor-version":[{"id":1260,"href":"https:\/\/www.omcd.it\/hardymetalurgica\/wp-json\/wp\/v2\/pages\/873\/revisions\/1260"}],"wp:featuredmedia":[{"embeddable":true,"href":"https:\/\/www.omcd.it\/hardymetalurgica\/wp-json\/wp\/v2\/media\/874"}],"wp:attachment":[{"href":"https:\/\/www.omcd.it\/hardymetalurgica\/wp-json\/wp\/v2\/media?parent=873"}],"curies":[{"name":"wp","href":"https:\/\/api.w.org\/{rel}","templated":true}]}}