{"id":4760,"date":"2017-11-30T12:56:10","date_gmt":"2017-11-30T11:56:10","guid":{"rendered":"https:\/\/www.omcd.it\/marchi-di-gruppo\/"},"modified":"2023-01-12T16:21:53","modified_gmt":"2023-01-12T15:21:53","slug":"brands-der-gruppe","status":"publish","type":"page","link":"https:\/\/www.omcd.it\/de\/brands-der-gruppe\/","title":{"rendered":"Brands der Gruppe"},"content":{"rendered":"<p>Die OMCD-Gruppe ist ein dichtes Netzwerk an Kompetenz und operativer Erfahrung verschiedener Unternehmen, die sich in einzigartiger Weise auf die vielf\u00e4ltigen Anwendungen von Hartmetallen spezialisiert haben. Durch die Einbeziehung des spezifischen Know-hows und der besonderen Eigenheiten jedes einzelnen zur Gruppe geh\u00f6renden Unternehmens sind wir in der Lage, die besten auf dem Markt verf\u00fcgbaren technischen und technologischen L\u00f6sungen anzubieten.<\/p>\n","protected":false},"excerpt":{"rendered":"<p>Die OMCD-Gruppe ist ein dichtes Netzwerk an Kompetenz und operativer Erfahrung verschiedener Unternehmen, die sich [&hellip;]<\/p>\n","protected":false},"author":1,"featured_media":3856,"parent":0,"menu_order":0,"comment_status":"closed","ping_status":"closed","template":"page-brand_website.php","meta":{"_acf_changed":false,"footnotes":""},"class_list":["post-4760","page","type-page","status-publish","has-post-thumbnail","hentry"],"acf":[],"aioseo_notices":[],"_links":{"self":[{"href":"https:\/\/www.omcd.it\/de\/wp-json\/wp\/v2\/pages\/4760","targetHints":{"allow":["GET"]}}],"collection":[{"href":"https:\/\/www.omcd.it\/de\/wp-json\/wp\/v2\/pages"}],"about":[{"href":"https:\/\/www.omcd.it\/de\/wp-json\/wp\/v2\/types\/page"}],"author":[{"embeddable":true,"href":"https:\/\/www.omcd.it\/de\/wp-json\/wp\/v2\/users\/1"}],"replies":[{"embeddable":true,"href":"https:\/\/www.omcd.it\/de\/wp-json\/wp\/v2\/comments?post=4760"}],"version-history":[{"count":1,"href":"https:\/\/www.omcd.it\/de\/wp-json\/wp\/v2\/pages\/4760\/revisions"}],"predecessor-version":[{"id":4761,"href":"https:\/\/www.omcd.it\/de\/wp-json\/wp\/v2\/pages\/4760\/revisions\/4761"}],"wp:featuredmedia":[{"embeddable":true,"href":"https:\/\/www.omcd.it\/de\/wp-json\/wp\/v2\/media\/3856"}],"wp:attachment":[{"href":"https:\/\/www.omcd.it\/de\/wp-json\/wp\/v2\/media?parent=4760"}],"curies":[{"name":"wp","href":"https:\/\/api.w.org\/{rel}","templated":true}]}}