{"id":4755,"date":"2017-12-06T10:31:04","date_gmt":"2017-12-06T09:31:04","guid":{"rendered":"https:\/\/www.omcd.it\/mappa-strategica\/"},"modified":"2023-01-12T16:16:26","modified_gmt":"2023-01-12T15:16:26","slug":"unsere-mission","status":"publish","type":"page","link":"https:\/\/www.omcd.it\/de\/unsere-mission\/","title":{"rendered":"Unsere Mission"},"content":{"rendered":"<div class=\"uk-grid\">\n<div class=\"uk-width-1-2@s uk-text-center\" data-aos=\"fade-right\" data-aos-duration=\"600\">\n<img loading=\"lazy\" decoding=\"async\" src=\"https:\/\/www.omcd.it\/wp-content\/uploads\/2018\/04\/vision-omcd.png\" alt=\"Vision OMCD\" width=\"200\" height=\"192\" class=\"alignnone size-full wp-image-962\" srcset=\"https:\/\/www.omcd.it\/wp-content\/uploads\/2018\/04\/vision-omcd.png 200w, https:\/\/www.omcd.it\/wp-content\/uploads\/2018\/04\/vision-omcd-300x288.png 300w\" sizes=\"auto, (max-width: 200px) 100vw, 200px\" \/><\/p>\n<h2>Unsere Vision<\/h2>\n<p>Wir wollen Ihre erste Wahl bei der Entscheidung f\u00fcr einen Probleml\u00f6ser im Bereich Sinterhartmetalle sein &#8211; nach dem Motto: &#8222;Die einzige Grenze bei der Umsetzung einer Aufgabenstellung ist die Vorstellungskraft des Konstrukteurs&#8220;<\/p>\n<div class=\"uk-width-1-2@s\" style=\"margin: 0 auto;\">\n<em>&#8222;Aus einem Land der Hufschmiede und Holzf\u00e4ller wird ein Land der Spitzentechniker.&#8220;<\/em><\/p>\n<p>(Silvio Tedeschi, 1948)\n<\/p><\/div>\n<\/div>\n<div class=\"uk-width-1-2@s uk-text-center\" data-aos=\"fade-left\" data-aos-duration=\"600\">\n<img loading=\"lazy\" decoding=\"async\" src=\"https:\/\/www.omcd.it\/wp-content\/uploads\/2018\/04\/distinctive-elements-omcd.png\" alt=\"Distinctive elements OMCD\" width=\"200\" height=\"216\" class=\"alignnone size-full wp-image-956\" srcset=\"https:\/\/www.omcd.it\/wp-content\/uploads\/2018\/04\/distinctive-elements-omcd.png 200w, https:\/\/www.omcd.it\/wp-content\/uploads\/2018\/04\/distinctive-elements-omcd-278x300.png 278w\" sizes=\"auto, (max-width: 200px) 100vw, 200px\" \/><\/p>\n<h2>Was uns auszeichnet<\/h2>\n<p>&#8211; Enge und partnerschaftliche Kundenbeziehung<br \/>\n&#8211; Modernes metallurgisches Labor<br \/>\n&#8211; Personalisierte Beratung und Ausarbeitung kundenspezifischer L\u00f6sungen<br \/>\n&#8211; Kundenorientiertes Verhalten und kurze Reaktionszeiten<br \/>\n&#8211; Direkter Kontakt zum Ansprechpartner<br \/>\n&#8211; Flexible Fertigung\n<\/p><\/div>\n<\/div>\n<p><!-- uk grid--><\/p>\n<div class=\"uk-grid\">\n<div class=\"uk-width-1-2@s uk-text-center\" data-aos=\"fade-left\" data-aos-duration=\"600\">\n<img loading=\"lazy\" decoding=\"async\" src=\"https:\/\/www.omcd.it\/wp-content\/uploads\/2018\/04\/values-omcd.png\" alt=\"Values OMCD\" width=\"200\" height=\"184\" class=\"alignnone size-full wp-image-960\" srcset=\"https:\/\/www.omcd.it\/wp-content\/uploads\/2018\/04\/values-omcd.png 200w, https:\/\/www.omcd.it\/wp-content\/uploads\/2018\/04\/values-omcd-300x276.png 300w\" sizes=\"auto, (max-width: 200px) 100vw, 200px\" \/><\/p>\n<h2>Unsere Werte<\/h2>\n<p>&#8211; Wir pflegen das &#8222;Wir-Gef\u00fchl&#8220;<br \/>\n&#8211; Entschlossenheit<br \/>\n&#8211; Fairness<br \/>\n&#8211; Gegenseitiger Respekt<br \/>\n&#8211; Leidenschaft\n<\/p><\/div>\n<div class=\"uk-width-1-2@s uk-text-center\" data-aos=\"fade-right\" data-aos-duration=\"600\">\n<img loading=\"lazy\" decoding=\"async\" src=\"https:\/\/www.omcd.it\/wp-content\/uploads\/2018\/04\/mission-omcd.png\" alt=\"Mission OMCD\" width=\"200\" height=\"203\" class=\"alignnone size-full wp-image-971\" srcset=\"https:\/\/www.omcd.it\/wp-content\/uploads\/2018\/04\/mission-omcd.png 200w, https:\/\/www.omcd.it\/wp-content\/uploads\/2018\/04\/mission-omcd-295x300.png 295w, https:\/\/www.omcd.it\/wp-content\/uploads\/2018\/04\/mission-omcd-70x70.png 70w\" sizes=\"auto, (max-width: 200px) 100vw, 200px\" \/><\/p>\n<h2>Unsere Mission<\/h2>\n<p>Wir bieten Ihnen bei jeder Kaufentscheidung f\u00fcr Produkte aus dem Bereich Verschleissschutz und Halbzeuge eine optimale, leistungsf\u00e4hige und \u00f6konomische L\u00f6sung.<\/p>\n<p>Kundenn\u00e4he und das Pflegen eines partnerschaftlichen Dialogs stehen im Fokus unseres Handelns. Unser Ziel ist es, gemeinsam immer wieder neue, innovative Konzepte und pulvermetallurgische Produkte zu entwickeln sowie massgeschneiderte, kundenspezifische L\u00f6sungen zu erarbeiten.\n<\/p><\/div>\n<\/div>\n<p><!-- row-content uk-grid--><\/p>\n","protected":false},"excerpt":{"rendered":"<p>Unsere Vision Wir wollen Ihre erste Wahl bei der Entscheidung f\u00fcr einen Probleml\u00f6ser im Bereich [&hellip;]<\/p>\n","protected":false},"author":1,"featured_media":3918,"parent":0,"menu_order":0,"comment_status":"closed","ping_status":"closed","template":"","meta":{"_acf_changed":false,"footnotes":""},"class_list":["post-4755","page","type-page","status-publish","has-post-thumbnail","hentry"],"acf":[],"aioseo_notices":[],"_links":{"self":[{"href":"https:\/\/www.omcd.it\/de\/wp-json\/wp\/v2\/pages\/4755","targetHints":{"allow":["GET"]}}],"collection":[{"href":"https:\/\/www.omcd.it\/de\/wp-json\/wp\/v2\/pages"}],"about":[{"href":"https:\/\/www.omcd.it\/de\/wp-json\/wp\/v2\/types\/page"}],"author":[{"embeddable":true,"href":"https:\/\/www.omcd.it\/de\/wp-json\/wp\/v2\/users\/1"}],"replies":[{"embeddable":true,"href":"https:\/\/www.omcd.it\/de\/wp-json\/wp\/v2\/comments?post=4755"}],"version-history":[{"count":3,"href":"https:\/\/www.omcd.it\/de\/wp-json\/wp\/v2\/pages\/4755\/revisions"}],"predecessor-version":[{"id":4758,"href":"https:\/\/www.omcd.it\/de\/wp-json\/wp\/v2\/pages\/4755\/revisions\/4758"}],"wp:featuredmedia":[{"embeddable":true,"href":"https:\/\/www.omcd.it\/de\/wp-json\/wp\/v2\/media\/3918"}],"wp:attachment":[{"href":"https:\/\/www.omcd.it\/de\/wp-json\/wp\/v2\/media?parent=4755"}],"curies":[{"name":"wp","href":"https:\/\/api.w.org\/{rel}","templated":true}]}}