{"id":4735,"date":"2019-06-03T08:48:00","date_gmt":"2019-06-03T06:48:00","guid":{"rendered":"https:\/\/www.omcd.it\/green-economy\/"},"modified":"2023-06-30T10:04:37","modified_gmt":"2023-06-30T08:04:37","slug":"oekologie-und-oekonomie-im-einklang","status":"publish","type":"page","link":"https:\/\/www.omcd.it\/de\/oekologie-und-oekonomie-im-einklang\/","title":{"rendered":"\u00d6kologie und \u00d6konomie im Einklang"},"content":{"rendered":"<div class=\"uk-grid\">\n<div class=\"uk-width-1-2@m\" data-aos=\"slide-right\" data-aos-duration=\"600\">\n<p><span class=\"big-letter\">I<\/span>Bei OMCD ist umweltbewusstes Denken und Handeln fester Bestandteil der Firmenphilosphie. Diese gelebte &#8222;green economy&#8220; zielt darauf ab, Umweltbelastungen m\u00f6glichst gering zu halten. Wir setzen nachhaltige Umweltmassnahmen &#8211;  von der Entwicklung, \u00fcber den gesamten Herstellungsprozess, bis zur Anwendung. <\/p>\n<ul>\n<li>Die Einhaltung der geltenden Umweltvorschriften ist f\u00fcr uns dabei eine Selbstverst\u00e4ndlichkeit.<\/li>\n<li>Sorgf\u00e4ltige Auswahl unserer Lieferanten nach Umweltgesichtspunkten<\/li>\n<li>Laufendes Monitoring des Energieverbrauchs<\/li>\n<li>Regelm\u00e4\u00dfige Verbesserungen der Energieeffizienz und Ma\u00dfnahmen zum bewussten Umgang mit Ressourcen.<\/li>\n<li>Sensibilisierung und laufende Schulung unserer Mitarbeiter f\u00fcr Umweltfragen, F\u00f6rderung einer umweltbewussten und nachhaltigen Denkweise.<\/li>\n<li>Reduzierung  von Kunststoffverpackungen zugunsten von umweltfreundlicheren Alternativen.<\/li>\n<\/ul>\n<\/div>\n<div class=\"uk-width-1-2@m\" data-aos=\"slide-left\" data-aos-duration=\"600\"><img loading=\"lazy\" decoding=\"async\" class=\"size-full aligncenter center wp-image-229\" src=\"https:\/\/www.omcd.it\/wp-content\/uploads\/first_economy.png\" alt=\"Green Economy\" width=\"415\" height=\"400\" \/><\/div>\n<div class=\"uk-margin-large uk-flex uk-flex-bottom uk-grid\">\n<div class=\"uk-width-1-2@m\" data-aos=\"slide-right\" data-aos-duration=\"600\">\n<p><iframe loading=\"lazy\" style=\"padding-right: 30px;\" src=\"https:\/\/www.youtube.com\/embed\/lpAAphbPmEA\" width=\"500\" height=\"350\" frameborder=\"0\" allowfullscreen=\"allowfullscreen\"><\/iframe><\/p>\n<map name=\"image-map\"> <\/map>\n<\/div>\n<div class=\"uk-width-1-2@m\" data-aos=\"slide-left\" data-aos-duration=\"600\">\n<ul>\n<li>M\u00fclltrennung sowie Entsorgung von Industrieabf\u00e4llen unter Einhaltung der geltenden Vorschriften.<\/li>\n<li>Messung der L\u00e4rmemission zum Schutz der Anrainer in \u00dcbereinstimmung mit den kommunalen L\u00e4rmschutzbestimmungen.<\/li>\n<li>Regelm\u00e4ssige \u00dcberpr\u00fcfung durch zugelassene Institutionen in den Bereichen Abw\u00e4sser und Luftemissionen sowie in Bezug auf die Einhaltung der geltenden Sauberkeits- und Hygienestandards am Arbeitsplatz.<\/li>\n<li><strong>RECYCLING von HARTMETALLABF\u00c4LLEN<\/strong> aus dem Herstellungsprozess und von Werkzeugen am Ende ihres Lebenszyklus. <strong>WIEDERAUFBEREITUNG<\/strong> in einer umweltfreundlichen High-Tech Anlage und industrielle <strong>WIEDERVERWENDUNG<\/strong> in einem neuen Produktionszyklus.<\/li>\n<li style=\"list-style-type: none; margin-left: -20px; margin-top: 10px;\"><img decoding=\"async\" class=\"alignleft\" style=\"margin-right: 0; float: left!important;\" src=\"https:\/\/www.omcd.it\/wp-content\/uploads\/icon_pdf.png\" \/> <strong style=\"color: #444;\">DOWNLOAD BROSCH\u00dcRE<\/strong><br \/>\n<a href=\"https:\/\/www.omcd.it\/wp-content\/uploads\/Weblow_Dep_RigenerazioneRottami_OMCD_ITA_Mar2022.pdf\" target=\"_blank\" rel=\"noopener noreferrer\">&#8222;ECONOMIA CIRCOLARE &#8211; RIGENERAZIONE DEL METALLO DURO&#8220;<\/a><\/li>\n<\/ul>\n<\/div>\n<\/div>\n<\/div>\n<div class=\"cta-blog uk-clearfix\">\n<div class=\"icona\"><span class=\"uk-icon\"><img decoding=\"async\" src=\"https:\/\/www.omcd.it\/wp-content\/uploads\/recycle-1.jpg\" \/><\/span><\/div>\n<div class=\"contenuto\">\n<h3 style=\"color: white;\"><strong>Haben Sie Hartmetallabf\u00e4lle zum Entsorgen?<\/strong><\/h3>\n<p><strong>Wir k\u00fcmmern uns darum!?<\/strong><\/p>\n<p><a href=\"#prenota\"><button class=\"green_cta\" type=\"button\">Buchen Sie eine Abholung<\/button><\/a><\/p>\n<\/div>\n<\/div>\n<div class=\"uk-margin-large uk-grid\">\n<div class=\"uk-width-1-1\" data-aos=\"slide-right\" data-aos-duration=\"600\">\n<p><span class=\"big-letter\">I<\/span><strong>Warum es Sinn macht Hartmetalle zu recyceln<\/strong><\/p>\n<\/div>\n<div class=\"uk-width-1-2@m\" style=\"padding-bottom:10px;\">\n<h5>1. Weil <strong>es die Umwelt schont<\/strong><\/h5>\n<p style=\"font-size: 14px;\">Die wiedergewonnenen Rohstoffe setzen wir  f\u00fcr einen neuen Produktionszyklus ein.  Dadurch werden wertvolle Ressourcen geschont.<br \/>\nIm Gegensatz zu herk\u00f6mmlichen Wiederaufbereitungsanlagen, in denen chemische Substanzen und sch\u00e4dliche Giftstoffe zum Einsatz kommen, basiert das Wiederaufbereitungsverfahren bei OMCD auf Carbothermik. Diese Technologie ist deutlich umweltschonender als viele andere angewandte Methoden.<br \/>\nZudem beziehen wir mehr als 40 Prozent des hierf\u00fcr ben\u00f6tigten elektrischen Stroms aus <strong>erneuerbaren Energien<\/strong>.<\/p>\n<\/div>\n<div class=\"uk-width-1-2@m\">\n<h5>2. Weil <strong>auch SIE davon profitieren<\/strong><\/h5>\n<p style=\"font-size: 14px;\">In der Regel muss der kostenintensive Transport und die Entsorgung von Hartmetallabf\u00e4llen von externen und  autorisierten Unternehmen durchgef\u00fchrt werden. Wir nehmen Ihnen diese Last ab: Wir k\u00fcmmern uns um die kostenfreie Abholung und bieten Ihnen so einen klaren wirtschaftlichen Vorteil.<br \/>\nDiese &#8222;eco friendly&#8220; Kultur findet am Markt zunehmend Beachtung und Anerkennung. Fortschrittliche Ans\u00e4tze hinsichtlich Umweltschutz und Nachhaltigkeit werden in allen Bereichen unserer Gesellschaft gesch\u00e4tzt und honoriert.<\/p>\n<\/div>\n<div class=\"uk-width-1-2@m\">\n<h5>3. Weil <strong>SIE uns helfen, unsere Lieferf\u00e4higkeit sicherzustellen<\/strong><\/h5>\n<p style=\"font-size: 14px;\">Dank Ihrer Hartmetallabf\u00e4lle kann OMCD seine Unabh\u00e4ngigkeit bei der Beschaffung von Rohstoffen aufrecht erhalten. Somit reduzieren wir unseren Bedarf an Virgin Material und wir bleiben hinsichtlich unserer Produktionspolitik weniger abh\u00e4ngig von marktbeherrschenden Tendenzen in der Branche.<\/p>\n<\/div>\n<div class=\"uk-width-1-2@m\">\n<h5>4. Weil <strong>das wiederaufbereitete Pulver von ausgezeichneter Qualit\u00e4t ist<\/strong><\/h5>\n<p style=\"font-size: 14px;\">Bereits im Jahr 2003 nahm das physikalisch-metallurgische Labor der OMCD seine erste Pilotanlage f\u00fcr die Wiederaufbereitung von Hartmetallabf\u00e4llen in Betrieb. Dabei waren die erzielten Ergebnisse in Bezug auf die Qualit\u00e4t so erfreulich, dass wir den Entschluss fassten, die Wiederaufbereitung von Hartmetallabf\u00e4llen selber in die Hand zu nehmen und grossz\u00fcgig in diesen zukunftstr\u00e4chtigen Bereich zu investieren.<\/p>\n<\/div>\n<div class=\"uk-width-1-1\" style=\"margin-left: 40px; border-top: 1px solid #ccc; border-bottom: 1px solid #ccc; padding-top: 35px; padding-bottom: 35px; margin-top: 20px;\">\n<p><img decoding=\"async\" class=\"alignleft\" src=\"https:\/\/www.omcd.it\/wp-content\/uploads\/ISO-9001-ISO-14001_v2.jpg\" \/><\/p>\n<p style=\"margin: 0; padding: 0;\"><strong style=\"margin-bottom: 5px; margin-top: -25px; display: block;\">Seit 2012 ist FILMS nach UNI EN ISO 14001:2015 f\u00fcr sein Umweltmanagementsystem zertifiziert.<\/strong><\/p>\n<p style=\"margin: 0; padding: 0;\">Mehr zum Thema<\/p>\n<ul style=\"list-style-position: inside;\">\n<li><a title=\"Zertifikat ISO-14001\" href=\"https:\/\/www.omcd.it\/wp-content\/uploads\/14001_2024_iqnet_14001_FILMS.pdf\" target=\"_blank\" rel=\"noopener noreferrer\">Zertifikat ISO-14001<\/a><\/li>\n<li><a title=\"Umweltpolitische Ma\u00dfnahmen\" href=\"https:\/\/www.omcd.it\/wp-content\/uploads\/FILMS_Environmental_Policy_ENG_04.2022.pdf\" target=\"_blank\" rel=\"noopener noreferrer\">Umweltpolitische Ma\u00dfnahmen<\/a><\/li>\n<\/ul>\n<ul>\n<li>\nGenehmigungen Wiederaufbereitungsanlagen<br \/>\n(schreiben Sie an <a href=\"mailto:w.tedeschi@ufficia.it?subject=richiesta password per file Autorizzazioni Impianti di recupero rifiuti\" title=\"w.tedeschi@ufficia.it\" target=\"_blank\" rel=\"noopener\">w.tedeschi@ufficia.it<\/a> und Sie erhalten das Passwort zum \u00d6ffnen der Datei).<br \/>\n<div class=\"sdm_download_button_box_default\"><div class=\"sdm_download_link\"><span class=\"sdm_enter_password_label_text\">Passwort zum Herunterladen eingeben:<\/span><form action=\"https:\/\/www.omcd.it\/de\/\/?sdm_process_download=1&download_id=4741\" method=\"post\" id=\"sdm-pass-69e538139c1fd\" class=\"sdm-download-form\"><input type=\"password\" name=\"pass_text\" class=\"sdm_pass_text\" value=\"\" \/> <span class=\"sdm-download-button\"><a href=\"#\" name=\"sdm_dl_pass_submit\" class=\"pass_sumbit sdm_pass_protected_download sdm_download_with_condition sdm_download green\">Jetzt herunterladen!<\/a><\/span><input type=\"hidden\" name=\"download_id\" value=\"4741\" \/><\/form><\/div><\/div>\n<\/li>\n<\/ul>\n<\/div>\n<\/div>\n\n<div class=\"wpcf7 no-js\" id=\"wpcf7-f4708-o1\" lang=\"en-US\" dir=\"ltr\" data-wpcf7-id=\"4708\">\n<div class=\"screen-reader-response\"><p role=\"status\" aria-live=\"polite\" aria-atomic=\"true\"><\/p> <ul><\/ul><\/div>\n<form action=\"\/de\/wp-json\/wp\/v2\/pages\/4735#wpcf7-f4708-o1\" method=\"post\" class=\"wpcf7-form init wpcf7-acceptance-as-validation\" aria-label=\"Contact form\" novalidate=\"novalidate\" data-status=\"init\">\n<fieldset class=\"hidden-fields-container\"><input type=\"hidden\" name=\"_wpcf7\" value=\"4708\" \/><input type=\"hidden\" name=\"_wpcf7_version\" value=\"6.1.5\" \/><input type=\"hidden\" name=\"_wpcf7_locale\" value=\"en_US\" \/><input type=\"hidden\" name=\"_wpcf7_unit_tag\" value=\"wpcf7-f4708-o1\" \/><input type=\"hidden\" name=\"_wpcf7_container_post\" value=\"0\" \/><input type=\"hidden\" name=\"_wpcf7_posted_data_hash\" value=\"\" \/><input type=\"hidden\" name=\"_wpcf7dtx_version\" value=\"5.0.5\" \/><input type=\"hidden\" name=\"_wpcf7_recaptcha_response\" value=\"\" \/>\n<\/fieldset>\n<div id=\"prenota\">\n\t<div class=\"heading\">\n\t\t<p><img decoding=\"async\" class=\"aligncenter\" src=\"https:\/\/www.omcd.it\/wp-content\/uploads\/form_image.jpg\" \/>\n\t\t<\/p>\n\t\t<h4 style=\"text-align:center\"><strong>M\u00f6chten Sie eine Abholung buchen oder ben\u00f6tigen Sie weitere Informationen?<\/strong>\n\t\t<\/h4>\n\t\t<p style=\"text-align:center\">F\u00fcllen Sie dieses Formular aus und unser daf\u00fcr zust\u00e4ndiger Ansprechpartner wird sich so schnell wie m\u00f6glich mit Ihnen in Verbindung setzen\n\t\t<\/p>\n\t<\/div>\n\t<div data-aos=\"zoom-in-up\" data-aos-duration=\"600\" class=\"uk-grid\">\n\t\t<div class=\"form-field uk-width-1-3@m uk-width-1-2@s\">\n\t\t\t<p><label> Vorname <\/label><span class=\"wpcf7-form-control-wrap\" data-name=\"your-name\"><input size=\"40\" maxlength=\"400\" class=\"wpcf7-form-control wpcf7-text\" aria-invalid=\"false\" value=\"\" type=\"text\" name=\"your-name\" \/><\/span>\n\t\t\t<\/p>\n\t\t<\/div>\n\t\t<div class=\"form-field uk-width-1-3@m uk-width-1-2@s\">\n\t\t\t<p><label> Familienname <\/label><span class=\"wpcf7-form-control-wrap\" data-name=\"lastname\"><input size=\"40\" maxlength=\"400\" class=\"wpcf7-form-control wpcf7-text\" aria-invalid=\"false\" value=\"\" type=\"text\" name=\"lastname\" \/><\/span>\n\t\t\t<\/p>\n\t\t<\/div>\n\t\t<div class=\"form-field uk-width-1-3@m uk-width-1-2@s\">\n\t\t\t<p><label> Firma<\/label><span class=\"wpcf7-form-control-wrap\" data-name=\"azienda\"><input size=\"40\" maxlength=\"400\" class=\"wpcf7-form-control wpcf7-text\" aria-invalid=\"false\" value=\"\" type=\"text\" name=\"azienda\" \/><\/span>\n\t\t\t<\/p>\n\t\t<\/div>\n\t\t<div class=\"form-field uk-width-1-3@m uk-width-1-2@s\">\n\t\t\t<p><label> Strasse\/Hausnummer <\/label><span class=\"wpcf7-form-control-wrap\" data-name=\"address\"><input size=\"40\" maxlength=\"400\" class=\"wpcf7-form-control wpcf7-text\" aria-invalid=\"false\" value=\"\" type=\"text\" name=\"address\" \/><\/span>\n\t\t\t<\/p>\n\t\t<\/div>\n\t\t<div class=\"form-field uk-width-1-3@m uk-width-1-2@s\">\n\t\t\t<p><label> Ort <\/label><span class=\"wpcf7-form-control-wrap\" data-name=\"city\"><input size=\"40\" maxlength=\"400\" class=\"wpcf7-form-control wpcf7-text\" aria-invalid=\"false\" value=\"\" type=\"text\" name=\"city\" \/><\/span>\n\t\t\t<\/p>\n\t\t<\/div>\n\t\t<div class=\"form-field uk-width-1-3@m uk-width-1-2@s\">\n\t\t\t<p><label> PLZ <\/label><span class=\"wpcf7-form-control-wrap\" data-name=\"zip\"><input class=\"wpcf7-form-control wpcf7-number wpcf7-validates-as-number\" aria-invalid=\"false\" value=\"\" type=\"number\" name=\"zip\" \/><\/span>\n\t\t\t<\/p>\n\t\t<\/div>\n\t\t<div class=\"form-field uk-width-1-3@m uk-width-1-2@s\">\n\t\t\t<p><label> Provinz <\/label><span class=\"wpcf7-form-control-wrap\" data-name=\"province\"><input size=\"40\" maxlength=\"400\" class=\"wpcf7-form-control wpcf7-text\" aria-invalid=\"false\" value=\"\" type=\"text\" name=\"province\" \/><\/span>\n\t\t\t<\/p>\n\t\t<\/div>\n\t\t<div class=\"form-field uk-width-1-3@m uk-width-1-2@s\">\n\t\t\t<p><label> Telefonnummer *<\/label><span class=\"wpcf7-form-control-wrap\" data-name=\"cell\"><input size=\"40\" maxlength=\"400\" class=\"wpcf7-form-control wpcf7-tel wpcf7-validates-as-required wpcf7-text wpcf7-validates-as-tel\" aria-required=\"true\" aria-invalid=\"false\" value=\"\" type=\"tel\" name=\"cell\" \/><\/span>\n\t\t\t<\/p>\n\t\t<\/div>\n\t\t<div class=\"form-field uk-width-1-3@m uk-width-1-2@s\">\n\t\t\t<p><label> E-mail * <\/label><span class=\"wpcf7-form-control-wrap\" data-name=\"email\"><input size=\"40\" maxlength=\"400\" class=\"wpcf7-form-control wpcf7-email wpcf7-validates-as-required wpcf7-text wpcf7-validates-as-email\" aria-required=\"true\" aria-invalid=\"false\" value=\"\" type=\"email\" name=\"email\" \/><\/span>\n\t\t\t<\/p>\n\t\t<\/div>\n\t\t<div class=\"form-field uk-width-1-1\">\n\t\t\t<p><label> Nachricht * <span class=\"wpcf7-form-control-wrap\" data-name=\"message\"><textarea cols=\"40\" rows=\"10\" maxlength=\"2000\" class=\"wpcf7-form-control wpcf7-textarea wpcf7-validates-as-required\" aria-required=\"true\" aria-invalid=\"false\" name=\"message\"><\/textarea><\/span> <\/label>\n\t\t\t<\/p>\n\t\t<\/div>\n\t\t<div class=\"uk-width-1-1\">\n\t\t\t<p><span class=\"wpcf7-form-control-wrap\" data-name=\"privacy\"><span class=\"wpcf7-form-control wpcf7-acceptance\"><span class=\"wpcf7-list-item\"><input type=\"checkbox\" name=\"privacy\" value=\"1\" aria-invalid=\"false\" \/><\/span><\/span><\/span><span for=\"privacy\">Ich habe die gesamte <a href=\"https:\/\/www.omcd.it\/privacy-policy\" title=\"Privacy Policy\">Datenschutzrichtlinie<\/a> gelesen und stimme der Verarbeitung meiner Daten f\u00fcr die Zwecke der Bearbeitung dieser Anfrage zu.<\/span>\n\t\t\t<\/p>\n\t\t<\/div>\n\t\t<div class=\"uk-width-1-1\">\n\t\t\t<p>Diese Website ist durch reCAPTCHA gesch\u00fctzt. Es gelten die <a href=\"https:\/\/policies.google.com\/privacy\">Datenschutzbestimmungen<\/a> und <a href=\"https:\/\/policies.google.com\/terms\">Nutzungsbedingungen<\/a> von Google.\n\t\t\t<\/p>\n\t\t<\/div>\n\t\t<div class=\"uk-width-1-1@m uk-width-1-1@s uk-flex uk-flex-left\">\n\t\t\t<p><span id=\"wpcf7-69e538139ec63-wrapper\" class=\"wpcf7-form-control-wrap spazzatura-wrap\" style=\"display:none !important; visibility:hidden !important;\"><label for=\"wpcf7-69e538139ec63-field\" class=\"hp-message\">Please leave this field empty.<\/label><input id=\"wpcf7-69e538139ec63-field\"  class=\"wpcf7-form-control wpcf7-text\" type=\"text\" name=\"spazzatura\" value=\"\" size=\"40\" tabindex=\"-1\" autocomplete=\"new-password\" \/><\/span>\n\t\t\t<\/p>\n\t\t\t<p><input class=\"wpcf7-form-control wpcf7-submit has-spinner\" type=\"submit\" value=\"Buchen Sie eine Abholung\" \/>\n\t\t\t<\/p>\n\t\t<\/div>\n\t<\/div>\n<\/div><input type='hidden' class='wpcf7-pum' value='{\"closepopup\":false,\"closedelay\":0,\"openpopup\":false,\"openpopup_id\":0}' \/><div class=\"wpcf7-response-output\" aria-hidden=\"true\"><\/div>\n<\/form>\n<\/div>\n\n","protected":false},"excerpt":{"rendered":"<p>IBei OMCD ist umweltbewusstes Denken und Handeln fester Bestandteil der Firmenphilosphie. Diese gelebte &#8222;green economy&#8220; [&hellip;]<\/p>\n","protected":false},"author":1,"featured_media":4362,"parent":0,"menu_order":0,"comment_status":"closed","ping_status":"closed","template":"page-green.php","meta":{"_acf_changed":false,"footnotes":""},"class_list":["post-4735","page","type-page","status-publish","has-post-thumbnail","hentry"],"acf":[],"aioseo_notices":[],"_links":{"self":[{"href":"https:\/\/www.omcd.it\/de\/wp-json\/wp\/v2\/pages\/4735","targetHints":{"allow":["GET"]}}],"collection":[{"href":"https:\/\/www.omcd.it\/de\/wp-json\/wp\/v2\/pages"}],"about":[{"href":"https:\/\/www.omcd.it\/de\/wp-json\/wp\/v2\/types\/page"}],"author":[{"embeddable":true,"href":"https:\/\/www.omcd.it\/de\/wp-json\/wp\/v2\/users\/1"}],"replies":[{"embeddable":true,"href":"https:\/\/www.omcd.it\/de\/wp-json\/wp\/v2\/comments?post=4735"}],"version-history":[{"count":13,"href":"https:\/\/www.omcd.it\/de\/wp-json\/wp\/v2\/pages\/4735\/revisions"}],"predecessor-version":[{"id":4918,"href":"https:\/\/www.omcd.it\/de\/wp-json\/wp\/v2\/pages\/4735\/revisions\/4918"}],"wp:featuredmedia":[{"embeddable":true,"href":"https:\/\/www.omcd.it\/de\/wp-json\/wp\/v2\/media\/4362"}],"wp:attachment":[{"href":"https:\/\/www.omcd.it\/de\/wp-json\/wp\/v2\/media?parent=4735"}],"curies":[{"name":"wp","href":"https:\/\/api.w.org\/{rel}","templated":true}]}}