{"id":4730,"date":"2017-12-06T09:24:18","date_gmt":"2017-12-06T08:24:18","guid":{"rendered":"https:\/\/www.omcd.it\/chi-siamo\/"},"modified":"2025-10-13T10:18:37","modified_gmt":"2025-10-13T08:18:37","slug":"wer-wir-sind","status":"publish","type":"page","link":"https:\/\/www.omcd.it\/de\/wer-wir-sind\/","title":{"rendered":"Wer wir sind"},"content":{"rendered":"<div class=\"uk-grid\">\n<div class=\"uk-width-1-2@m\" data-aos=\"slide-right\" data-aos-duration=\"600\">\n<p><span class=\"big-letter\">G<\/span>egr\u00fcndet 1948 hat die OMCD-Gruppe eine international anerkannte F\u00fchrungsposition aufgebaut \u2013 dank kontinuierlich weiterentwickelter Technologien und der Stabilit\u00e4t, die die Familie Tedeschi seit den Anf\u00e4ngen gew\u00e4hrleistet.<\/p>\n<p>Heute umfasst OMCD vier Unternehmen \u2013 <strong>Dimotek Eood, Hardy Metal\u00fargica Ltd, Scleros SpA und OMCD TEK HUB SpA<\/strong> sowie die Marken <strong>FILMS, Harditalia, Diamil, UGP, Celsia und HI.Lab<\/strong>. Diese Struktur erm\u00f6glicht es uns, <strong>den gesamten Produktionsprozess<\/strong> zu steuern, von der Rohstoffaufbereitung bis zur Mikro-Endbearbeitung, und gew\u00e4hrleistet direkte Kontrolle und kontinuierliche Pr\u00e4senz auf internationalen M\u00e4rkten.<\/p>\n<\/div>\n<div class=\"uk-width-1-2@m\" data-aos=\"slide-left\" data-aos-duration=\"600\">\n<p><img loading=\"lazy\" decoding=\"async\" src=\"https:\/\/www.omcd.it\/wp-content\/uploads\/Struttura-Organizzazione-OMCD.svg\" alt=\"Struttura Organizzazione OMCD\" width=\"505\" height=\"181\" class=\"alignnone size-full wp-image-6051\" \/><\/p>\n<\/div>\n<\/div>\n<div class=\"uk-margin-large uk-grid\">\n<div class=\"uk-width-1-2@m\" data-aos=\"slide-right\" data-aos-duration=\"600\">\n<img loading=\"lazy\" decoding=\"async\" src=\"https:\/\/www.omcd.it\/wp-content\/uploads\/Robot-e-Software-OMCD.jpg\" alt=\"Robot e Software OMCD\" width=\"535\" height=\"341\" class=\"alignnone size-full wp-image-6040\" srcset=\"https:\/\/www.omcd.it\/wp-content\/uploads\/Robot-e-Software-OMCD.jpg 535w, https:\/\/www.omcd.it\/wp-content\/uploads\/Robot-e-Software-OMCD-300x191.jpg 300w\" sizes=\"auto, (max-width: 535px) 100vw, 535px\" \/>\n<\/div>\n<div class=\"uk-width-1-2@m uk-flex uk-flex-middle\" data-aos=\"slide-left\" data-aos-duration=\"600\">\n<div>\nUnsere St\u00e4rke liegt in unserem <strong>tiefen Wissen \u00fcber Materialien und Wolfram-Sinterprozesse<\/strong>, das es uns erm\u00f6glicht, leistungsstarke Produkte zu liefern, die den tats\u00e4chlichen Anforderungen unserer Kunden entsprechen.<\/p>\n<p>T\u00e4glich arbeiten wir eng mit unseren Partnern zusammen, um <strong>praktische und funktionale L\u00f6sungen<\/strong> zu entwickeln und selbst die komplexesten Herausforderungen in reale Chancen zu verwandeln. Wir bauen Beziehungen auf, die auf <strong>Vertrauen, Kontinuit\u00e4t und gegenseitiger Aufmerksamkeit<\/strong> basieren, mit dem Ziel, jedem Kunden Sicherheit, Stabilit\u00e4t und Wert f\u00fcr sein Gesch\u00e4ft zu bieten.\n<\/div>\n<\/div>\n<\/div>\n","protected":false},"excerpt":{"rendered":"<p>Gegr\u00fcndet 1948 hat die OMCD-Gruppe eine international anerkannte F\u00fchrungsposition aufgebaut \u2013 dank kontinuierlich weiterentwickelter Technologien [&hellip;]<\/p>\n","protected":false},"author":1,"featured_media":3915,"parent":0,"menu_order":0,"comment_status":"closed","ping_status":"closed","template":"","meta":{"_acf_changed":false,"footnotes":""},"class_list":["post-4730","page","type-page","status-publish","has-post-thumbnail","hentry"],"acf":[],"aioseo_notices":[],"_links":{"self":[{"href":"https:\/\/www.omcd.it\/de\/wp-json\/wp\/v2\/pages\/4730","targetHints":{"allow":["GET"]}}],"collection":[{"href":"https:\/\/www.omcd.it\/de\/wp-json\/wp\/v2\/pages"}],"about":[{"href":"https:\/\/www.omcd.it\/de\/wp-json\/wp\/v2\/types\/page"}],"author":[{"embeddable":true,"href":"https:\/\/www.omcd.it\/de\/wp-json\/wp\/v2\/users\/1"}],"replies":[{"embeddable":true,"href":"https:\/\/www.omcd.it\/de\/wp-json\/wp\/v2\/comments?post=4730"}],"version-history":[{"count":9,"href":"https:\/\/www.omcd.it\/de\/wp-json\/wp\/v2\/pages\/4730\/revisions"}],"predecessor-version":[{"id":6056,"href":"https:\/\/www.omcd.it\/de\/wp-json\/wp\/v2\/pages\/4730\/revisions\/6056"}],"wp:featuredmedia":[{"embeddable":true,"href":"https:\/\/www.omcd.it\/de\/wp-json\/wp\/v2\/media\/3915"}],"wp:attachment":[{"href":"https:\/\/www.omcd.it\/de\/wp-json\/wp\/v2\/media?parent=4730"}],"curies":[{"name":"wp","href":"https:\/\/api.w.org\/{rel}","templated":true}]}}